{"id":353240,"date":"2025-02-21T14:16:32","date_gmt":"2025-02-21T14:16:32","guid":{"rendered":"https:\/\/ch.thelongevitykitchen.com\/shop\/non%20class\u00e9\/menu-sirt-2-7-full\/"},"modified":"2025-02-21T14:16:32","modified_gmt":"2025-02-21T14:16:32","slug":"menu-sirt-2-7-full","status":"publish","type":"product","link":"https:\/\/ch.thelongevitykitchen.com\/fr\/shop\/menu-en-promotion\/menu-sirt-2-7-full\/","title":{"rendered":"Menu Sirt 2 &#8211; 7 FULL"},"content":{"rendered":"<p>Le r\u00e9gime Sirt est bas\u00e9 sur un r\u00e9gime alimentaire innovant fond\u00e9 sur le principe d&rsquo;activation de mol\u00e9cules li\u00e9es \u00e0 la <strong>long\u00e9vit\u00e9<\/strong> appel\u00e9es <strong>sirtuines<\/strong>, des prot\u00e9ines fondamentales qui permettent aux cellules de vivre plus longtemps. Et donc \u00e0 nous aussi.<\/p>\n","protected":false},"excerpt":{"rendered":"<p>R\u00e9gime Sirtfood, le r\u00e9gime du g\u00e8ne minceur.<strong>Perdez jusqu&rsquo;\u00e0 3,5 kg en une semaine<\/strong>. Les plats du menu SIRT activent les mol\u00e9cules li\u00e9es \u00e0 la long\u00e9vit\u00e9 qui favorisent la r\u00e9duction des graisses et l\u2019augmentation de la masse musculaire.<\/p>\n<ul>\n<li><strong>7 jours COMPLETS<\/strong> \u2013 toute la semaine : 7 petits-d\u00e9jeuners, 7 d\u00e9jeuners, 7 d\u00eeners<\/li>\n<\/ul>\n","protected":false},"featured_media":339867,"template":"","meta":{"_acf_changed":false},"product_brand":[],"product_cat":[353],"product_tag":[361],"class_list":{"0":"post-353240","1":"product","2":"type-product","3":"status-publish","4":"has-post-thumbnail","6":"product_cat-menu-en-promotion","7":"product_tag-menu-sirt-2-fr","9":"first","10":"instock","11":"sale","12":"taxable","13":"shipping-taxable","14":"purchasable","15":"product-type-simple"},"bundled_by":[],"bundle_stock_status":"instock","bundle_stock_quantity":null,"bundle_virtual":false,"bundle_layout":"","bundle_add_to_cart_form_location":"","bundle_editable_in_cart":false,"bundle_sold_individually_context":"","bundle_item_grouping":"","bundle_min_size":"","bundle_max_size":"","bundle_price":[],"bundled_items":[],"bundle_sell_ids":[],"acf":[],"yoast_head":"<!-- This site is optimized with the Yoast SEO plugin v24.8.1 - https:\/\/yoast.com\/wordpress\/plugins\/seo\/ -->\n<title>Menu Sirt 2 - 7 jours : Le r\u00e9gime Skinny Gene<\/title>\n<meta name=\"description\" content=\"Les plats du menu SIRT activent les mol\u00e9cules li\u00e9es \u00e0 la long\u00e9vit\u00e9 qui favorisent la r\u00e9duction des graisses et l\u2019augmentation de la masse musculaire.\" \/>\n<meta name=\"robots\" content=\"index, follow, max-snippet:-1, max-image-preview:large, max-video-preview:-1\" \/>\n<link rel=\"canonical\" href=\"https:\/\/ch.thelongevitykitchen.com\/fr\/shop\/menu-en-promotion\/menu-sirt-2-7-full\/\" \/>\n<meta property=\"og:locale\" content=\"fr_FR\" \/>\n<meta property=\"og:type\" content=\"article\" \/>\n<meta property=\"og:title\" content=\"Menu Sirt 2 - 7 jours : Le r\u00e9gime Skinny Gene\" \/>\n<meta property=\"og:description\" content=\"Les plats du menu SIRT activent les mol\u00e9cules li\u00e9es \u00e0 la long\u00e9vit\u00e9 qui favorisent la r\u00e9duction des graisses et l\u2019augmentation de la masse musculaire.\" \/>\n<meta property=\"og:url\" content=\"https:\/\/ch.thelongevitykitchen.com\/fr\/shop\/menu-en-promotion\/menu-sirt-2-7-full\/\" \/>\n<meta property=\"og:site_name\" content=\"The Longevity Kitchen - CH\" \/>\n<meta property=\"og:image\" content=\"https:\/\/ch.thelongevitykitchen.com\/wp-content\/uploads\/2024\/01\/COPERTINA-sirt-seconda-settimana-1024x1024.png\" \/>\n\t<meta property=\"og:image:width\" content=\"1024\" \/>\n\t<meta property=\"og:image:height\" content=\"1024\" \/>\n\t<meta property=\"og:image:type\" content=\"image\/png\" \/>\n<meta name=\"twitter:card\" content=\"summary_large_image\" \/>\n<meta name=\"twitter:label1\" content=\"Dur\u00e9e de lecture estim\u00e9e\" \/>\n\t<meta name=\"twitter:data1\" content=\"1 minute\" \/>\n<script type=\"application\/ld+json\" class=\"yoast-schema-graph\">{\"@context\":\"https:\/\/schema.org\",\"@graph\":[{\"@type\":\"WebPage\",\"@id\":\"https:\/\/ch.thelongevitykitchen.com\/fr\/shop\/menu-en-promotion\/menu-sirt-2-7-full\/\",\"url\":\"https:\/\/ch.thelongevitykitchen.com\/fr\/shop\/menu-en-promotion\/menu-sirt-2-7-full\/\",\"name\":\"Menu Sirt 2 - 7 jours : Le r\u00e9gime Skinny Gene\",\"isPartOf\":{\"@id\":\"https:\/\/ch.thelongevitykitchen.com\/fr\/#website\"},\"primaryImageOfPage\":{\"@id\":\"https:\/\/ch.thelongevitykitchen.com\/fr\/shop\/menu-en-promotion\/menu-sirt-2-7-full\/#primaryimage\"},\"image\":{\"@id\":\"https:\/\/ch.thelongevitykitchen.com\/fr\/shop\/menu-en-promotion\/menu-sirt-2-7-full\/#primaryimage\"},\"thumbnailUrl\":\"https:\/\/ch.thelongevitykitchen.com\/wp-content\/uploads\/2024\/01\/COPERTINA-sirt-seconda-settimana.png\",\"datePublished\":\"2025-02-21T14:16:32+00:00\",\"description\":\"Les plats du menu SIRT activent les mol\u00e9cules li\u00e9es \u00e0 la long\u00e9vit\u00e9 qui favorisent la r\u00e9duction des graisses et l\u2019augmentation de la masse musculaire.\",\"breadcrumb\":{\"@id\":\"https:\/\/ch.thelongevitykitchen.com\/fr\/shop\/menu-en-promotion\/menu-sirt-2-7-full\/#breadcrumb\"},\"inLanguage\":\"fr-FR\",\"potentialAction\":[{\"@type\":\"ReadAction\",\"target\":[\"https:\/\/ch.thelongevitykitchen.com\/fr\/shop\/menu-en-promotion\/menu-sirt-2-7-full\/\"]}]},{\"@type\":\"ImageObject\",\"inLanguage\":\"fr-FR\",\"@id\":\"https:\/\/ch.thelongevitykitchen.com\/fr\/shop\/menu-en-promotion\/menu-sirt-2-7-full\/#primaryimage\",\"url\":\"https:\/\/ch.thelongevitykitchen.com\/wp-content\/uploads\/2024\/01\/COPERTINA-sirt-seconda-settimana.png\",\"contentUrl\":\"https:\/\/ch.thelongevitykitchen.com\/wp-content\/uploads\/2024\/01\/COPERTINA-sirt-seconda-settimana.png\",\"width\":3000,\"height\":3000},{\"@type\":\"BreadcrumbList\",\"@id\":\"https:\/\/ch.thelongevitykitchen.com\/fr\/shop\/menu-en-promotion\/menu-sirt-2-7-full\/#breadcrumb\",\"itemListElement\":[{\"@type\":\"ListItem\",\"position\":1,\"name\":\"Home\",\"item\":\"https:\/\/studiomate.thelongevitykitchen.com\/fr\/\"},{\"@type\":\"ListItem\",\"position\":2,\"name\":\"Menu en promotion\",\"item\":\"https:\/\/ch.thelongevitykitchen.com\/fr\/categorie\/menu-en-promotion\/\"},{\"@type\":\"ListItem\",\"position\":3,\"name\":\"Menu Sirt 2 &#8211; 7 FULL\"}]},{\"@type\":\"WebSite\",\"@id\":\"https:\/\/ch.thelongevitykitchen.com\/fr\/#website\",\"url\":\"https:\/\/ch.thelongevitykitchen.com\/fr\/\",\"name\":\"The Longevity Kitchen - CH\",\"description\":\"Feeding Good\",\"potentialAction\":[{\"@type\":\"SearchAction\",\"target\":{\"@type\":\"EntryPoint\",\"urlTemplate\":\"https:\/\/ch.thelongevitykitchen.com\/fr\/?s={search_term_string}\"},\"query-input\":{\"@type\":\"PropertyValueSpecification\",\"valueRequired\":true,\"valueName\":\"search_term_string\"}}],\"inLanguage\":\"fr-FR\"}]}<\/script>\n<!-- \/ Yoast SEO plugin. -->","yoast_head_json":{"title":"Menu Sirt 2 - 7 jours : Le r\u00e9gime Skinny Gene","description":"Les plats du menu SIRT activent les mol\u00e9cules li\u00e9es \u00e0 la long\u00e9vit\u00e9 qui favorisent la r\u00e9duction des graisses et l\u2019augmentation de la masse musculaire.","robots":{"index":"index","follow":"follow","max-snippet":"max-snippet:-1","max-image-preview":"max-image-preview:large","max-video-preview":"max-video-preview:-1"},"canonical":"https:\/\/ch.thelongevitykitchen.com\/fr\/shop\/menu-en-promotion\/menu-sirt-2-7-full\/","og_locale":"fr_FR","og_type":"article","og_title":"Menu Sirt 2 - 7 jours : Le r\u00e9gime Skinny Gene","og_description":"Les plats du menu SIRT activent les mol\u00e9cules li\u00e9es \u00e0 la long\u00e9vit\u00e9 qui favorisent la r\u00e9duction des graisses et l\u2019augmentation de la masse musculaire.","og_url":"https:\/\/ch.thelongevitykitchen.com\/fr\/shop\/menu-en-promotion\/menu-sirt-2-7-full\/","og_site_name":"The Longevity Kitchen - CH","og_image":[{"width":1024,"height":1024,"url":"https:\/\/ch.thelongevitykitchen.com\/wp-content\/uploads\/2024\/01\/COPERTINA-sirt-seconda-settimana-1024x1024.png","type":"image\/png"}],"twitter_card":"summary_large_image","twitter_misc":{"Dur\u00e9e de lecture estim\u00e9e":"1 minute"},"schema":{"@context":"https:\/\/schema.org","@graph":[{"@type":"WebPage","@id":"https:\/\/ch.thelongevitykitchen.com\/fr\/shop\/menu-en-promotion\/menu-sirt-2-7-full\/","url":"https:\/\/ch.thelongevitykitchen.com\/fr\/shop\/menu-en-promotion\/menu-sirt-2-7-full\/","name":"Menu Sirt 2 - 7 jours : Le r\u00e9gime Skinny Gene","isPartOf":{"@id":"https:\/\/ch.thelongevitykitchen.com\/fr\/#website"},"primaryImageOfPage":{"@id":"https:\/\/ch.thelongevitykitchen.com\/fr\/shop\/menu-en-promotion\/menu-sirt-2-7-full\/#primaryimage"},"image":{"@id":"https:\/\/ch.thelongevitykitchen.com\/fr\/shop\/menu-en-promotion\/menu-sirt-2-7-full\/#primaryimage"},"thumbnailUrl":"https:\/\/ch.thelongevitykitchen.com\/wp-content\/uploads\/2024\/01\/COPERTINA-sirt-seconda-settimana.png","datePublished":"2025-02-21T14:16:32+00:00","description":"Les plats du menu SIRT activent les mol\u00e9cules li\u00e9es \u00e0 la long\u00e9vit\u00e9 qui favorisent la r\u00e9duction des graisses et l\u2019augmentation de la masse musculaire.","breadcrumb":{"@id":"https:\/\/ch.thelongevitykitchen.com\/fr\/shop\/menu-en-promotion\/menu-sirt-2-7-full\/#breadcrumb"},"inLanguage":"fr-FR","potentialAction":[{"@type":"ReadAction","target":["https:\/\/ch.thelongevitykitchen.com\/fr\/shop\/menu-en-promotion\/menu-sirt-2-7-full\/"]}]},{"@type":"ImageObject","inLanguage":"fr-FR","@id":"https:\/\/ch.thelongevitykitchen.com\/fr\/shop\/menu-en-promotion\/menu-sirt-2-7-full\/#primaryimage","url":"https:\/\/ch.thelongevitykitchen.com\/wp-content\/uploads\/2024\/01\/COPERTINA-sirt-seconda-settimana.png","contentUrl":"https:\/\/ch.thelongevitykitchen.com\/wp-content\/uploads\/2024\/01\/COPERTINA-sirt-seconda-settimana.png","width":3000,"height":3000},{"@type":"BreadcrumbList","@id":"https:\/\/ch.thelongevitykitchen.com\/fr\/shop\/menu-en-promotion\/menu-sirt-2-7-full\/#breadcrumb","itemListElement":[{"@type":"ListItem","position":1,"name":"Home","item":"https:\/\/studiomate.thelongevitykitchen.com\/fr\/"},{"@type":"ListItem","position":2,"name":"Menu en promotion","item":"https:\/\/ch.thelongevitykitchen.com\/fr\/categorie\/menu-en-promotion\/"},{"@type":"ListItem","position":3,"name":"Menu Sirt 2 &#8211; 7 FULL"}]},{"@type":"WebSite","@id":"https:\/\/ch.thelongevitykitchen.com\/fr\/#website","url":"https:\/\/ch.thelongevitykitchen.com\/fr\/","name":"The Longevity Kitchen - CH","description":"Feeding Good","potentialAction":[{"@type":"SearchAction","target":{"@type":"EntryPoint","urlTemplate":"https:\/\/ch.thelongevitykitchen.com\/fr\/?s={search_term_string}"},"query-input":{"@type":"PropertyValueSpecification","valueRequired":true,"valueName":"search_term_string"}}],"inLanguage":"fr-FR"}]}},"_links":{"self":[{"href":"https:\/\/ch.thelongevitykitchen.com\/fr\/wp-json\/wp\/v2\/product\/353240","targetHints":{"allow":["GET"]}}],"collection":[{"href":"https:\/\/ch.thelongevitykitchen.com\/fr\/wp-json\/wp\/v2\/product"}],"about":[{"href":"https:\/\/ch.thelongevitykitchen.com\/fr\/wp-json\/wp\/v2\/types\/product"}],"wp:featuredmedia":[{"embeddable":true,"href":"https:\/\/ch.thelongevitykitchen.com\/fr\/wp-json\/wp\/v2\/media\/339867"}],"wp:attachment":[{"href":"https:\/\/ch.thelongevitykitchen.com\/fr\/wp-json\/wp\/v2\/media?parent=353240"}],"wp:term":[{"taxonomy":"product_brand","embeddable":true,"href":"https:\/\/ch.thelongevitykitchen.com\/fr\/wp-json\/wp\/v2\/product_brand?post=353240"},{"taxonomy":"product_cat","embeddable":true,"href":"https:\/\/ch.thelongevitykitchen.com\/fr\/wp-json\/wp\/v2\/product_cat?post=353240"},{"taxonomy":"product_tag","embeddable":true,"href":"https:\/\/ch.thelongevitykitchen.com\/fr\/wp-json\/wp\/v2\/product_tag?post=353240"}],"curies":[{"name":"wp","href":"https:\/\/api.w.org\/{rel}","templated":true}]}}