{"id":353125,"date":"2025-02-21T14:18:37","date_gmt":"2025-02-21T14:18:37","guid":{"rendered":"https:\/\/ch.thelongevitykitchen.com\/shop\/non%20class\u00e9\/menu-detox-7-full\/"},"modified":"2025-02-21T14:18:37","modified_gmt":"2025-02-21T14:18:37","slug":"menu-detox-7-full","status":"publish","type":"product","link":"https:\/\/ch.thelongevitykitchen.com\/fr\/shop\/menu-en-promotion\/menu-detox-7-full\/","title":{"rendered":"Menu Detox &#8211; 7 FULL"},"content":{"rendered":"<p>Le menu Detox est un programme <strong>d\u00e9toxifiant<\/strong> qui vous aidera \u00e0 vous nettoyer de toutes ces toxines accumul\u00e9es en raison de la consommation d&rsquo;aliments transform\u00e9s et raffin\u00e9s, d&rsquo;aliments riches en sucres et en conservateurs, de pesticides et d&rsquo;antibiotiques. Le foie est notre principal organe excr\u00e9teur, engag\u00e9 quotidiennement dans l&rsquo;\u00e9limination des d\u00e9chets et des substances nocives pour notre corps.<\/p>\n<p>Le programme Detox est con\u00e7u pour \u00eatre riche en fibres, en prot\u00e9ines de haute qualit\u00e9 et en aliments \u00e0 faible indice glyc\u00e9mique afin de favoriser la fonction de \u00ab d\u00e9toxification \u00bb du foie et d\u2019aider le corps \u00e0 \u00e9liminer les substances nocives.<\/p>\n","protected":false},"excerpt":{"rendered":"<p>Des plats sains riches en nutraceutiques, id\u00e9aux pour d\u00e9toxifier votre corps en \u00e9liminant les toxines accumul\u00e9es.<\/p>\n<ul>\n<li><strong>7 jours COMPLETS<\/strong> \u2013 toute la semaine : 7 petits-d\u00e9jeuners, 7 d\u00e9jeuners, 7 d\u00eeners<\/li>\n<\/ul>\n","protected":false},"featured_media":339579,"template":"","meta":{"_acf_changed":false},"product_brand":[],"product_cat":[353],"product_tag":[381],"class_list":{"0":"post-353125","1":"product","2":"type-product","3":"status-publish","4":"has-post-thumbnail","6":"product_cat-menu-en-promotion","7":"product_tag-regime-detox","9":"first","10":"instock","11":"sale","12":"taxable","13":"shipping-taxable","14":"purchasable","15":"product-type-simple"},"bundled_by":[],"bundle_stock_status":"instock","bundle_stock_quantity":null,"bundle_virtual":false,"bundle_layout":"","bundle_add_to_cart_form_location":"","bundle_editable_in_cart":false,"bundle_sold_individually_context":"","bundle_item_grouping":"","bundle_min_size":"","bundle_max_size":"","bundle_price":[],"bundled_items":[],"bundle_sell_ids":[],"acf":[],"yoast_head":"<!-- This site is optimized with the Yoast SEO plugin v24.8.1 - https:\/\/yoast.com\/wordpress\/plugins\/seo\/ -->\n<title>Menu D\u00e9tox - 7 jours de plats sains riches en nutraceutiques - The Longevity Kitchen - CH<\/title>\n<meta name=\"description\" content=\"Repas id\u00e9aux pour d\u00e9toxifier le corps en \u00e9liminant les toxines accumul\u00e9es et en aidant \u00e0 pr\u00e9venir les sympt\u00f4mes des maladies inflammatoires et m\u00e9taboliques.\" \/>\n<meta name=\"robots\" content=\"index, follow, max-snippet:-1, max-image-preview:large, max-video-preview:-1\" \/>\n<link rel=\"canonical\" href=\"https:\/\/ch.thelongevitykitchen.com\/fr\/shop\/menu-en-promotion\/menu-detox-7-full\/\" \/>\n<meta property=\"og:locale\" content=\"fr_FR\" \/>\n<meta property=\"og:type\" content=\"article\" \/>\n<meta property=\"og:title\" content=\"Menu D\u00e9tox - 7 jours de plats sains riches en nutraceutiques - The Longevity Kitchen - CH\" \/>\n<meta property=\"og:description\" content=\"Repas id\u00e9aux pour d\u00e9toxifier le corps en \u00e9liminant les toxines accumul\u00e9es et en aidant \u00e0 pr\u00e9venir les sympt\u00f4mes des maladies inflammatoires et m\u00e9taboliques.\" \/>\n<meta property=\"og:url\" content=\"https:\/\/ch.thelongevitykitchen.com\/fr\/shop\/menu-en-promotion\/menu-detox-7-full\/\" \/>\n<meta property=\"og:site_name\" content=\"The Longevity Kitchen - CH\" \/>\n<meta property=\"og:image\" content=\"https:\/\/ch.thelongevitykitchen.com\/wp-content\/uploads\/2023\/08\/TLK_PIATTI-PER-COPERTINA-KIT-MENU.jpg\" \/>\n\t<meta property=\"og:image:width\" content=\"1200\" \/>\n\t<meta property=\"og:image:height\" content=\"1200\" \/>\n\t<meta property=\"og:image:type\" content=\"image\/jpeg\" \/>\n<meta name=\"twitter:card\" content=\"summary_large_image\" \/>\n<meta name=\"twitter:label1\" content=\"Dur\u00e9e de lecture estim\u00e9e\" \/>\n\t<meta name=\"twitter:data1\" content=\"1 minute\" \/>\n<script type=\"application\/ld+json\" class=\"yoast-schema-graph\">{\"@context\":\"https:\/\/schema.org\",\"@graph\":[{\"@type\":\"WebPage\",\"@id\":\"https:\/\/ch.thelongevitykitchen.com\/fr\/shop\/menu-en-promotion\/menu-detox-7-full\/\",\"url\":\"https:\/\/ch.thelongevitykitchen.com\/fr\/shop\/menu-en-promotion\/menu-detox-7-full\/\",\"name\":\"Menu D\u00e9tox - 7 jours de plats sains riches en nutraceutiques - The Longevity Kitchen - CH\",\"isPartOf\":{\"@id\":\"https:\/\/ch.thelongevitykitchen.com\/fr\/#website\"},\"primaryImageOfPage\":{\"@id\":\"https:\/\/ch.thelongevitykitchen.com\/fr\/shop\/menu-en-promotion\/menu-detox-7-full\/#primaryimage\"},\"image\":{\"@id\":\"https:\/\/ch.thelongevitykitchen.com\/fr\/shop\/menu-en-promotion\/menu-detox-7-full\/#primaryimage\"},\"thumbnailUrl\":\"https:\/\/ch.thelongevitykitchen.com\/wp-content\/uploads\/2023\/08\/TLK_PIATTI-PER-COPERTINA-KIT-MENU.jpg\",\"datePublished\":\"2025-02-21T14:18:37+00:00\",\"description\":\"Repas id\u00e9aux pour d\u00e9toxifier le corps en \u00e9liminant les toxines accumul\u00e9es et en aidant \u00e0 pr\u00e9venir les sympt\u00f4mes des maladies inflammatoires et m\u00e9taboliques.\",\"breadcrumb\":{\"@id\":\"https:\/\/ch.thelongevitykitchen.com\/fr\/shop\/menu-en-promotion\/menu-detox-7-full\/#breadcrumb\"},\"inLanguage\":\"fr-FR\",\"potentialAction\":[{\"@type\":\"ReadAction\",\"target\":[\"https:\/\/ch.thelongevitykitchen.com\/fr\/shop\/menu-en-promotion\/menu-detox-7-full\/\"]}]},{\"@type\":\"ImageObject\",\"inLanguage\":\"fr-FR\",\"@id\":\"https:\/\/ch.thelongevitykitchen.com\/fr\/shop\/menu-en-promotion\/menu-detox-7-full\/#primaryimage\",\"url\":\"https:\/\/ch.thelongevitykitchen.com\/wp-content\/uploads\/2023\/08\/TLK_PIATTI-PER-COPERTINA-KIT-MENU.jpg\",\"contentUrl\":\"https:\/\/ch.thelongevitykitchen.com\/wp-content\/uploads\/2023\/08\/TLK_PIATTI-PER-COPERTINA-KIT-MENU.jpg\",\"width\":1200,\"height\":1200},{\"@type\":\"BreadcrumbList\",\"@id\":\"https:\/\/ch.thelongevitykitchen.com\/fr\/shop\/menu-en-promotion\/menu-detox-7-full\/#breadcrumb\",\"itemListElement\":[{\"@type\":\"ListItem\",\"position\":1,\"name\":\"Home\",\"item\":\"https:\/\/studiomate.thelongevitykitchen.com\/fr\/\"},{\"@type\":\"ListItem\",\"position\":2,\"name\":\"Menu en promotion\",\"item\":\"https:\/\/ch.thelongevitykitchen.com\/fr\/categorie\/menu-en-promotion\/\"},{\"@type\":\"ListItem\",\"position\":3,\"name\":\"Menu Detox &#8211; 7 FULL\"}]},{\"@type\":\"WebSite\",\"@id\":\"https:\/\/ch.thelongevitykitchen.com\/fr\/#website\",\"url\":\"https:\/\/ch.thelongevitykitchen.com\/fr\/\",\"name\":\"The Longevity Kitchen - CH\",\"description\":\"Feeding Good\",\"potentialAction\":[{\"@type\":\"SearchAction\",\"target\":{\"@type\":\"EntryPoint\",\"urlTemplate\":\"https:\/\/ch.thelongevitykitchen.com\/fr\/?s={search_term_string}\"},\"query-input\":{\"@type\":\"PropertyValueSpecification\",\"valueRequired\":true,\"valueName\":\"search_term_string\"}}],\"inLanguage\":\"fr-FR\"}]}<\/script>\n<!-- \/ Yoast SEO plugin. -->","yoast_head_json":{"title":"Menu D\u00e9tox - 7 jours de plats sains riches en nutraceutiques - The Longevity Kitchen - CH","description":"Repas id\u00e9aux pour d\u00e9toxifier le corps en \u00e9liminant les toxines accumul\u00e9es et en aidant \u00e0 pr\u00e9venir les sympt\u00f4mes des maladies inflammatoires et m\u00e9taboliques.","robots":{"index":"index","follow":"follow","max-snippet":"max-snippet:-1","max-image-preview":"max-image-preview:large","max-video-preview":"max-video-preview:-1"},"canonical":"https:\/\/ch.thelongevitykitchen.com\/fr\/shop\/menu-en-promotion\/menu-detox-7-full\/","og_locale":"fr_FR","og_type":"article","og_title":"Menu D\u00e9tox - 7 jours de plats sains riches en nutraceutiques - The Longevity Kitchen - CH","og_description":"Repas id\u00e9aux pour d\u00e9toxifier le corps en \u00e9liminant les toxines accumul\u00e9es et en aidant \u00e0 pr\u00e9venir les sympt\u00f4mes des maladies inflammatoires et m\u00e9taboliques.","og_url":"https:\/\/ch.thelongevitykitchen.com\/fr\/shop\/menu-en-promotion\/menu-detox-7-full\/","og_site_name":"The Longevity Kitchen - CH","og_image":[{"width":1200,"height":1200,"url":"https:\/\/ch.thelongevitykitchen.com\/wp-content\/uploads\/2023\/08\/TLK_PIATTI-PER-COPERTINA-KIT-MENU.jpg","type":"image\/jpeg"}],"twitter_card":"summary_large_image","twitter_misc":{"Dur\u00e9e de lecture estim\u00e9e":"1 minute"},"schema":{"@context":"https:\/\/schema.org","@graph":[{"@type":"WebPage","@id":"https:\/\/ch.thelongevitykitchen.com\/fr\/shop\/menu-en-promotion\/menu-detox-7-full\/","url":"https:\/\/ch.thelongevitykitchen.com\/fr\/shop\/menu-en-promotion\/menu-detox-7-full\/","name":"Menu D\u00e9tox - 7 jours de plats sains riches en nutraceutiques - The Longevity Kitchen - CH","isPartOf":{"@id":"https:\/\/ch.thelongevitykitchen.com\/fr\/#website"},"primaryImageOfPage":{"@id":"https:\/\/ch.thelongevitykitchen.com\/fr\/shop\/menu-en-promotion\/menu-detox-7-full\/#primaryimage"},"image":{"@id":"https:\/\/ch.thelongevitykitchen.com\/fr\/shop\/menu-en-promotion\/menu-detox-7-full\/#primaryimage"},"thumbnailUrl":"https:\/\/ch.thelongevitykitchen.com\/wp-content\/uploads\/2023\/08\/TLK_PIATTI-PER-COPERTINA-KIT-MENU.jpg","datePublished":"2025-02-21T14:18:37+00:00","description":"Repas id\u00e9aux pour d\u00e9toxifier le corps en \u00e9liminant les toxines accumul\u00e9es et en aidant \u00e0 pr\u00e9venir les sympt\u00f4mes des maladies inflammatoires et m\u00e9taboliques.","breadcrumb":{"@id":"https:\/\/ch.thelongevitykitchen.com\/fr\/shop\/menu-en-promotion\/menu-detox-7-full\/#breadcrumb"},"inLanguage":"fr-FR","potentialAction":[{"@type":"ReadAction","target":["https:\/\/ch.thelongevitykitchen.com\/fr\/shop\/menu-en-promotion\/menu-detox-7-full\/"]}]},{"@type":"ImageObject","inLanguage":"fr-FR","@id":"https:\/\/ch.thelongevitykitchen.com\/fr\/shop\/menu-en-promotion\/menu-detox-7-full\/#primaryimage","url":"https:\/\/ch.thelongevitykitchen.com\/wp-content\/uploads\/2023\/08\/TLK_PIATTI-PER-COPERTINA-KIT-MENU.jpg","contentUrl":"https:\/\/ch.thelongevitykitchen.com\/wp-content\/uploads\/2023\/08\/TLK_PIATTI-PER-COPERTINA-KIT-MENU.jpg","width":1200,"height":1200},{"@type":"BreadcrumbList","@id":"https:\/\/ch.thelongevitykitchen.com\/fr\/shop\/menu-en-promotion\/menu-detox-7-full\/#breadcrumb","itemListElement":[{"@type":"ListItem","position":1,"name":"Home","item":"https:\/\/studiomate.thelongevitykitchen.com\/fr\/"},{"@type":"ListItem","position":2,"name":"Menu en promotion","item":"https:\/\/ch.thelongevitykitchen.com\/fr\/categorie\/menu-en-promotion\/"},{"@type":"ListItem","position":3,"name":"Menu Detox &#8211; 7 FULL"}]},{"@type":"WebSite","@id":"https:\/\/ch.thelongevitykitchen.com\/fr\/#website","url":"https:\/\/ch.thelongevitykitchen.com\/fr\/","name":"The Longevity Kitchen - CH","description":"Feeding Good","potentialAction":[{"@type":"SearchAction","target":{"@type":"EntryPoint","urlTemplate":"https:\/\/ch.thelongevitykitchen.com\/fr\/?s={search_term_string}"},"query-input":{"@type":"PropertyValueSpecification","valueRequired":true,"valueName":"search_term_string"}}],"inLanguage":"fr-FR"}]}},"_links":{"self":[{"href":"https:\/\/ch.thelongevitykitchen.com\/fr\/wp-json\/wp\/v2\/product\/353125","targetHints":{"allow":["GET"]}}],"collection":[{"href":"https:\/\/ch.thelongevitykitchen.com\/fr\/wp-json\/wp\/v2\/product"}],"about":[{"href":"https:\/\/ch.thelongevitykitchen.com\/fr\/wp-json\/wp\/v2\/types\/product"}],"wp:featuredmedia":[{"embeddable":true,"href":"https:\/\/ch.thelongevitykitchen.com\/fr\/wp-json\/wp\/v2\/media\/339579"}],"wp:attachment":[{"href":"https:\/\/ch.thelongevitykitchen.com\/fr\/wp-json\/wp\/v2\/media?parent=353125"}],"wp:term":[{"taxonomy":"product_brand","embeddable":true,"href":"https:\/\/ch.thelongevitykitchen.com\/fr\/wp-json\/wp\/v2\/product_brand?post=353125"},{"taxonomy":"product_cat","embeddable":true,"href":"https:\/\/ch.thelongevitykitchen.com\/fr\/wp-json\/wp\/v2\/product_cat?post=353125"},{"taxonomy":"product_tag","embeddable":true,"href":"https:\/\/ch.thelongevitykitchen.com\/fr\/wp-json\/wp\/v2\/product_tag?post=353125"}],"curies":[{"name":"wp","href":"https:\/\/api.w.org\/{rel}","templated":true}]}}