{"id":349860,"date":"2025-02-21T14:18:38","date_gmt":"2025-02-21T14:18:38","guid":{"rendered":"https:\/\/ch.thelongevitykitchen.com\/shop\/non%20class\u00e9\/menu-cheto-7-full\/"},"modified":"2025-02-24T12:56:43","modified_gmt":"2025-02-24T12:56:43","slug":"menu-cheto-7-full","status":"publish","type":"product","link":"https:\/\/ch.thelongevitykitchen.com\/fr\/shop\/menu-en-promotion\/menu-cheto-7-full\/","title":{"rendered":"Menu Keto &#8211; 7 FULL"},"content":{"rendered":"<p>Le menu Keto offre un chemin contr\u00f4l\u00e9 et efficace vers votre <strong>meilleure forme physique<\/strong>.<\/p>\n<p>Gr\u00e2ce \u00e0 l&rsquo;\u00e9tude des nutritionnistes et des chefs, le menu Keto est <strong>faible en glucides<\/strong> et <strong>riche en aliments prot\u00e9in\u00e9s<\/strong> qui vous aideront \u00e0 entrer en <strong>c\u00e9tose<\/strong>, l&rsquo;\u00e9tat dans lequel les graisses de r\u00e9serve seront utilis\u00e9es pour produire de l&rsquo;\u00e9nergie, favorisant ainsi la perte de poids.<\/p>\n","protected":false},"excerpt":{"rendered":"<p>Le menu Keto est <strong>faible en glucides<\/strong> et <strong>riche en aliments prot\u00e9in\u00e9s<\/strong> qui vous aideront \u00e0 entrer en <strong>c\u00e9tose<\/strong>, l&rsquo;\u00e9tat dans lequel les graisses stock\u00e9es seront utilis\u00e9es pour produire de l&rsquo;\u00e9nergie.<\/p>\n<ul>\n<li><strong>7 jours COMPLETS<\/strong> \u2013 toute la semaine : 7 petits-d\u00e9jeuners, 7 d\u00e9jeuners, 7 d\u00eeners<\/li>\n<\/ul>\n","protected":false},"featured_media":339953,"template":"","meta":{"_acf_changed":false},"product_brand":[],"product_cat":[353],"product_tag":[379],"class_list":{"0":"post-349860","1":"product","2":"type-product","3":"status-publish","4":"has-post-thumbnail","6":"product_cat-menu-en-promotion","7":"product_tag-regime-cetogene","9":"first","10":"instock","11":"sale","12":"taxable","13":"shipping-taxable","14":"purchasable","15":"product-type-simple"},"bundled_by":[],"bundle_stock_status":"instock","bundle_stock_quantity":null,"bundle_virtual":false,"bundle_layout":"","bundle_add_to_cart_form_location":"","bundle_editable_in_cart":false,"bundle_sold_individually_context":"","bundle_item_grouping":"","bundle_min_size":"","bundle_max_size":"","bundle_price":[],"bundled_items":[],"bundle_sell_ids":[],"acf":[],"yoast_head":"<!-- This site is optimized with the Yoast SEO plugin v24.8.1 - https:\/\/yoast.com\/wordpress\/plugins\/seo\/ -->\n<title>Menu c\u00e9tog\u00e8ne - 7 jours : le r\u00e9gime c\u00e9tog\u00e8ne \u00e0 votre disposition - The Longevity Kitchen - CH<\/title>\n<meta name=\"description\" content=\"En utilisant les graisses stock\u00e9es comme source d\u2019\u00e9nergie, le menu Keto stimule une perte de poids rapide et une meilleure concentration.\" \/>\n<meta name=\"robots\" content=\"index, follow, max-snippet:-1, max-image-preview:large, max-video-preview:-1\" \/>\n<link rel=\"canonical\" href=\"https:\/\/ch.thelongevitykitchen.com\/fr\/shop\/menu-en-promotion\/menu-cheto-7-full\/\" \/>\n<meta property=\"og:locale\" content=\"fr_FR\" \/>\n<meta property=\"og:type\" content=\"article\" \/>\n<meta property=\"og:title\" content=\"Menu c\u00e9tog\u00e8ne - 7 jours : le r\u00e9gime c\u00e9tog\u00e8ne \u00e0 votre disposition - The Longevity Kitchen - CH\" \/>\n<meta property=\"og:description\" content=\"En utilisant les graisses stock\u00e9es comme source d\u2019\u00e9nergie, le menu Keto stimule une perte de poids rapide et une meilleure concentration.\" \/>\n<meta property=\"og:url\" content=\"https:\/\/ch.thelongevitykitchen.com\/fr\/shop\/menu-en-promotion\/menu-cheto-7-full\/\" \/>\n<meta property=\"og:site_name\" content=\"The Longevity Kitchen - CH\" \/>\n<meta property=\"article:modified_time\" content=\"2025-02-24T12:56:43+00:00\" \/>\n<meta property=\"og:image\" content=\"https:\/\/ch.thelongevitykitchen.com\/wp-content\/uploads\/2024\/04\/TLK_PIATTI-PER-COPERTINA-KIT-MENU-keto.jpg\" \/>\n\t<meta property=\"og:image:width\" content=\"1200\" \/>\n\t<meta property=\"og:image:height\" content=\"1200\" \/>\n\t<meta property=\"og:image:type\" content=\"image\/jpeg\" \/>\n<meta name=\"twitter:card\" content=\"summary_large_image\" \/>\n<meta name=\"twitter:label1\" content=\"Dur\u00e9e de lecture estim\u00e9e\" \/>\n\t<meta name=\"twitter:data1\" content=\"1 minute\" \/>\n<script type=\"application\/ld+json\" class=\"yoast-schema-graph\">{\"@context\":\"https:\/\/schema.org\",\"@graph\":[{\"@type\":\"WebPage\",\"@id\":\"https:\/\/ch.thelongevitykitchen.com\/fr\/shop\/menu-en-promotion\/menu-cheto-7-full\/\",\"url\":\"https:\/\/ch.thelongevitykitchen.com\/fr\/shop\/menu-en-promotion\/menu-cheto-7-full\/\",\"name\":\"Menu c\u00e9tog\u00e8ne - 7 jours : le r\u00e9gime c\u00e9tog\u00e8ne \u00e0 votre disposition - The Longevity Kitchen - CH\",\"isPartOf\":{\"@id\":\"https:\/\/ch.thelongevitykitchen.com\/fr\/#website\"},\"primaryImageOfPage\":{\"@id\":\"https:\/\/ch.thelongevitykitchen.com\/fr\/shop\/menu-en-promotion\/menu-cheto-7-full\/#primaryimage\"},\"image\":{\"@id\":\"https:\/\/ch.thelongevitykitchen.com\/fr\/shop\/menu-en-promotion\/menu-cheto-7-full\/#primaryimage\"},\"thumbnailUrl\":\"https:\/\/ch.thelongevitykitchen.com\/wp-content\/uploads\/2024\/04\/TLK_PIATTI-PER-COPERTINA-KIT-MENU-keto.jpg\",\"datePublished\":\"2025-02-21T14:18:38+00:00\",\"dateModified\":\"2025-02-24T12:56:43+00:00\",\"description\":\"En utilisant les graisses stock\u00e9es comme source d\u2019\u00e9nergie, le menu Keto stimule une perte de poids rapide et une meilleure concentration.\",\"breadcrumb\":{\"@id\":\"https:\/\/ch.thelongevitykitchen.com\/fr\/shop\/menu-en-promotion\/menu-cheto-7-full\/#breadcrumb\"},\"inLanguage\":\"fr-FR\",\"potentialAction\":[{\"@type\":\"ReadAction\",\"target\":[\"https:\/\/ch.thelongevitykitchen.com\/fr\/shop\/menu-en-promotion\/menu-cheto-7-full\/\"]}]},{\"@type\":\"ImageObject\",\"inLanguage\":\"fr-FR\",\"@id\":\"https:\/\/ch.thelongevitykitchen.com\/fr\/shop\/menu-en-promotion\/menu-cheto-7-full\/#primaryimage\",\"url\":\"https:\/\/ch.thelongevitykitchen.com\/wp-content\/uploads\/2024\/04\/TLK_PIATTI-PER-COPERTINA-KIT-MENU-keto.jpg\",\"contentUrl\":\"https:\/\/ch.thelongevitykitchen.com\/wp-content\/uploads\/2024\/04\/TLK_PIATTI-PER-COPERTINA-KIT-MENU-keto.jpg\",\"width\":1200,\"height\":1200},{\"@type\":\"BreadcrumbList\",\"@id\":\"https:\/\/ch.thelongevitykitchen.com\/fr\/shop\/menu-en-promotion\/menu-cheto-7-full\/#breadcrumb\",\"itemListElement\":[{\"@type\":\"ListItem\",\"position\":1,\"name\":\"Home\",\"item\":\"https:\/\/studiomate.thelongevitykitchen.com\/fr\/\"},{\"@type\":\"ListItem\",\"position\":2,\"name\":\"Menu en promotion\",\"item\":\"https:\/\/ch.thelongevitykitchen.com\/fr\/categorie\/menu-en-promotion\/\"},{\"@type\":\"ListItem\",\"position\":3,\"name\":\"Menu Keto &#8211; 7 FULL\"}]},{\"@type\":\"WebSite\",\"@id\":\"https:\/\/ch.thelongevitykitchen.com\/fr\/#website\",\"url\":\"https:\/\/ch.thelongevitykitchen.com\/fr\/\",\"name\":\"The Longevity Kitchen - CH\",\"description\":\"Feeding Good\",\"potentialAction\":[{\"@type\":\"SearchAction\",\"target\":{\"@type\":\"EntryPoint\",\"urlTemplate\":\"https:\/\/ch.thelongevitykitchen.com\/fr\/?s={search_term_string}\"},\"query-input\":{\"@type\":\"PropertyValueSpecification\",\"valueRequired\":true,\"valueName\":\"search_term_string\"}}],\"inLanguage\":\"fr-FR\"}]}<\/script>\n<!-- \/ Yoast SEO plugin. -->","yoast_head_json":{"title":"Menu c\u00e9tog\u00e8ne - 7 jours : le r\u00e9gime c\u00e9tog\u00e8ne \u00e0 votre disposition - The Longevity Kitchen - CH","description":"En utilisant les graisses stock\u00e9es comme source d\u2019\u00e9nergie, le menu Keto stimule une perte de poids rapide et une meilleure concentration.","robots":{"index":"index","follow":"follow","max-snippet":"max-snippet:-1","max-image-preview":"max-image-preview:large","max-video-preview":"max-video-preview:-1"},"canonical":"https:\/\/ch.thelongevitykitchen.com\/fr\/shop\/menu-en-promotion\/menu-cheto-7-full\/","og_locale":"fr_FR","og_type":"article","og_title":"Menu c\u00e9tog\u00e8ne - 7 jours : le r\u00e9gime c\u00e9tog\u00e8ne \u00e0 votre disposition - The Longevity Kitchen - CH","og_description":"En utilisant les graisses stock\u00e9es comme source d\u2019\u00e9nergie, le menu Keto stimule une perte de poids rapide et une meilleure concentration.","og_url":"https:\/\/ch.thelongevitykitchen.com\/fr\/shop\/menu-en-promotion\/menu-cheto-7-full\/","og_site_name":"The Longevity Kitchen - CH","article_modified_time":"2025-02-24T12:56:43+00:00","og_image":[{"width":1200,"height":1200,"url":"https:\/\/ch.thelongevitykitchen.com\/wp-content\/uploads\/2024\/04\/TLK_PIATTI-PER-COPERTINA-KIT-MENU-keto.jpg","type":"image\/jpeg"}],"twitter_card":"summary_large_image","twitter_misc":{"Dur\u00e9e de lecture estim\u00e9e":"1 minute"},"schema":{"@context":"https:\/\/schema.org","@graph":[{"@type":"WebPage","@id":"https:\/\/ch.thelongevitykitchen.com\/fr\/shop\/menu-en-promotion\/menu-cheto-7-full\/","url":"https:\/\/ch.thelongevitykitchen.com\/fr\/shop\/menu-en-promotion\/menu-cheto-7-full\/","name":"Menu c\u00e9tog\u00e8ne - 7 jours : le r\u00e9gime c\u00e9tog\u00e8ne \u00e0 votre disposition - The Longevity Kitchen - CH","isPartOf":{"@id":"https:\/\/ch.thelongevitykitchen.com\/fr\/#website"},"primaryImageOfPage":{"@id":"https:\/\/ch.thelongevitykitchen.com\/fr\/shop\/menu-en-promotion\/menu-cheto-7-full\/#primaryimage"},"image":{"@id":"https:\/\/ch.thelongevitykitchen.com\/fr\/shop\/menu-en-promotion\/menu-cheto-7-full\/#primaryimage"},"thumbnailUrl":"https:\/\/ch.thelongevitykitchen.com\/wp-content\/uploads\/2024\/04\/TLK_PIATTI-PER-COPERTINA-KIT-MENU-keto.jpg","datePublished":"2025-02-21T14:18:38+00:00","dateModified":"2025-02-24T12:56:43+00:00","description":"En utilisant les graisses stock\u00e9es comme source d\u2019\u00e9nergie, le menu Keto stimule une perte de poids rapide et une meilleure concentration.","breadcrumb":{"@id":"https:\/\/ch.thelongevitykitchen.com\/fr\/shop\/menu-en-promotion\/menu-cheto-7-full\/#breadcrumb"},"inLanguage":"fr-FR","potentialAction":[{"@type":"ReadAction","target":["https:\/\/ch.thelongevitykitchen.com\/fr\/shop\/menu-en-promotion\/menu-cheto-7-full\/"]}]},{"@type":"ImageObject","inLanguage":"fr-FR","@id":"https:\/\/ch.thelongevitykitchen.com\/fr\/shop\/menu-en-promotion\/menu-cheto-7-full\/#primaryimage","url":"https:\/\/ch.thelongevitykitchen.com\/wp-content\/uploads\/2024\/04\/TLK_PIATTI-PER-COPERTINA-KIT-MENU-keto.jpg","contentUrl":"https:\/\/ch.thelongevitykitchen.com\/wp-content\/uploads\/2024\/04\/TLK_PIATTI-PER-COPERTINA-KIT-MENU-keto.jpg","width":1200,"height":1200},{"@type":"BreadcrumbList","@id":"https:\/\/ch.thelongevitykitchen.com\/fr\/shop\/menu-en-promotion\/menu-cheto-7-full\/#breadcrumb","itemListElement":[{"@type":"ListItem","position":1,"name":"Home","item":"https:\/\/studiomate.thelongevitykitchen.com\/fr\/"},{"@type":"ListItem","position":2,"name":"Menu en promotion","item":"https:\/\/ch.thelongevitykitchen.com\/fr\/categorie\/menu-en-promotion\/"},{"@type":"ListItem","position":3,"name":"Menu Keto &#8211; 7 FULL"}]},{"@type":"WebSite","@id":"https:\/\/ch.thelongevitykitchen.com\/fr\/#website","url":"https:\/\/ch.thelongevitykitchen.com\/fr\/","name":"The Longevity Kitchen - CH","description":"Feeding Good","potentialAction":[{"@type":"SearchAction","target":{"@type":"EntryPoint","urlTemplate":"https:\/\/ch.thelongevitykitchen.com\/fr\/?s={search_term_string}"},"query-input":{"@type":"PropertyValueSpecification","valueRequired":true,"valueName":"search_term_string"}}],"inLanguage":"fr-FR"}]}},"_links":{"self":[{"href":"https:\/\/ch.thelongevitykitchen.com\/fr\/wp-json\/wp\/v2\/product\/349860","targetHints":{"allow":["GET"]}}],"collection":[{"href":"https:\/\/ch.thelongevitykitchen.com\/fr\/wp-json\/wp\/v2\/product"}],"about":[{"href":"https:\/\/ch.thelongevitykitchen.com\/fr\/wp-json\/wp\/v2\/types\/product"}],"wp:featuredmedia":[{"embeddable":true,"href":"https:\/\/ch.thelongevitykitchen.com\/fr\/wp-json\/wp\/v2\/media\/339953"}],"wp:attachment":[{"href":"https:\/\/ch.thelongevitykitchen.com\/fr\/wp-json\/wp\/v2\/media?parent=349860"}],"wp:term":[{"taxonomy":"product_brand","embeddable":true,"href":"https:\/\/ch.thelongevitykitchen.com\/fr\/wp-json\/wp\/v2\/product_brand?post=349860"},{"taxonomy":"product_cat","embeddable":true,"href":"https:\/\/ch.thelongevitykitchen.com\/fr\/wp-json\/wp\/v2\/product_cat?post=349860"},{"taxonomy":"product_tag","embeddable":true,"href":"https:\/\/ch.thelongevitykitchen.com\/fr\/wp-json\/wp\/v2\/product_tag?post=349860"}],"curies":[{"name":"wp","href":"https:\/\/api.w.org\/{rel}","templated":true}]}}