{"id":349527,"date":"2025-02-21T14:18:39","date_gmt":"2025-02-21T14:18:39","guid":{"rendered":"https:\/\/ch.thelongevitykitchen.com\/shop\/non%20class\u00e9\/menu-microbiota-5-full\/"},"modified":"2025-02-24T12:59:29","modified_gmt":"2025-02-24T12:59:29","slug":"menu-microbiota-5-full","status":"publish","type":"product","link":"https:\/\/ch.thelongevitykitchen.com\/fr\/shop\/menu-en-promotion\/menu-microbiota-5-full\/","title":{"rendered":"Menu Microbiote &#8211; 5 FULL"},"content":{"rendered":"<p>Les <strong>microorganismes<\/strong> qui peuplent l&rsquo;intestin sont capables de moduler le syst\u00e8me immunitaire en g\u00e9n\u00e9rant des mol\u00e9cules pro-inflammatoires ou, au contraire, en am\u00e9liorant l&rsquo;\u00e9tat de sant\u00e9 et de protection. Tout d\u00e9pend des diff\u00e9rentes esp\u00e8ces et de leur \u00e9quilibre au sein de l&rsquo;organisme.<\/p>\n","protected":false},"excerpt":{"rendered":"<p>Des plats con\u00e7us pour am\u00e9liorer votre bien-\u00eatre, favorisant l&rsquo;\u00e9quilibre de la flore intestinale et vos d\u00e9fenses immunitaires.<\/p>\n<ul>\n<li><strong>5 jours COMPLETS<\/strong> \u2013 toute la semaine : 5 petits-d\u00e9jeuners, 5 d\u00e9jeuners, 5 d\u00eeners<\/li>\n<\/ul>\n<p>&nbsp;<\/p>\n","protected":false},"featured_media":339767,"template":"","meta":{"_acf_changed":false},"product_brand":[],"product_cat":[353],"product_tag":[383],"class_list":{"0":"post-349527","1":"product","2":"type-product","3":"status-publish","4":"has-post-thumbnail","6":"product_cat-menu-en-promotion","7":"product_tag-regime-microbiote","9":"first","10":"instock","11":"taxable","12":"shipping-taxable","13":"purchasable","14":"product-type-simple"},"bundled_by":[],"bundle_stock_status":"instock","bundle_stock_quantity":null,"bundle_virtual":false,"bundle_layout":"","bundle_add_to_cart_form_location":"","bundle_editable_in_cart":false,"bundle_sold_individually_context":"","bundle_item_grouping":"","bundle_min_size":"","bundle_max_size":"","bundle_price":[],"bundled_items":[],"bundle_sell_ids":[],"acf":[],"yoast_head":"<!-- This site is optimized with the Yoast SEO plugin v24.8.1 - https:\/\/yoast.com\/wordpress\/plugins\/seo\/ -->\n<title>Menu Microbiote \u2013 5 jours pour am\u00e9liorer votre bien-\u00eatre<\/title>\n<meta name=\"description\" content=\"Des plats con\u00e7us pour favoriser l&#039;\u00e9quilibre de la flore intestinale et vos d\u00e9fenses immunitaires.\" \/>\n<meta name=\"robots\" content=\"index, follow, max-snippet:-1, max-image-preview:large, max-video-preview:-1\" \/>\n<link rel=\"canonical\" href=\"https:\/\/ch.thelongevitykitchen.com\/fr\/shop\/menu-en-promotion\/menu-microbiota-5-full\/\" \/>\n<meta property=\"og:locale\" content=\"fr_FR\" \/>\n<meta property=\"og:type\" content=\"article\" \/>\n<meta property=\"og:title\" content=\"Menu Microbiote \u2013 5 jours pour am\u00e9liorer votre bien-\u00eatre\" \/>\n<meta property=\"og:description\" content=\"Des plats con\u00e7us pour favoriser l&#039;\u00e9quilibre de la flore intestinale et vos d\u00e9fenses immunitaires.\" \/>\n<meta property=\"og:url\" content=\"https:\/\/ch.thelongevitykitchen.com\/fr\/shop\/menu-en-promotion\/menu-microbiota-5-full\/\" \/>\n<meta property=\"og:site_name\" content=\"The Longevity Kitchen - CH\" \/>\n<meta property=\"article:modified_time\" content=\"2025-02-24T12:59:29+00:00\" \/>\n<meta property=\"og:image\" content=\"https:\/\/ch.thelongevitykitchen.com\/wp-content\/uploads\/2023\/08\/TLK_PIATTI-PER-COPERTINA-KIT-MENU-copia.jpg\" \/>\n\t<meta property=\"og:image:width\" content=\"1200\" \/>\n\t<meta property=\"og:image:height\" content=\"1200\" \/>\n\t<meta property=\"og:image:type\" content=\"image\/jpeg\" \/>\n<meta name=\"twitter:card\" content=\"summary_large_image\" \/>\n<meta name=\"twitter:label1\" content=\"Dur\u00e9e de lecture estim\u00e9e\" \/>\n\t<meta name=\"twitter:data1\" content=\"1 minute\" \/>\n<script type=\"application\/ld+json\" class=\"yoast-schema-graph\">{\"@context\":\"https:\/\/schema.org\",\"@graph\":[{\"@type\":\"WebPage\",\"@id\":\"https:\/\/ch.thelongevitykitchen.com\/fr\/shop\/menu-en-promotion\/menu-microbiota-5-full\/\",\"url\":\"https:\/\/ch.thelongevitykitchen.com\/fr\/shop\/menu-en-promotion\/menu-microbiota-5-full\/\",\"name\":\"Menu Microbiote \u2013 5 jours pour am\u00e9liorer votre bien-\u00eatre\",\"isPartOf\":{\"@id\":\"https:\/\/ch.thelongevitykitchen.com\/fr\/#website\"},\"primaryImageOfPage\":{\"@id\":\"https:\/\/ch.thelongevitykitchen.com\/fr\/shop\/menu-en-promotion\/menu-microbiota-5-full\/#primaryimage\"},\"image\":{\"@id\":\"https:\/\/ch.thelongevitykitchen.com\/fr\/shop\/menu-en-promotion\/menu-microbiota-5-full\/#primaryimage\"},\"thumbnailUrl\":\"https:\/\/ch.thelongevitykitchen.com\/wp-content\/uploads\/2023\/08\/TLK_PIATTI-PER-COPERTINA-KIT-MENU-copia.jpg\",\"datePublished\":\"2025-02-21T14:18:39+00:00\",\"dateModified\":\"2025-02-24T12:59:29+00:00\",\"description\":\"Des plats con\u00e7us pour favoriser l'\u00e9quilibre de la flore intestinale et vos d\u00e9fenses immunitaires.\",\"breadcrumb\":{\"@id\":\"https:\/\/ch.thelongevitykitchen.com\/fr\/shop\/menu-en-promotion\/menu-microbiota-5-full\/#breadcrumb\"},\"inLanguage\":\"fr-FR\",\"potentialAction\":[{\"@type\":\"ReadAction\",\"target\":[\"https:\/\/ch.thelongevitykitchen.com\/fr\/shop\/menu-en-promotion\/menu-microbiota-5-full\/\"]}]},{\"@type\":\"ImageObject\",\"inLanguage\":\"fr-FR\",\"@id\":\"https:\/\/ch.thelongevitykitchen.com\/fr\/shop\/menu-en-promotion\/menu-microbiota-5-full\/#primaryimage\",\"url\":\"https:\/\/ch.thelongevitykitchen.com\/wp-content\/uploads\/2023\/08\/TLK_PIATTI-PER-COPERTINA-KIT-MENU-copia.jpg\",\"contentUrl\":\"https:\/\/ch.thelongevitykitchen.com\/wp-content\/uploads\/2023\/08\/TLK_PIATTI-PER-COPERTINA-KIT-MENU-copia.jpg\",\"width\":1200,\"height\":1200},{\"@type\":\"BreadcrumbList\",\"@id\":\"https:\/\/ch.thelongevitykitchen.com\/fr\/shop\/menu-en-promotion\/menu-microbiota-5-full\/#breadcrumb\",\"itemListElement\":[{\"@type\":\"ListItem\",\"position\":1,\"name\":\"Home\",\"item\":\"https:\/\/studiomate.thelongevitykitchen.com\/fr\/\"},{\"@type\":\"ListItem\",\"position\":2,\"name\":\"Menu en promotion\",\"item\":\"https:\/\/ch.thelongevitykitchen.com\/fr\/categorie\/menu-en-promotion\/\"},{\"@type\":\"ListItem\",\"position\":3,\"name\":\"Menu Microbiote &#8211; 5 FULL\"}]},{\"@type\":\"WebSite\",\"@id\":\"https:\/\/ch.thelongevitykitchen.com\/fr\/#website\",\"url\":\"https:\/\/ch.thelongevitykitchen.com\/fr\/\",\"name\":\"The Longevity Kitchen - CH\",\"description\":\"Feeding Good\",\"potentialAction\":[{\"@type\":\"SearchAction\",\"target\":{\"@type\":\"EntryPoint\",\"urlTemplate\":\"https:\/\/ch.thelongevitykitchen.com\/fr\/?s={search_term_string}\"},\"query-input\":{\"@type\":\"PropertyValueSpecification\",\"valueRequired\":true,\"valueName\":\"search_term_string\"}}],\"inLanguage\":\"fr-FR\"}]}<\/script>\n<!-- \/ Yoast SEO plugin. -->","yoast_head_json":{"title":"Menu Microbiote \u2013 5 jours pour am\u00e9liorer votre bien-\u00eatre","description":"Des plats con\u00e7us pour favoriser l'\u00e9quilibre de la flore intestinale et vos d\u00e9fenses immunitaires.","robots":{"index":"index","follow":"follow","max-snippet":"max-snippet:-1","max-image-preview":"max-image-preview:large","max-video-preview":"max-video-preview:-1"},"canonical":"https:\/\/ch.thelongevitykitchen.com\/fr\/shop\/menu-en-promotion\/menu-microbiota-5-full\/","og_locale":"fr_FR","og_type":"article","og_title":"Menu Microbiote \u2013 5 jours pour am\u00e9liorer votre bien-\u00eatre","og_description":"Des plats con\u00e7us pour favoriser l'\u00e9quilibre de la flore intestinale et vos d\u00e9fenses immunitaires.","og_url":"https:\/\/ch.thelongevitykitchen.com\/fr\/shop\/menu-en-promotion\/menu-microbiota-5-full\/","og_site_name":"The Longevity Kitchen - CH","article_modified_time":"2025-02-24T12:59:29+00:00","og_image":[{"width":1200,"height":1200,"url":"https:\/\/ch.thelongevitykitchen.com\/wp-content\/uploads\/2023\/08\/TLK_PIATTI-PER-COPERTINA-KIT-MENU-copia.jpg","type":"image\/jpeg"}],"twitter_card":"summary_large_image","twitter_misc":{"Dur\u00e9e de lecture estim\u00e9e":"1 minute"},"schema":{"@context":"https:\/\/schema.org","@graph":[{"@type":"WebPage","@id":"https:\/\/ch.thelongevitykitchen.com\/fr\/shop\/menu-en-promotion\/menu-microbiota-5-full\/","url":"https:\/\/ch.thelongevitykitchen.com\/fr\/shop\/menu-en-promotion\/menu-microbiota-5-full\/","name":"Menu Microbiote \u2013 5 jours pour am\u00e9liorer votre bien-\u00eatre","isPartOf":{"@id":"https:\/\/ch.thelongevitykitchen.com\/fr\/#website"},"primaryImageOfPage":{"@id":"https:\/\/ch.thelongevitykitchen.com\/fr\/shop\/menu-en-promotion\/menu-microbiota-5-full\/#primaryimage"},"image":{"@id":"https:\/\/ch.thelongevitykitchen.com\/fr\/shop\/menu-en-promotion\/menu-microbiota-5-full\/#primaryimage"},"thumbnailUrl":"https:\/\/ch.thelongevitykitchen.com\/wp-content\/uploads\/2023\/08\/TLK_PIATTI-PER-COPERTINA-KIT-MENU-copia.jpg","datePublished":"2025-02-21T14:18:39+00:00","dateModified":"2025-02-24T12:59:29+00:00","description":"Des plats con\u00e7us pour favoriser l'\u00e9quilibre de la flore intestinale et vos d\u00e9fenses immunitaires.","breadcrumb":{"@id":"https:\/\/ch.thelongevitykitchen.com\/fr\/shop\/menu-en-promotion\/menu-microbiota-5-full\/#breadcrumb"},"inLanguage":"fr-FR","potentialAction":[{"@type":"ReadAction","target":["https:\/\/ch.thelongevitykitchen.com\/fr\/shop\/menu-en-promotion\/menu-microbiota-5-full\/"]}]},{"@type":"ImageObject","inLanguage":"fr-FR","@id":"https:\/\/ch.thelongevitykitchen.com\/fr\/shop\/menu-en-promotion\/menu-microbiota-5-full\/#primaryimage","url":"https:\/\/ch.thelongevitykitchen.com\/wp-content\/uploads\/2023\/08\/TLK_PIATTI-PER-COPERTINA-KIT-MENU-copia.jpg","contentUrl":"https:\/\/ch.thelongevitykitchen.com\/wp-content\/uploads\/2023\/08\/TLK_PIATTI-PER-COPERTINA-KIT-MENU-copia.jpg","width":1200,"height":1200},{"@type":"BreadcrumbList","@id":"https:\/\/ch.thelongevitykitchen.com\/fr\/shop\/menu-en-promotion\/menu-microbiota-5-full\/#breadcrumb","itemListElement":[{"@type":"ListItem","position":1,"name":"Home","item":"https:\/\/studiomate.thelongevitykitchen.com\/fr\/"},{"@type":"ListItem","position":2,"name":"Menu en promotion","item":"https:\/\/ch.thelongevitykitchen.com\/fr\/categorie\/menu-en-promotion\/"},{"@type":"ListItem","position":3,"name":"Menu Microbiote &#8211; 5 FULL"}]},{"@type":"WebSite","@id":"https:\/\/ch.thelongevitykitchen.com\/fr\/#website","url":"https:\/\/ch.thelongevitykitchen.com\/fr\/","name":"The Longevity Kitchen - CH","description":"Feeding Good","potentialAction":[{"@type":"SearchAction","target":{"@type":"EntryPoint","urlTemplate":"https:\/\/ch.thelongevitykitchen.com\/fr\/?s={search_term_string}"},"query-input":{"@type":"PropertyValueSpecification","valueRequired":true,"valueName":"search_term_string"}}],"inLanguage":"fr-FR"}]}},"_links":{"self":[{"href":"https:\/\/ch.thelongevitykitchen.com\/fr\/wp-json\/wp\/v2\/product\/349527","targetHints":{"allow":["GET"]}}],"collection":[{"href":"https:\/\/ch.thelongevitykitchen.com\/fr\/wp-json\/wp\/v2\/product"}],"about":[{"href":"https:\/\/ch.thelongevitykitchen.com\/fr\/wp-json\/wp\/v2\/types\/product"}],"wp:featuredmedia":[{"embeddable":true,"href":"https:\/\/ch.thelongevitykitchen.com\/fr\/wp-json\/wp\/v2\/media\/339767"}],"wp:attachment":[{"href":"https:\/\/ch.thelongevitykitchen.com\/fr\/wp-json\/wp\/v2\/media?parent=349527"}],"wp:term":[{"taxonomy":"product_brand","embeddable":true,"href":"https:\/\/ch.thelongevitykitchen.com\/fr\/wp-json\/wp\/v2\/product_brand?post=349527"},{"taxonomy":"product_cat","embeddable":true,"href":"https:\/\/ch.thelongevitykitchen.com\/fr\/wp-json\/wp\/v2\/product_cat?post=349527"},{"taxonomy":"product_tag","embeddable":true,"href":"https:\/\/ch.thelongevitykitchen.com\/fr\/wp-json\/wp\/v2\/product_tag?post=349527"}],"curies":[{"name":"wp","href":"https:\/\/api.w.org\/{rel}","templated":true}]}}