{"id":349251,"date":"2025-02-21T14:18:40","date_gmt":"2025-02-21T14:18:40","guid":{"rendered":"https:\/\/ch.thelongevitykitchen.com\/shop\/non%20class\u00e9\/menu-vegetariano-5full\/"},"modified":"2025-02-24T13:06:37","modified_gmt":"2025-02-24T13:06:37","slug":"menu-vegetariano-5full","status":"publish","type":"product","link":"https:\/\/ch.thelongevitykitchen.com\/fr\/shop\/menu-en-promotion\/menu-vegetariano-5full\/","title":{"rendered":"Menu V\u00e9g\u00e9tarien &#8211; 5 FULL"},"content":{"rendered":"<p>Le <strong>programme v\u00e9g\u00e9tarien<\/strong> apporte \u00e0 l\u2019organisme de nombreux bienfaits physiologiques et environnementaux. L\u2019absence de viande, combin\u00e9e \u00e0 l\u2019abondance de phytonutriments et de fibres pr\u00e9sents dans les l\u00e9gumes, a d\u00e9montr\u00e9 des <strong>b\u00e9n\u00e9fices pour la sant\u00e9 g\u00e9n\u00e9rale<\/strong> et pour la pr\u00e9vention des maladies chroniques.<\/p>\n<p>Dans chaque plat de notre menu v\u00e9g\u00e9tarien, tous les nutriments sont \u00e9quilibr\u00e9s pour vous accompagner tout au long de la journ\u00e9e. Contient des plats imaginatifs \u00e0 base de l\u00e9gumes, de l\u00e9gumineuses, de c\u00e9r\u00e9ales, d\u2019\u00e9pices et de superaliments.<\/p>\n","protected":false},"excerpt":{"rendered":"<p>Des plats sains et durables, id\u00e9aux pour ceux qui adoptent un r\u00e9gime v\u00e9g\u00e9tarien sans perdre le bon apport \u00e9nerg\u00e9tique quotidien.<\/p>\n<ul>\n<li><strong>5 jours COMPLETS<\/strong> \u2013 toute la semaine : 5 petits-d\u00e9jeuners, 5 d\u00e9jeuners, 5 d\u00eeners<\/li>\n<\/ul>\n","protected":false},"featured_media":339817,"template":"","meta":{"_acf_changed":false},"product_brand":[],"product_cat":[353],"product_tag":[387],"class_list":{"0":"post-349251","1":"product","2":"type-product","3":"status-publish","4":"has-post-thumbnail","6":"product_cat-menu-en-promotion","7":"product_tag-regime-vegetarien","9":"first","10":"instock","11":"taxable","12":"shipping-taxable","13":"purchasable","14":"product-type-simple"},"bundled_by":[],"bundle_stock_status":"instock","bundle_stock_quantity":null,"bundle_virtual":false,"bundle_layout":"","bundle_add_to_cart_form_location":"","bundle_editable_in_cart":false,"bundle_sold_individually_context":"","bundle_item_grouping":"","bundle_min_size":"","bundle_max_size":"","bundle_price":[],"bundled_items":[],"bundle_sell_ids":[],"acf":[],"yoast_head":"<!-- This site is optimized with the Yoast SEO plugin v24.8.1 - https:\/\/yoast.com\/wordpress\/plugins\/seo\/ -->\n<title>Menu V\u00e9g\u00e9tarien - 5 jours de plats sains et durables<\/title>\n<meta name=\"description\" content=\"5 petits d\u00e9jeuners, d\u00e9jeuners et d\u00eeners id\u00e9aux pour ceux qui suivent un r\u00e9gime v\u00e9g\u00e9tarien sans perdre l\u2019apport \u00e9nerg\u00e9tique quotidien correct.\" \/>\n<meta name=\"robots\" content=\"index, follow, max-snippet:-1, max-image-preview:large, max-video-preview:-1\" \/>\n<link rel=\"canonical\" href=\"https:\/\/ch.thelongevitykitchen.com\/fr\/shop\/menu-en-promotion\/menu-vegetariano-5full\/\" \/>\n<meta property=\"og:locale\" content=\"fr_FR\" \/>\n<meta property=\"og:type\" content=\"article\" \/>\n<meta property=\"og:title\" content=\"Menu V\u00e9g\u00e9tarien - 5 jours de plats sains et durables\" \/>\n<meta property=\"og:description\" content=\"5 petits d\u00e9jeuners, d\u00e9jeuners et d\u00eeners id\u00e9aux pour ceux qui suivent un r\u00e9gime v\u00e9g\u00e9tarien sans perdre l\u2019apport \u00e9nerg\u00e9tique quotidien correct.\" \/>\n<meta property=\"og:url\" content=\"https:\/\/ch.thelongevitykitchen.com\/fr\/shop\/menu-en-promotion\/menu-vegetariano-5full\/\" \/>\n<meta property=\"og:site_name\" content=\"The Longevity Kitchen - CH\" \/>\n<meta property=\"article:modified_time\" content=\"2025-02-24T13:06:37+00:00\" \/>\n<meta property=\"og:image\" content=\"https:\/\/ch.thelongevitykitchen.com\/wp-content\/uploads\/2023\/12\/copertina-minestrone-scaled.webp\" \/>\n\t<meta property=\"og:image:width\" content=\"2560\" \/>\n\t<meta property=\"og:image:height\" content=\"2560\" \/>\n\t<meta property=\"og:image:type\" content=\"image\/webp\" \/>\n<meta name=\"twitter:card\" content=\"summary_large_image\" \/>\n<meta name=\"twitter:label1\" content=\"Dur\u00e9e de lecture estim\u00e9e\" \/>\n\t<meta name=\"twitter:data1\" content=\"1 minute\" \/>\n<script type=\"application\/ld+json\" class=\"yoast-schema-graph\">{\"@context\":\"https:\/\/schema.org\",\"@graph\":[{\"@type\":\"WebPage\",\"@id\":\"https:\/\/ch.thelongevitykitchen.com\/fr\/shop\/menu-en-promotion\/menu-vegetariano-5full\/\",\"url\":\"https:\/\/ch.thelongevitykitchen.com\/fr\/shop\/menu-en-promotion\/menu-vegetariano-5full\/\",\"name\":\"Menu V\u00e9g\u00e9tarien - 5 jours de plats sains et durables\",\"isPartOf\":{\"@id\":\"https:\/\/ch.thelongevitykitchen.com\/fr\/#website\"},\"primaryImageOfPage\":{\"@id\":\"https:\/\/ch.thelongevitykitchen.com\/fr\/shop\/menu-en-promotion\/menu-vegetariano-5full\/#primaryimage\"},\"image\":{\"@id\":\"https:\/\/ch.thelongevitykitchen.com\/fr\/shop\/menu-en-promotion\/menu-vegetariano-5full\/#primaryimage\"},\"thumbnailUrl\":\"https:\/\/ch.thelongevitykitchen.com\/wp-content\/uploads\/2023\/12\/copertina-minestrone-scaled.webp\",\"datePublished\":\"2025-02-21T14:18:40+00:00\",\"dateModified\":\"2025-02-24T13:06:37+00:00\",\"description\":\"5 petits d\u00e9jeuners, d\u00e9jeuners et d\u00eeners id\u00e9aux pour ceux qui suivent un r\u00e9gime v\u00e9g\u00e9tarien sans perdre l\u2019apport \u00e9nerg\u00e9tique quotidien correct.\",\"breadcrumb\":{\"@id\":\"https:\/\/ch.thelongevitykitchen.com\/fr\/shop\/menu-en-promotion\/menu-vegetariano-5full\/#breadcrumb\"},\"inLanguage\":\"fr-FR\",\"potentialAction\":[{\"@type\":\"ReadAction\",\"target\":[\"https:\/\/ch.thelongevitykitchen.com\/fr\/shop\/menu-en-promotion\/menu-vegetariano-5full\/\"]}]},{\"@type\":\"ImageObject\",\"inLanguage\":\"fr-FR\",\"@id\":\"https:\/\/ch.thelongevitykitchen.com\/fr\/shop\/menu-en-promotion\/menu-vegetariano-5full\/#primaryimage\",\"url\":\"https:\/\/ch.thelongevitykitchen.com\/wp-content\/uploads\/2023\/12\/copertina-minestrone-scaled.webp\",\"contentUrl\":\"https:\/\/ch.thelongevitykitchen.com\/wp-content\/uploads\/2023\/12\/copertina-minestrone-scaled.webp\",\"width\":2560,\"height\":2560},{\"@type\":\"BreadcrumbList\",\"@id\":\"https:\/\/ch.thelongevitykitchen.com\/fr\/shop\/menu-en-promotion\/menu-vegetariano-5full\/#breadcrumb\",\"itemListElement\":[{\"@type\":\"ListItem\",\"position\":1,\"name\":\"Home\",\"item\":\"https:\/\/studiomate.thelongevitykitchen.com\/fr\/\"},{\"@type\":\"ListItem\",\"position\":2,\"name\":\"Menu en promotion\",\"item\":\"https:\/\/ch.thelongevitykitchen.com\/fr\/categorie\/menu-en-promotion\/\"},{\"@type\":\"ListItem\",\"position\":3,\"name\":\"Menu V\u00e9g\u00e9tarien &#8211; 5 FULL\"}]},{\"@type\":\"WebSite\",\"@id\":\"https:\/\/ch.thelongevitykitchen.com\/fr\/#website\",\"url\":\"https:\/\/ch.thelongevitykitchen.com\/fr\/\",\"name\":\"The Longevity Kitchen - CH\",\"description\":\"Feeding Good\",\"potentialAction\":[{\"@type\":\"SearchAction\",\"target\":{\"@type\":\"EntryPoint\",\"urlTemplate\":\"https:\/\/ch.thelongevitykitchen.com\/fr\/?s={search_term_string}\"},\"query-input\":{\"@type\":\"PropertyValueSpecification\",\"valueRequired\":true,\"valueName\":\"search_term_string\"}}],\"inLanguage\":\"fr-FR\"}]}<\/script>\n<!-- \/ Yoast SEO plugin. -->","yoast_head_json":{"title":"Menu V\u00e9g\u00e9tarien - 5 jours de plats sains et durables","description":"5 petits d\u00e9jeuners, d\u00e9jeuners et d\u00eeners id\u00e9aux pour ceux qui suivent un r\u00e9gime v\u00e9g\u00e9tarien sans perdre l\u2019apport \u00e9nerg\u00e9tique quotidien correct.","robots":{"index":"index","follow":"follow","max-snippet":"max-snippet:-1","max-image-preview":"max-image-preview:large","max-video-preview":"max-video-preview:-1"},"canonical":"https:\/\/ch.thelongevitykitchen.com\/fr\/shop\/menu-en-promotion\/menu-vegetariano-5full\/","og_locale":"fr_FR","og_type":"article","og_title":"Menu V\u00e9g\u00e9tarien - 5 jours de plats sains et durables","og_description":"5 petits d\u00e9jeuners, d\u00e9jeuners et d\u00eeners id\u00e9aux pour ceux qui suivent un r\u00e9gime v\u00e9g\u00e9tarien sans perdre l\u2019apport \u00e9nerg\u00e9tique quotidien correct.","og_url":"https:\/\/ch.thelongevitykitchen.com\/fr\/shop\/menu-en-promotion\/menu-vegetariano-5full\/","og_site_name":"The Longevity Kitchen - CH","article_modified_time":"2025-02-24T13:06:37+00:00","og_image":[{"width":2560,"height":2560,"url":"https:\/\/ch.thelongevitykitchen.com\/wp-content\/uploads\/2023\/12\/copertina-minestrone-scaled.webp","type":"image\/webp"}],"twitter_card":"summary_large_image","twitter_misc":{"Dur\u00e9e de lecture estim\u00e9e":"1 minute"},"schema":{"@context":"https:\/\/schema.org","@graph":[{"@type":"WebPage","@id":"https:\/\/ch.thelongevitykitchen.com\/fr\/shop\/menu-en-promotion\/menu-vegetariano-5full\/","url":"https:\/\/ch.thelongevitykitchen.com\/fr\/shop\/menu-en-promotion\/menu-vegetariano-5full\/","name":"Menu V\u00e9g\u00e9tarien - 5 jours de plats sains et durables","isPartOf":{"@id":"https:\/\/ch.thelongevitykitchen.com\/fr\/#website"},"primaryImageOfPage":{"@id":"https:\/\/ch.thelongevitykitchen.com\/fr\/shop\/menu-en-promotion\/menu-vegetariano-5full\/#primaryimage"},"image":{"@id":"https:\/\/ch.thelongevitykitchen.com\/fr\/shop\/menu-en-promotion\/menu-vegetariano-5full\/#primaryimage"},"thumbnailUrl":"https:\/\/ch.thelongevitykitchen.com\/wp-content\/uploads\/2023\/12\/copertina-minestrone-scaled.webp","datePublished":"2025-02-21T14:18:40+00:00","dateModified":"2025-02-24T13:06:37+00:00","description":"5 petits d\u00e9jeuners, d\u00e9jeuners et d\u00eeners id\u00e9aux pour ceux qui suivent un r\u00e9gime v\u00e9g\u00e9tarien sans perdre l\u2019apport \u00e9nerg\u00e9tique quotidien correct.","breadcrumb":{"@id":"https:\/\/ch.thelongevitykitchen.com\/fr\/shop\/menu-en-promotion\/menu-vegetariano-5full\/#breadcrumb"},"inLanguage":"fr-FR","potentialAction":[{"@type":"ReadAction","target":["https:\/\/ch.thelongevitykitchen.com\/fr\/shop\/menu-en-promotion\/menu-vegetariano-5full\/"]}]},{"@type":"ImageObject","inLanguage":"fr-FR","@id":"https:\/\/ch.thelongevitykitchen.com\/fr\/shop\/menu-en-promotion\/menu-vegetariano-5full\/#primaryimage","url":"https:\/\/ch.thelongevitykitchen.com\/wp-content\/uploads\/2023\/12\/copertina-minestrone-scaled.webp","contentUrl":"https:\/\/ch.thelongevitykitchen.com\/wp-content\/uploads\/2023\/12\/copertina-minestrone-scaled.webp","width":2560,"height":2560},{"@type":"BreadcrumbList","@id":"https:\/\/ch.thelongevitykitchen.com\/fr\/shop\/menu-en-promotion\/menu-vegetariano-5full\/#breadcrumb","itemListElement":[{"@type":"ListItem","position":1,"name":"Home","item":"https:\/\/studiomate.thelongevitykitchen.com\/fr\/"},{"@type":"ListItem","position":2,"name":"Menu en promotion","item":"https:\/\/ch.thelongevitykitchen.com\/fr\/categorie\/menu-en-promotion\/"},{"@type":"ListItem","position":3,"name":"Menu V\u00e9g\u00e9tarien &#8211; 5 FULL"}]},{"@type":"WebSite","@id":"https:\/\/ch.thelongevitykitchen.com\/fr\/#website","url":"https:\/\/ch.thelongevitykitchen.com\/fr\/","name":"The Longevity Kitchen - CH","description":"Feeding Good","potentialAction":[{"@type":"SearchAction","target":{"@type":"EntryPoint","urlTemplate":"https:\/\/ch.thelongevitykitchen.com\/fr\/?s={search_term_string}"},"query-input":{"@type":"PropertyValueSpecification","valueRequired":true,"valueName":"search_term_string"}}],"inLanguage":"fr-FR"}]}},"_links":{"self":[{"href":"https:\/\/ch.thelongevitykitchen.com\/fr\/wp-json\/wp\/v2\/product\/349251","targetHints":{"allow":["GET"]}}],"collection":[{"href":"https:\/\/ch.thelongevitykitchen.com\/fr\/wp-json\/wp\/v2\/product"}],"about":[{"href":"https:\/\/ch.thelongevitykitchen.com\/fr\/wp-json\/wp\/v2\/types\/product"}],"wp:featuredmedia":[{"embeddable":true,"href":"https:\/\/ch.thelongevitykitchen.com\/fr\/wp-json\/wp\/v2\/media\/339817"}],"wp:attachment":[{"href":"https:\/\/ch.thelongevitykitchen.com\/fr\/wp-json\/wp\/v2\/media?parent=349251"}],"wp:term":[{"taxonomy":"product_brand","embeddable":true,"href":"https:\/\/ch.thelongevitykitchen.com\/fr\/wp-json\/wp\/v2\/product_brand?post=349251"},{"taxonomy":"product_cat","embeddable":true,"href":"https:\/\/ch.thelongevitykitchen.com\/fr\/wp-json\/wp\/v2\/product_cat?post=349251"},{"taxonomy":"product_tag","embeddable":true,"href":"https:\/\/ch.thelongevitykitchen.com\/fr\/wp-json\/wp\/v2\/product_tag?post=349251"}],"curies":[{"name":"wp","href":"https:\/\/api.w.org\/{rel}","templated":true}]}}