{"id":349202,"date":"2025-02-21T14:18:39","date_gmt":"2025-02-21T14:18:39","guid":{"rendered":"https:\/\/ch.thelongevitykitchen.com\/shop\/non%20class\u00e9\/menu-lifestyle-5-full\/"},"modified":"2025-02-24T13:13:06","modified_gmt":"2025-02-24T13:13:06","slug":"menu-lifestyle-5-full","status":"publish","type":"product","link":"https:\/\/ch.thelongevitykitchen.com\/fr\/shop\/menu-en-promotion\/menu-lifestyle-5-full\/","title":{"rendered":"Menu Lifestyle &#8211; 5 FULL"},"content":{"rendered":"<p>Les plats du <strong>menu Lifestyle<\/strong> sont riches en antioxydants, vitamines et min\u00e9raux. Id\u00e9al pour ceux qui souhaitent prendre soin de leur corps dans son int\u00e9gralit\u00e9. Le programme Lifestyle se concentre sur l&rsquo;efficacit\u00e9 m\u00e9tabolique cellulaire et, par cons\u00e9quent, s&rsquo;il est suivi de mani\u00e8re coh\u00e9rente, il conduit \u00e0 une am\u00e9lioration du bien-\u00eatre de l&rsquo;ensemble de l&rsquo;organisme.<\/p>\n<p>&nbsp;<\/p>\n","protected":false},"excerpt":{"rendered":"<p>Plats riches en antioxydants, vitamines et min\u00e9raux. Id\u00e9al pour ceux qui souhaitent prendre soin de leur corps dans son int\u00e9gralit\u00e9.<\/p>\n<ul>\n<li><strong>5 jours COMPLET<\/strong> \u2013 toute la semaine\u00a0: 5 petits-d\u00e9jeuners, 5 d\u00e9jeuners, 5 d\u00eeners<\/li>\n<\/ul>\n","protected":false},"featured_media":339583,"template":"","meta":{"_acf_changed":false},"product_brand":[],"product_cat":[353],"product_tag":[371],"class_list":{"0":"post-349202","1":"product","2":"type-product","3":"status-publish","4":"has-post-thumbnail","6":"product_cat-menu-en-promotion","7":"product_tag-menu-lifestyle-fr","9":"first","10":"instock","11":"taxable","12":"shipping-taxable","13":"purchasable","14":"product-type-simple"},"bundled_by":[],"bundle_stock_status":"instock","bundle_stock_quantity":null,"bundle_virtual":false,"bundle_layout":"","bundle_add_to_cart_form_location":"","bundle_editable_in_cart":false,"bundle_sold_individually_context":"","bundle_item_grouping":"","bundle_min_size":"","bundle_max_size":"","bundle_price":[],"bundled_items":[],"bundle_sell_ids":[],"acf":[],"yoast_head":"<!-- This site is optimized with the Yoast SEO plugin v24.8.1 - https:\/\/yoast.com\/wordpress\/plugins\/seo\/ -->\n<title>Menu Lifestyle - 5 Jours riches en antioxydants et vitaminesThe Longevity Kitchen - CH<\/title>\n<meta name=\"description\" content=\"Menu id\u00e9al pour ceux qui veulent prendre soin de leur corps dans son int\u00e9gralit\u00e9 et lutter contre le vieillissement cellulaire.\" \/>\n<meta name=\"robots\" content=\"index, follow, max-snippet:-1, max-image-preview:large, max-video-preview:-1\" \/>\n<link rel=\"canonical\" href=\"https:\/\/ch.thelongevitykitchen.com\/fr\/shop\/menu-en-promotion\/menu-lifestyle-5-full\/\" \/>\n<meta property=\"og:locale\" content=\"fr_FR\" \/>\n<meta property=\"og:type\" content=\"article\" \/>\n<meta property=\"og:title\" content=\"Menu Lifestyle - 5 Jours riches en antioxydants et vitaminesThe Longevity Kitchen - CH\" \/>\n<meta property=\"og:description\" content=\"Menu id\u00e9al pour ceux qui veulent prendre soin de leur corps dans son int\u00e9gralit\u00e9 et lutter contre le vieillissement cellulaire.\" \/>\n<meta property=\"og:url\" content=\"https:\/\/ch.thelongevitykitchen.com\/fr\/shop\/menu-en-promotion\/menu-lifestyle-5-full\/\" \/>\n<meta property=\"og:site_name\" content=\"The Longevity Kitchen - CH\" \/>\n<meta property=\"article:modified_time\" content=\"2025-02-24T13:13:06+00:00\" \/>\n<meta property=\"og:image\" content=\"https:\/\/ch.thelongevitykitchen.com\/wp-content\/uploads\/2023\/08\/TLK_PIATTI-PER-COPERTINA-KIT-MENU3.jpg\" \/>\n\t<meta property=\"og:image:width\" content=\"1200\" \/>\n\t<meta property=\"og:image:height\" content=\"1200\" \/>\n\t<meta property=\"og:image:type\" content=\"image\/jpeg\" \/>\n<meta name=\"twitter:card\" content=\"summary_large_image\" \/>\n<meta name=\"twitter:label1\" content=\"Dur\u00e9e de lecture estim\u00e9e\" \/>\n\t<meta name=\"twitter:data1\" content=\"1 minute\" \/>\n<script type=\"application\/ld+json\" class=\"yoast-schema-graph\">{\"@context\":\"https:\/\/schema.org\",\"@graph\":[{\"@type\":\"WebPage\",\"@id\":\"https:\/\/ch.thelongevitykitchen.com\/fr\/shop\/menu-en-promotion\/menu-lifestyle-5-full\/\",\"url\":\"https:\/\/ch.thelongevitykitchen.com\/fr\/shop\/menu-en-promotion\/menu-lifestyle-5-full\/\",\"name\":\"Menu Lifestyle - 5 Jours riches en antioxydants et vitaminesThe Longevity Kitchen - CH\",\"isPartOf\":{\"@id\":\"https:\/\/ch.thelongevitykitchen.com\/fr\/#website\"},\"primaryImageOfPage\":{\"@id\":\"https:\/\/ch.thelongevitykitchen.com\/fr\/shop\/menu-en-promotion\/menu-lifestyle-5-full\/#primaryimage\"},\"image\":{\"@id\":\"https:\/\/ch.thelongevitykitchen.com\/fr\/shop\/menu-en-promotion\/menu-lifestyle-5-full\/#primaryimage\"},\"thumbnailUrl\":\"https:\/\/ch.thelongevitykitchen.com\/wp-content\/uploads\/2023\/08\/TLK_PIATTI-PER-COPERTINA-KIT-MENU3.jpg\",\"datePublished\":\"2025-02-21T14:18:39+00:00\",\"dateModified\":\"2025-02-24T13:13:06+00:00\",\"description\":\"Menu id\u00e9al pour ceux qui veulent prendre soin de leur corps dans son int\u00e9gralit\u00e9 et lutter contre le vieillissement cellulaire.\",\"breadcrumb\":{\"@id\":\"https:\/\/ch.thelongevitykitchen.com\/fr\/shop\/menu-en-promotion\/menu-lifestyle-5-full\/#breadcrumb\"},\"inLanguage\":\"fr-FR\",\"potentialAction\":[{\"@type\":\"ReadAction\",\"target\":[\"https:\/\/ch.thelongevitykitchen.com\/fr\/shop\/menu-en-promotion\/menu-lifestyle-5-full\/\"]}]},{\"@type\":\"ImageObject\",\"inLanguage\":\"fr-FR\",\"@id\":\"https:\/\/ch.thelongevitykitchen.com\/fr\/shop\/menu-en-promotion\/menu-lifestyle-5-full\/#primaryimage\",\"url\":\"https:\/\/ch.thelongevitykitchen.com\/wp-content\/uploads\/2023\/08\/TLK_PIATTI-PER-COPERTINA-KIT-MENU3.jpg\",\"contentUrl\":\"https:\/\/ch.thelongevitykitchen.com\/wp-content\/uploads\/2023\/08\/TLK_PIATTI-PER-COPERTINA-KIT-MENU3.jpg\",\"width\":1200,\"height\":1200},{\"@type\":\"BreadcrumbList\",\"@id\":\"https:\/\/ch.thelongevitykitchen.com\/fr\/shop\/menu-en-promotion\/menu-lifestyle-5-full\/#breadcrumb\",\"itemListElement\":[{\"@type\":\"ListItem\",\"position\":1,\"name\":\"Home\",\"item\":\"https:\/\/studiomate.thelongevitykitchen.com\/fr\/\"},{\"@type\":\"ListItem\",\"position\":2,\"name\":\"Menu en promotion\",\"item\":\"https:\/\/ch.thelongevitykitchen.com\/fr\/categorie\/menu-en-promotion\/\"},{\"@type\":\"ListItem\",\"position\":3,\"name\":\"Menu Lifestyle &#8211; 5 FULL\"}]},{\"@type\":\"WebSite\",\"@id\":\"https:\/\/ch.thelongevitykitchen.com\/fr\/#website\",\"url\":\"https:\/\/ch.thelongevitykitchen.com\/fr\/\",\"name\":\"The Longevity Kitchen - CH\",\"description\":\"Feeding Good\",\"potentialAction\":[{\"@type\":\"SearchAction\",\"target\":{\"@type\":\"EntryPoint\",\"urlTemplate\":\"https:\/\/ch.thelongevitykitchen.com\/fr\/?s={search_term_string}\"},\"query-input\":{\"@type\":\"PropertyValueSpecification\",\"valueRequired\":true,\"valueName\":\"search_term_string\"}}],\"inLanguage\":\"fr-FR\"}]}<\/script>\n<!-- \/ Yoast SEO plugin. -->","yoast_head_json":{"title":"Menu Lifestyle - 5 Jours riches en antioxydants et vitaminesThe Longevity Kitchen - CH","description":"Menu id\u00e9al pour ceux qui veulent prendre soin de leur corps dans son int\u00e9gralit\u00e9 et lutter contre le vieillissement cellulaire.","robots":{"index":"index","follow":"follow","max-snippet":"max-snippet:-1","max-image-preview":"max-image-preview:large","max-video-preview":"max-video-preview:-1"},"canonical":"https:\/\/ch.thelongevitykitchen.com\/fr\/shop\/menu-en-promotion\/menu-lifestyle-5-full\/","og_locale":"fr_FR","og_type":"article","og_title":"Menu Lifestyle - 5 Jours riches en antioxydants et vitaminesThe Longevity Kitchen - CH","og_description":"Menu id\u00e9al pour ceux qui veulent prendre soin de leur corps dans son int\u00e9gralit\u00e9 et lutter contre le vieillissement cellulaire.","og_url":"https:\/\/ch.thelongevitykitchen.com\/fr\/shop\/menu-en-promotion\/menu-lifestyle-5-full\/","og_site_name":"The Longevity Kitchen - CH","article_modified_time":"2025-02-24T13:13:06+00:00","og_image":[{"width":1200,"height":1200,"url":"https:\/\/ch.thelongevitykitchen.com\/wp-content\/uploads\/2023\/08\/TLK_PIATTI-PER-COPERTINA-KIT-MENU3.jpg","type":"image\/jpeg"}],"twitter_card":"summary_large_image","twitter_misc":{"Dur\u00e9e de lecture estim\u00e9e":"1 minute"},"schema":{"@context":"https:\/\/schema.org","@graph":[{"@type":"WebPage","@id":"https:\/\/ch.thelongevitykitchen.com\/fr\/shop\/menu-en-promotion\/menu-lifestyle-5-full\/","url":"https:\/\/ch.thelongevitykitchen.com\/fr\/shop\/menu-en-promotion\/menu-lifestyle-5-full\/","name":"Menu Lifestyle - 5 Jours riches en antioxydants et vitaminesThe Longevity Kitchen - CH","isPartOf":{"@id":"https:\/\/ch.thelongevitykitchen.com\/fr\/#website"},"primaryImageOfPage":{"@id":"https:\/\/ch.thelongevitykitchen.com\/fr\/shop\/menu-en-promotion\/menu-lifestyle-5-full\/#primaryimage"},"image":{"@id":"https:\/\/ch.thelongevitykitchen.com\/fr\/shop\/menu-en-promotion\/menu-lifestyle-5-full\/#primaryimage"},"thumbnailUrl":"https:\/\/ch.thelongevitykitchen.com\/wp-content\/uploads\/2023\/08\/TLK_PIATTI-PER-COPERTINA-KIT-MENU3.jpg","datePublished":"2025-02-21T14:18:39+00:00","dateModified":"2025-02-24T13:13:06+00:00","description":"Menu id\u00e9al pour ceux qui veulent prendre soin de leur corps dans son int\u00e9gralit\u00e9 et lutter contre le vieillissement cellulaire.","breadcrumb":{"@id":"https:\/\/ch.thelongevitykitchen.com\/fr\/shop\/menu-en-promotion\/menu-lifestyle-5-full\/#breadcrumb"},"inLanguage":"fr-FR","potentialAction":[{"@type":"ReadAction","target":["https:\/\/ch.thelongevitykitchen.com\/fr\/shop\/menu-en-promotion\/menu-lifestyle-5-full\/"]}]},{"@type":"ImageObject","inLanguage":"fr-FR","@id":"https:\/\/ch.thelongevitykitchen.com\/fr\/shop\/menu-en-promotion\/menu-lifestyle-5-full\/#primaryimage","url":"https:\/\/ch.thelongevitykitchen.com\/wp-content\/uploads\/2023\/08\/TLK_PIATTI-PER-COPERTINA-KIT-MENU3.jpg","contentUrl":"https:\/\/ch.thelongevitykitchen.com\/wp-content\/uploads\/2023\/08\/TLK_PIATTI-PER-COPERTINA-KIT-MENU3.jpg","width":1200,"height":1200},{"@type":"BreadcrumbList","@id":"https:\/\/ch.thelongevitykitchen.com\/fr\/shop\/menu-en-promotion\/menu-lifestyle-5-full\/#breadcrumb","itemListElement":[{"@type":"ListItem","position":1,"name":"Home","item":"https:\/\/studiomate.thelongevitykitchen.com\/fr\/"},{"@type":"ListItem","position":2,"name":"Menu en promotion","item":"https:\/\/ch.thelongevitykitchen.com\/fr\/categorie\/menu-en-promotion\/"},{"@type":"ListItem","position":3,"name":"Menu Lifestyle &#8211; 5 FULL"}]},{"@type":"WebSite","@id":"https:\/\/ch.thelongevitykitchen.com\/fr\/#website","url":"https:\/\/ch.thelongevitykitchen.com\/fr\/","name":"The Longevity Kitchen - CH","description":"Feeding Good","potentialAction":[{"@type":"SearchAction","target":{"@type":"EntryPoint","urlTemplate":"https:\/\/ch.thelongevitykitchen.com\/fr\/?s={search_term_string}"},"query-input":{"@type":"PropertyValueSpecification","valueRequired":true,"valueName":"search_term_string"}}],"inLanguage":"fr-FR"}]}},"_links":{"self":[{"href":"https:\/\/ch.thelongevitykitchen.com\/fr\/wp-json\/wp\/v2\/product\/349202","targetHints":{"allow":["GET"]}}],"collection":[{"href":"https:\/\/ch.thelongevitykitchen.com\/fr\/wp-json\/wp\/v2\/product"}],"about":[{"href":"https:\/\/ch.thelongevitykitchen.com\/fr\/wp-json\/wp\/v2\/types\/product"}],"wp:featuredmedia":[{"embeddable":true,"href":"https:\/\/ch.thelongevitykitchen.com\/fr\/wp-json\/wp\/v2\/media\/339583"}],"wp:attachment":[{"href":"https:\/\/ch.thelongevitykitchen.com\/fr\/wp-json\/wp\/v2\/media?parent=349202"}],"wp:term":[{"taxonomy":"product_brand","embeddable":true,"href":"https:\/\/ch.thelongevitykitchen.com\/fr\/wp-json\/wp\/v2\/product_brand?post=349202"},{"taxonomy":"product_cat","embeddable":true,"href":"https:\/\/ch.thelongevitykitchen.com\/fr\/wp-json\/wp\/v2\/product_cat?post=349202"},{"taxonomy":"product_tag","embeddable":true,"href":"https:\/\/ch.thelongevitykitchen.com\/fr\/wp-json\/wp\/v2\/product_tag?post=349202"}],"curies":[{"name":"wp","href":"https:\/\/api.w.org\/{rel}","templated":true}]}}