{"id":345529,"date":"2025-02-03T12:13:43","date_gmt":"2025-02-03T12:13:43","guid":{"rendered":"https:\/\/ch.thelongevitykitchen.com\/?page_id=345529"},"modified":"2025-02-07T15:25:07","modified_gmt":"2025-02-07T15:25:07","slug":"lugano-city-clinic","status":"publish","type":"page","link":"https:\/\/ch.thelongevitykitchen.com\/fr\/lugano-city-clinic\/","title":{"rendered":"Lugano City Clinic"},"content":{"rendered":"<!-- Contatti + Map -->\n<section id=\"block_72e6f8bbe7c7bcaefb077a02d118bf01\" class=\"section-contactmap\">\n    <div class=\"container-fluid p-lg-0\">\n      <div class=\"row g-0 align-items-center justify-content-end\">\n        <div class=\"col-12 col-md-6 col-txt pe-6\">\n          <h2 class=\"display-5 mb-4\">Contacts<\/h2> \n          <div class=\"contatti-subtext lead mb-1\"><\/div>\n\n                      <ul class=\"list-group list-group-flush mt-4\">\n                            <li class=\"list-group-item d-flex align-items-center\">\n                <span class=\"icon-ico-address fs-4 me-4\"><\/span>\n                <span><a href=\"https:\/\/www.google.com\/maps?q=Riva+Paradiso+2+6900+Paradiso+Lugano+(CH)\" target=\"_blank\">Riva Paradiso, 2, 6900 Paradiso \u2013 Lugano (CH)<\/a><\/span>              <\/li>\n                          <li class=\"list-group-item d-flex align-items-center\">\n                <span class=\"icon-ico-whatsapp fs-4 me-4\"><\/span>\n                <span><a href=\"https:\/\/api.whatsapp.com\/send?phone=+41768053117\">+41 768 053 117<\/a><\/span>              <\/li>\n                          <li class=\"list-group-item d-flex align-items-center\">\n                <span class=\"icon-ico-tel fs-4 me-4\"><\/span>\n                <span><a href=\"tel:+41912104091\">+41 912 104 091<\/a><\/span>              <\/li>\n                          <li class=\"list-group-item d-flex align-items-center\">\n                <span class=\"icon-ico-email fs-4 me-4\"><\/span>\n                <span><a href=\"mailto:lugano@thelongevitysuite.com\" target=\"_blank\">lugano@thelongevitysuite.com<\/a><\/span>              <\/li>\n              \n            <\/ul>\n          \n                  <\/div>\n        <div class=\"col-12 col-md-6\">\n                            <div class=\"acf-map\" data-zoom=\"16\">\n                    <div class=\"marker\" data-lat=\"45.9926403\" data-lng=\"8.9465846\"><\/div>\n                <\/div>\n                    <\/div>\n      <\/div>\n    <\/div>\n<\/section>\n<!-- \/Contatti + Map --><!-- Immagine e Testo -->\n<section id=\"block_207916f2478391201c6c10afb45ba0e0\" class=\"section-imgtxt\">\n    <div class=\"container-fluid p-0\">\n      <div class=\"row g-0 align-items-center justify-content-end flex-row-reverse \">\n        <div class=\"col-12 col-md-6 col-txt p-4 px-xl-12 my-6 my-md-0 text-center\">\n          <h2 class=\"display-5 mb-4 white-title\"><\/h2> \n          <div class=\"text-heading-alt lead\"><div class=\"aos-init aos-animate\" data-aos=\"fade-up\" data-aos-delay=\"250\">\n<div class=\"aos-init aos-animate\" data-aos=\"fade-up\" data-aos-delay=\"250\">\n<p style=\"text-align: left;\">La Longevity Suite\u00ae est la suite de <strong>biohacking et de<\/strong> European Antiage City Clinic, o\u00f9 nous cr\u00e9ons des protocoles int\u00e9gr\u00e9s, performants et high-tech pour vous accompagner vers la meilleure version de vous-m\u00eame gr\u00e2ce \u00e0 un \u00e9quilibre parfait entre sant\u00e9, beaut\u00e9 consciente et \u00e9nergie mentale.<\/p>\n<p style=\"text-align: left;\">Dans nos cliniques de long\u00e9vit\u00e9, <strong>nous combinons la recherche scientifique avec des solutions holistiques et de bien-\u00eatre de pointe<\/strong>. Nous programmons votre corps et votre esprit pour am\u00e9liorer votre sant\u00e9, vos performances et votre apparence, afin que vous puissiez toujours \u00eatre \u00e0 votre meilleur potentiel.<\/p>\n<p style=\"text-align: left;\"><strong>Lugano a toujours \u00e9t\u00e9 un m\u00e9lange de culture suisse et m\u00e9diterran\u00e9enne<\/strong>, tr\u00e8s proche de celle de la r\u00e9gion de Lombardie, dans le nord de l&rsquo;Italie. Ce m\u00e9lange se refl\u00e8te beaucoup dans le style de vie, qui met l\u2019accent sur le luxe et le bien-\u00eatre. La ville, d&rsquo;origine glaciaire et entour\u00e9e de montagnes, abrite la Medical City Clinic The Longevity Suite, o\u00f9 nos experts peuvent vous aider \u00e0 atteindre vos objectifs de bien-\u00eatre avec conscience et \u00e9quilibre, en utilisant une approche m\u00e9dicale.<\/p>\n<\/div>\n<\/div>\n<\/div>\n                  <\/div>\n        <div class=\"col-12 col-md-6\">\n          <img decoding=\"async\" width=\"1000\" height=\"1249\" src=\"https:\/\/ch.thelongevitykitchen.com\/wp-content\/uploads\/2025\/02\/Lugano.webp\" class=\"img-fluid w-100 h-100\" alt=\"\" srcset=\"https:\/\/ch.thelongevitykitchen.com\/wp-content\/uploads\/2025\/02\/Lugano.webp 1000w, https:\/\/ch.thelongevitykitchen.com\/wp-content\/uploads\/2025\/02\/Lugano-240x300.webp 240w, https:\/\/ch.thelongevitykitchen.com\/wp-content\/uploads\/2025\/02\/Lugano-820x1024.webp 820w, https:\/\/ch.thelongevitykitchen.com\/wp-content\/uploads\/2025\/02\/Lugano-768x959.webp 768w, https:\/\/ch.thelongevitykitchen.com\/wp-content\/uploads\/2025\/02\/Lugano-600x749.webp 600w, https:\/\/ch.thelongevitykitchen.com\/wp-content\/uploads\/2025\/02\/Lugano-64x80.webp 64w\" sizes=\"(max-width: 1000px) 100vw, 1000px\" \/>        <\/div>\n      <\/div>\n    <\/div>\n<\/section>\n<!-- \/Immagine e Testo --><div class=\"wp-block-columns alignwide pt-8 pb-4 is-layout-flex wp-container-core-columns-is-layout-1 wp-block-columns-is-layout-flex\"><div class=\"wp-block-column is-layout-flow wp-block-column-is-layout-flow\"><figure class=\"wp-block-image alignfull size-full\"><img decoding=\"async\" width=\"1024\" height=\"576\" src=\"https:\/\/ch.thelongevitykitchen.com\/wp-content\/uploads\/2025\/02\/centro-longevity-suite-lugano-5-1024x576-1.webp\" alt=\"\" class=\"wp-image-345484\" srcset=\"https:\/\/ch.thelongevitykitchen.com\/wp-content\/uploads\/2025\/02\/centro-longevity-suite-lugano-5-1024x576-1.webp 1024w, https:\/\/ch.thelongevitykitchen.com\/wp-content\/uploads\/2025\/02\/centro-longevity-suite-lugano-5-1024x576-1-300x169.webp 300w, https:\/\/ch.thelongevitykitchen.com\/wp-content\/uploads\/2025\/02\/centro-longevity-suite-lugano-5-1024x576-1-768x432.webp 768w, https:\/\/ch.thelongevitykitchen.com\/wp-content\/uploads\/2025\/02\/centro-longevity-suite-lugano-5-1024x576-1-600x338.webp 600w, https:\/\/ch.thelongevitykitchen.com\/wp-content\/uploads\/2025\/02\/centro-longevity-suite-lugano-5-1024x576-1-64x36.webp 64w\" sizes=\"(max-width: 1024px) 100vw, 1024px\" \/><\/figure><\/div>\n\n<div class=\"wp-block-column is-layout-flow wp-block-column-is-layout-flow\"><figure class=\"wp-block-image size-full\"><img decoding=\"async\" width=\"1024\" height=\"576\" src=\"https:\/\/ch.thelongevitykitchen.com\/wp-content\/uploads\/2025\/02\/centro-longevity-suite-lugano-2-1024x576-1.webp\" alt=\"\" class=\"wp-image-345481\" srcset=\"https:\/\/ch.thelongevitykitchen.com\/wp-content\/uploads\/2025\/02\/centro-longevity-suite-lugano-2-1024x576-1.webp 1024w, https:\/\/ch.thelongevitykitchen.com\/wp-content\/uploads\/2025\/02\/centro-longevity-suite-lugano-2-1024x576-1-300x169.webp 300w, https:\/\/ch.thelongevitykitchen.com\/wp-content\/uploads\/2025\/02\/centro-longevity-suite-lugano-2-1024x576-1-768x432.webp 768w, https:\/\/ch.thelongevitykitchen.com\/wp-content\/uploads\/2025\/02\/centro-longevity-suite-lugano-2-1024x576-1-600x338.webp 600w, https:\/\/ch.thelongevitykitchen.com\/wp-content\/uploads\/2025\/02\/centro-longevity-suite-lugano-2-1024x576-1-64x36.webp 64w\" sizes=\"(max-width: 1024px) 100vw, 1024px\" \/><\/figure><\/div>\n\n<div class=\"wp-block-column is-layout-flow wp-block-column-is-layout-flow\"><figure class=\"wp-block-image size-full\"><img decoding=\"async\" width=\"1024\" height=\"576\" src=\"https:\/\/ch.thelongevitykitchen.com\/wp-content\/uploads\/2025\/02\/centro-longevity-suite-lugano-1-1024x576-1.webp\" alt=\"\" class=\"wp-image-345478\" srcset=\"https:\/\/ch.thelongevitykitchen.com\/wp-content\/uploads\/2025\/02\/centro-longevity-suite-lugano-1-1024x576-1.webp 1024w, https:\/\/ch.thelongevitykitchen.com\/wp-content\/uploads\/2025\/02\/centro-longevity-suite-lugano-1-1024x576-1-300x169.webp 300w, https:\/\/ch.thelongevitykitchen.com\/wp-content\/uploads\/2025\/02\/centro-longevity-suite-lugano-1-1024x576-1-768x432.webp 768w, https:\/\/ch.thelongevitykitchen.com\/wp-content\/uploads\/2025\/02\/centro-longevity-suite-lugano-1-1024x576-1-600x338.webp 600w, https:\/\/ch.thelongevitykitchen.com\/wp-content\/uploads\/2025\/02\/centro-longevity-suite-lugano-1-1024x576-1-64x36.webp 64w\" sizes=\"(max-width: 1024px) 100vw, 1024px\" \/><\/figure><\/div><\/div>","protected":false},"excerpt":{"rendered":"","protected":false},"author":2509,"featured_media":0,"parent":0,"menu_order":0,"comment_status":"closed","ping_status":"closed","template":"","meta":{"_acf_changed":false,"footnotes":""},"class_list":["post-345529","page","type-page","status-publish","hentry"],"acf":[],"yoast_head":"<!-- This site is optimized with the Yoast SEO plugin v24.8.1 - https:\/\/yoast.com\/wordpress\/plugins\/seo\/ -->\n<title>Lugano City Clinic - The Longevity Kitchen - CH<\/title>\n<meta name=\"robots\" content=\"index, follow, max-snippet:-1, max-image-preview:large, max-video-preview:-1\" \/>\n<link rel=\"canonical\" href=\"https:\/\/ch.thelongevitykitchen.com\/fr\/lugano-city-clinic\/\" \/>\n<meta property=\"og:locale\" content=\"fr_FR\" \/>\n<meta property=\"og:type\" content=\"article\" \/>\n<meta property=\"og:title\" content=\"Lugano City Clinic - The Longevity Kitchen - CH\" \/>\n<meta property=\"og:url\" content=\"https:\/\/ch.thelongevitykitchen.com\/fr\/lugano-city-clinic\/\" \/>\n<meta property=\"og:site_name\" content=\"The Longevity Kitchen - CH\" \/>\n<meta property=\"article:modified_time\" content=\"2025-02-07T15:25:07+00:00\" \/>\n<meta property=\"og:image\" content=\"https:\/\/studiomate.thelongevitykitchen.com\/wp-content\/uploads\/2025\/02\/centro-longevity-suite-lugano-5-1024x576-1.webp\" \/>\n<meta name=\"twitter:card\" content=\"summary_large_image\" \/>\n<meta name=\"twitter:label1\" content=\"Dur\u00e9e de lecture estim\u00e9e\" \/>\n\t<meta name=\"twitter:data1\" content=\"1 minute\" \/>\n<script type=\"application\/ld+json\" class=\"yoast-schema-graph\">{\"@context\":\"https:\/\/schema.org\",\"@graph\":[{\"@type\":\"WebPage\",\"@id\":\"https:\/\/ch.thelongevitykitchen.com\/fr\/lugano-city-clinic\/\",\"url\":\"https:\/\/ch.thelongevitykitchen.com\/fr\/lugano-city-clinic\/\",\"name\":\"Lugano City Clinic - The Longevity Kitchen - CH\",\"isPartOf\":{\"@id\":\"https:\/\/ch.thelongevitykitchen.com\/fr\/#website\"},\"primaryImageOfPage\":{\"@id\":\"https:\/\/ch.thelongevitykitchen.com\/fr\/lugano-city-clinic\/#primaryimage\"},\"image\":{\"@id\":\"https:\/\/ch.thelongevitykitchen.com\/fr\/lugano-city-clinic\/#primaryimage\"},\"thumbnailUrl\":\"https:\/\/ch.thelongevitykitchen.com\/wp-content\/uploads\/2025\/02\/centro-longevity-suite-lugano-5-1024x576-1.webp\",\"datePublished\":\"2025-02-03T12:13:43+00:00\",\"dateModified\":\"2025-02-07T15:25:07+00:00\",\"breadcrumb\":{\"@id\":\"https:\/\/ch.thelongevitykitchen.com\/fr\/lugano-city-clinic\/#breadcrumb\"},\"inLanguage\":\"fr-FR\",\"potentialAction\":[{\"@type\":\"ReadAction\",\"target\":[\"https:\/\/ch.thelongevitykitchen.com\/fr\/lugano-city-clinic\/\"]}]},{\"@type\":\"ImageObject\",\"inLanguage\":\"fr-FR\",\"@id\":\"https:\/\/ch.thelongevitykitchen.com\/fr\/lugano-city-clinic\/#primaryimage\",\"url\":\"https:\/\/ch.thelongevitykitchen.com\/wp-content\/uploads\/2025\/02\/centro-longevity-suite-lugano-5-1024x576-1.webp\",\"contentUrl\":\"https:\/\/ch.thelongevitykitchen.com\/wp-content\/uploads\/2025\/02\/centro-longevity-suite-lugano-5-1024x576-1.webp\"},{\"@type\":\"BreadcrumbList\",\"@id\":\"https:\/\/ch.thelongevitykitchen.com\/fr\/lugano-city-clinic\/#breadcrumb\",\"itemListElement\":[{\"@type\":\"ListItem\",\"position\":1,\"name\":\"Home\",\"item\":\"https:\/\/studiomate.thelongevitykitchen.com\/fr\/\"},{\"@type\":\"ListItem\",\"position\":2,\"name\":\"Lugano City Clinic\"}]},{\"@type\":\"WebSite\",\"@id\":\"https:\/\/ch.thelongevitykitchen.com\/fr\/#website\",\"url\":\"https:\/\/ch.thelongevitykitchen.com\/fr\/\",\"name\":\"The Longevity Kitchen - CH\",\"description\":\"Feeding Good\",\"potentialAction\":[{\"@type\":\"SearchAction\",\"target\":{\"@type\":\"EntryPoint\",\"urlTemplate\":\"https:\/\/ch.thelongevitykitchen.com\/fr\/?s={search_term_string}\"},\"query-input\":{\"@type\":\"PropertyValueSpecification\",\"valueRequired\":true,\"valueName\":\"search_term_string\"}}],\"inLanguage\":\"fr-FR\"}]}<\/script>\n<!-- \/ Yoast SEO plugin. -->","yoast_head_json":{"title":"Lugano City Clinic - The Longevity Kitchen - CH","robots":{"index":"index","follow":"follow","max-snippet":"max-snippet:-1","max-image-preview":"max-image-preview:large","max-video-preview":"max-video-preview:-1"},"canonical":"https:\/\/ch.thelongevitykitchen.com\/fr\/lugano-city-clinic\/","og_locale":"fr_FR","og_type":"article","og_title":"Lugano City Clinic - The Longevity Kitchen - CH","og_url":"https:\/\/ch.thelongevitykitchen.com\/fr\/lugano-city-clinic\/","og_site_name":"The Longevity Kitchen - CH","article_modified_time":"2025-02-07T15:25:07+00:00","og_image":[{"url":"https:\/\/studiomate.thelongevitykitchen.com\/wp-content\/uploads\/2025\/02\/centro-longevity-suite-lugano-5-1024x576-1.webp","type":"","width":"","height":""}],"twitter_card":"summary_large_image","twitter_misc":{"Dur\u00e9e de lecture estim\u00e9e":"1 minute"},"schema":{"@context":"https:\/\/schema.org","@graph":[{"@type":"WebPage","@id":"https:\/\/ch.thelongevitykitchen.com\/fr\/lugano-city-clinic\/","url":"https:\/\/ch.thelongevitykitchen.com\/fr\/lugano-city-clinic\/","name":"Lugano City Clinic - The Longevity Kitchen - CH","isPartOf":{"@id":"https:\/\/ch.thelongevitykitchen.com\/fr\/#website"},"primaryImageOfPage":{"@id":"https:\/\/ch.thelongevitykitchen.com\/fr\/lugano-city-clinic\/#primaryimage"},"image":{"@id":"https:\/\/ch.thelongevitykitchen.com\/fr\/lugano-city-clinic\/#primaryimage"},"thumbnailUrl":"https:\/\/ch.thelongevitykitchen.com\/wp-content\/uploads\/2025\/02\/centro-longevity-suite-lugano-5-1024x576-1.webp","datePublished":"2025-02-03T12:13:43+00:00","dateModified":"2025-02-07T15:25:07+00:00","breadcrumb":{"@id":"https:\/\/ch.thelongevitykitchen.com\/fr\/lugano-city-clinic\/#breadcrumb"},"inLanguage":"fr-FR","potentialAction":[{"@type":"ReadAction","target":["https:\/\/ch.thelongevitykitchen.com\/fr\/lugano-city-clinic\/"]}]},{"@type":"ImageObject","inLanguage":"fr-FR","@id":"https:\/\/ch.thelongevitykitchen.com\/fr\/lugano-city-clinic\/#primaryimage","url":"https:\/\/ch.thelongevitykitchen.com\/wp-content\/uploads\/2025\/02\/centro-longevity-suite-lugano-5-1024x576-1.webp","contentUrl":"https:\/\/ch.thelongevitykitchen.com\/wp-content\/uploads\/2025\/02\/centro-longevity-suite-lugano-5-1024x576-1.webp"},{"@type":"BreadcrumbList","@id":"https:\/\/ch.thelongevitykitchen.com\/fr\/lugano-city-clinic\/#breadcrumb","itemListElement":[{"@type":"ListItem","position":1,"name":"Home","item":"https:\/\/studiomate.thelongevitykitchen.com\/fr\/"},{"@type":"ListItem","position":2,"name":"Lugano City Clinic"}]},{"@type":"WebSite","@id":"https:\/\/ch.thelongevitykitchen.com\/fr\/#website","url":"https:\/\/ch.thelongevitykitchen.com\/fr\/","name":"The Longevity Kitchen - CH","description":"Feeding Good","potentialAction":[{"@type":"SearchAction","target":{"@type":"EntryPoint","urlTemplate":"https:\/\/ch.thelongevitykitchen.com\/fr\/?s={search_term_string}"},"query-input":{"@type":"PropertyValueSpecification","valueRequired":true,"valueName":"search_term_string"}}],"inLanguage":"fr-FR"}]}},"_links":{"self":[{"href":"https:\/\/ch.thelongevitykitchen.com\/fr\/wp-json\/wp\/v2\/pages\/345529","targetHints":{"allow":["GET"]}}],"collection":[{"href":"https:\/\/ch.thelongevitykitchen.com\/fr\/wp-json\/wp\/v2\/pages"}],"about":[{"href":"https:\/\/ch.thelongevitykitchen.com\/fr\/wp-json\/wp\/v2\/types\/page"}],"author":[{"embeddable":true,"href":"https:\/\/ch.thelongevitykitchen.com\/fr\/wp-json\/wp\/v2\/users\/2509"}],"replies":[{"embeddable":true,"href":"https:\/\/ch.thelongevitykitchen.com\/fr\/wp-json\/wp\/v2\/comments?post=345529"}],"version-history":[{"count":0,"href":"https:\/\/ch.thelongevitykitchen.com\/fr\/wp-json\/wp\/v2\/pages\/345529\/revisions"}],"wp:attachment":[{"href":"https:\/\/ch.thelongevitykitchen.com\/fr\/wp-json\/wp\/v2\/media?parent=345529"}],"curies":[{"name":"wp","href":"https:\/\/api.w.org\/{rel}","templated":true}]}}