{"id":341917,"date":"2023-06-22T14:01:59","date_gmt":"2023-06-22T14:01:59","guid":{"rendered":"https:\/\/ch.thelongevitykitchen.com\/les-zones-bleue\/"},"modified":"2025-02-07T14:12:46","modified_gmt":"2025-02-07T14:12:46","slug":"les-zones-bleue","status":"publish","type":"page","link":"https:\/\/ch.thelongevitykitchen.com\/fr\/les-zones-bleue\/","title":{"rendered":"Les Zones Bleue"},"content":{"rendered":"<!-- Immagine e Testo -->\n<section id=\"block_05290bf2056e6b7ac8b0dd7d7f10fe3f\" class=\"section-imgtxt\">\n    <div class=\"container-fluid p-0\">\n      <div class=\"row g-0 align-items-center justify-content-end  \">\n        <div class=\"col-12 col-md-6 col-txt p-4 px-xl-12 my-6 my-md-0 text-center\">\n          <h2 class=\"display-5 mb-4 white-title\">LOMA LINDA, CALIFORNIE<\/h2> \n          <div class=\"text-heading-alt lead\"><p style=\"font-size: 1rem;\"><a name=\"californie\">En moyenne, les habitants d\u2019ici vivent 10 ans de plus que dans d\u2019autres r\u00e9gions d\u2019Am\u00e9rique. La base de leur long\u00e9vit\u00e9 repose sur les choix d\u2019une communaut\u00e9 adventiste forte qui a introduit un r\u00e9gime alimentaire inspir\u00e9 de la Bible. Un r\u00e9gime v\u00e9g\u00e9talien \u00e0 base de l\u00e9gumes \u00e0 feuilles vertes, de noix et de l\u00e9gumineuses. Leur bien-\u00eatre est \u00e9galement g\u00e9n\u00e9r\u00e9 par une approche de la vie ax\u00e9e sur la religion et la soci\u00e9t\u00e9. Vivre une vie active, marcher et pratiquer des activit\u00e9s manuelles maintient le dynamisme du corps, stimule l&rsquo;esprit et la bonne humeur, d\u00e9finissant un excellent m\u00e9lange d&rsquo;ingr\u00e9dients pour vivre longtemps et en bonne sant\u00e9.<\/a><\/p>\n<p><a name=\"italie\"><\/a><\/p>\n<\/div>\n                  <\/div>\n        <div class=\"col-12 col-md-6\">\n          <img decoding=\"async\" width=\"2508\" height=\"1672\" src=\"https:\/\/ch.thelongevitykitchen.com\/wp-content\/uploads\/2023\/09\/Loma_california_bluezones.jpg\" class=\"img-fluid w-100 h-100\" alt=\"\" srcset=\"https:\/\/ch.thelongevitykitchen.com\/wp-content\/uploads\/2023\/09\/Loma_california_bluezones.jpg 2508w, https:\/\/ch.thelongevitykitchen.com\/wp-content\/uploads\/2023\/09\/Loma_california_bluezones-300x200.jpg 300w, https:\/\/ch.thelongevitykitchen.com\/wp-content\/uploads\/2023\/09\/Loma_california_bluezones-1024x683.jpg 1024w, https:\/\/ch.thelongevitykitchen.com\/wp-content\/uploads\/2023\/09\/Loma_california_bluezones-768x512.jpg 768w, https:\/\/ch.thelongevitykitchen.com\/wp-content\/uploads\/2023\/09\/Loma_california_bluezones-1536x1024.jpg 1536w, https:\/\/ch.thelongevitykitchen.com\/wp-content\/uploads\/2023\/09\/Loma_california_bluezones-2048x1365.jpg 2048w, https:\/\/ch.thelongevitykitchen.com\/wp-content\/uploads\/2023\/09\/Loma_california_bluezones-600x400.jpg 600w, https:\/\/ch.thelongevitykitchen.com\/wp-content\/uploads\/2023\/09\/Loma_california_bluezones-64x43.jpg 64w\" sizes=\"(max-width: 2508px) 100vw, 2508px\" \/>        <\/div>\n      <\/div>\n    <\/div>\n<\/section>\n<!-- \/Immagine e Testo --><!-- Immagine e Testo -->\n<section id=\"block_ef4b276d48a730bc7a671139286882d2\" class=\"section-imgtxt\">\n    <div class=\"container-fluid p-0\">\n      <div class=\"row g-0 align-items-center justify-content-end flex-row-reverse bg-primary bg-gradient\">\n        <div class=\"col-12 col-md-6 col-txt p-4 px-xl-12 my-6 my-md-0 text-center\">\n          <h2 class=\"display-5 mb-4 white-title\">OGLIASTRA, ITALIE<\/h2> \n          <div class=\"text-white lead\"><p style=\"font-size: 1rem;\">Les petits villages de montagne de Sardaigne sont un v\u00e9ritable berceau de long\u00e9vit\u00e9, avec l&rsquo;un des pourcentages de centenaires les plus \u00e9lev\u00e9s au monde. C&rsquo;est un monde o\u00f9 tout se d\u00e9roule lentement, loin de l&rsquo;anxi\u00e9t\u00e9 et du stress. Et o\u00f9 le partage devient important. Les habitudes alimentaires de l&rsquo;Ogliastra ont leurs racines dans la tradition sarde et sont bas\u00e9es sur la consommation d&rsquo;aliments principalement d&rsquo;origine v\u00e9g\u00e9tale et d&rsquo;un faible pourcentage d&rsquo;origine animale. M\u00eame le vin, le typique Cannonau, s&rsquo;il est consomm\u00e9 avec mod\u00e9ration au cours des repas, est consid\u00e9r\u00e9 comme sain car il est riche en antioxydants.<\/p>\n<p><a name=\"costa-rica\"><\/a><\/p>\n<\/div>\n                  <\/div>\n        <div class=\"col-12 col-md-6\">\n          <img decoding=\"async\" width=\"2507\" height=\"1673\" src=\"https:\/\/ch.thelongevitykitchen.com\/wp-content\/uploads\/2023\/09\/Foto_sardegna_bluezones.jpg\" class=\"img-fluid w-100 h-100\" alt=\"\" srcset=\"https:\/\/ch.thelongevitykitchen.com\/wp-content\/uploads\/2023\/09\/Foto_sardegna_bluezones.jpg 2507w, https:\/\/ch.thelongevitykitchen.com\/wp-content\/uploads\/2023\/09\/Foto_sardegna_bluezones-300x200.jpg 300w, https:\/\/ch.thelongevitykitchen.com\/wp-content\/uploads\/2023\/09\/Foto_sardegna_bluezones-1024x683.jpg 1024w, https:\/\/ch.thelongevitykitchen.com\/wp-content\/uploads\/2023\/09\/Foto_sardegna_bluezones-768x513.jpg 768w, https:\/\/ch.thelongevitykitchen.com\/wp-content\/uploads\/2023\/09\/Foto_sardegna_bluezones-1536x1025.jpg 1536w, https:\/\/ch.thelongevitykitchen.com\/wp-content\/uploads\/2023\/09\/Foto_sardegna_bluezones-2048x1367.jpg 2048w, https:\/\/ch.thelongevitykitchen.com\/wp-content\/uploads\/2023\/09\/Foto_sardegna_bluezones-600x400.jpg 600w, https:\/\/ch.thelongevitykitchen.com\/wp-content\/uploads\/2023\/09\/Foto_sardegna_bluezones-64x43.jpg 64w\" sizes=\"(max-width: 2507px) 100vw, 2507px\" \/>        <\/div>\n      <\/div>\n    <\/div>\n<\/section>\n<!-- \/Immagine e Testo --><!-- Immagine e Testo -->\n<section id=\"block_64b36ce8e5893a1d3f7568d90654c470\" class=\"section-imgtxt\">\n    <div class=\"container-fluid p-0\">\n      <div class=\"row g-0 align-items-center justify-content-end  \">\n        <div class=\"col-12 col-md-6 col-txt p-4 px-xl-12 my-6 my-md-0 text-center\">\n          <h2 class=\"display-5 mb-4 white-title\">NICOYA, COSTA RICA<\/h2> \n          <div class=\"text-heading-alt lead\"><p style=\"font-size: 1rem;\">Se r\u00e9veiller chaque matin avec un objectif, ou mieux encore, un Plan de vida, et se consacrer \u00e0 parts \u00e9gales au travail et aux affections personnelles, ainsi que se sentir partie d&rsquo;une communaut\u00e9 et avoir une raison de sortir du lit chaque matin sont quelques-uns des secrets des habitants de longue date de Nicoya, au Costa Rica.<br \/>\nIl n\u2019est pas difficile d\u2019imaginer que l\u2019alimentation quotidienne de ces personnes est fondamentale pour leur bien-\u00eatre. Manger l\u00e9ger le soir est l\u2019une des habitudes les plus courantes, en basant son r\u00e9gime alimentaire sur les soi-disant \u00ab trois s\u0153urs \u00bb de l\u2019agriculture, \u00e0 savoir la citrouille, le ma\u00efs et les haricots.<\/p>\n<p><a name=\"grece\"><\/a><\/p>\n<\/div>\n                  <\/div>\n        <div class=\"col-12 col-md-6\">\n          <img decoding=\"async\" width=\"2507\" height=\"1673\" src=\"https:\/\/ch.thelongevitykitchen.com\/wp-content\/uploads\/2023\/09\/Costa-rica_bluezones.jpg\" class=\"img-fluid w-100 h-100\" alt=\"\" srcset=\"https:\/\/ch.thelongevitykitchen.com\/wp-content\/uploads\/2023\/09\/Costa-rica_bluezones.jpg 2507w, https:\/\/ch.thelongevitykitchen.com\/wp-content\/uploads\/2023\/09\/Costa-rica_bluezones-300x200.jpg 300w, https:\/\/ch.thelongevitykitchen.com\/wp-content\/uploads\/2023\/09\/Costa-rica_bluezones-1024x683.jpg 1024w, https:\/\/ch.thelongevitykitchen.com\/wp-content\/uploads\/2023\/09\/Costa-rica_bluezones-768x513.jpg 768w, https:\/\/ch.thelongevitykitchen.com\/wp-content\/uploads\/2023\/09\/Costa-rica_bluezones-1536x1025.jpg 1536w, https:\/\/ch.thelongevitykitchen.com\/wp-content\/uploads\/2023\/09\/Costa-rica_bluezones-2048x1367.jpg 2048w, https:\/\/ch.thelongevitykitchen.com\/wp-content\/uploads\/2023\/09\/Costa-rica_bluezones-600x400.jpg 600w, https:\/\/ch.thelongevitykitchen.com\/wp-content\/uploads\/2023\/09\/Costa-rica_bluezones-64x43.jpg 64w\" sizes=\"(max-width: 2507px) 100vw, 2507px\" \/>        <\/div>\n      <\/div>\n    <\/div>\n<\/section>\n<!-- \/Immagine e Testo --><!-- Immagine e Testo -->\n<section id=\"block_dc377e158214dce03e01e9cfdd30994d\" class=\"section-imgtxt\">\n    <div class=\"container-fluid p-0\">\n      <div class=\"row g-0 align-items-center justify-content-end flex-row-reverse bg-primary bg-gradient\">\n        <div class=\"col-12 col-md-6 col-txt p-4 px-xl-12 my-6 my-md-0 text-center\">\n          <h2 class=\"display-5 mb-4 white-title\">ICARIA, GR\u00c8CE<\/h2> \n          <div class=\"text-white lead\"><p style=\"font-size: 1rem;\">Icaria est le lieu o\u00f9 le r\u00e9gime m\u00e9diterran\u00e9en a permis \u00e0 1\/3 des personnes de vivre jusqu&rsquo;\u00e0 90 ans gr\u00e2ce \u00e0 une combinaison de diff\u00e9rents facteurs : suivre un r\u00e9gime m\u00e9diterran\u00e9en et consacrer du temps \u00e0 la sieste de l&rsquo;apr\u00e8s-midi, b\u00e9n\u00e9fique pour le corps dans son ensemble.<br \/>\nDe plus, passer dix minutes \u00e0 l&rsquo;ext\u00e9rieur, sous les rayons du soleil, est une habitude fr\u00e9quente chez les habitants d&rsquo;Icaria, ce qui, en plus de la bonne humeur, augmente la possibilit\u00e9 d&rsquo;assimiler la vitamine D.<\/p>\n<p><a name=\"japon\"><\/a><\/p>\n<\/div>\n                  <\/div>\n        <div class=\"col-12 col-md-6\">\n          <img decoding=\"async\" width=\"2508\" height=\"1672\" src=\"https:\/\/ch.thelongevitykitchen.com\/wp-content\/uploads\/2023\/09\/Icaria_grecia_bluezones.jpg\" class=\"img-fluid w-100 h-100\" alt=\"\" srcset=\"https:\/\/ch.thelongevitykitchen.com\/wp-content\/uploads\/2023\/09\/Icaria_grecia_bluezones.jpg 2508w, https:\/\/ch.thelongevitykitchen.com\/wp-content\/uploads\/2023\/09\/Icaria_grecia_bluezones-300x200.jpg 300w, https:\/\/ch.thelongevitykitchen.com\/wp-content\/uploads\/2023\/09\/Icaria_grecia_bluezones-1024x683.jpg 1024w, https:\/\/ch.thelongevitykitchen.com\/wp-content\/uploads\/2023\/09\/Icaria_grecia_bluezones-768x512.jpg 768w, https:\/\/ch.thelongevitykitchen.com\/wp-content\/uploads\/2023\/09\/Icaria_grecia_bluezones-1536x1024.jpg 1536w, https:\/\/ch.thelongevitykitchen.com\/wp-content\/uploads\/2023\/09\/Icaria_grecia_bluezones-2048x1365.jpg 2048w, https:\/\/ch.thelongevitykitchen.com\/wp-content\/uploads\/2023\/09\/Icaria_grecia_bluezones-600x400.jpg 600w, https:\/\/ch.thelongevitykitchen.com\/wp-content\/uploads\/2023\/09\/Icaria_grecia_bluezones-64x43.jpg 64w\" sizes=\"(max-width: 2508px) 100vw, 2508px\" \/>        <\/div>\n      <\/div>\n    <\/div>\n<\/section>\n<!-- \/Immagine e Testo --><!-- Immagine e Testo -->\n<section id=\"block_a41a5671272ed920026b15d06e933b40\" class=\"section-imgtxt\">\n    <div class=\"container-fluid p-0\">\n      <div class=\"row g-0 align-items-center justify-content-end  \">\n        <div class=\"col-12 col-md-6 col-txt p-4 px-xl-12 my-6 my-md-0 text-center\">\n          <h2 class=\"display-5 mb-4 white-title\">OKINAWA, JAPON<\/h2> \n          <div class=\"text-heading-alt lead\"><p style=\"font-size: 1rem;\">Cet archipel du sud du Japon abrite les femmes qui vivent le plus longtemps sur notre plan\u00e8te : une vie lente, sans perdre de vue son Ikigai, est le secret d&rsquo;une vie v\u00e9cue pleinement. Ils consid\u00e8rent notamment la composante sociale comme essentielle : le soutien, surtout dans les moments difficiles, est fondamental pour le bien-\u00eatre physique et mental.<br \/>\n\u00catre en compagnie est donc une panac\u00e9e pour la sant\u00e9. Ils suivent \u00e9galement un r\u00e9gime<br \/>\nbas\u00e9 sur l&rsquo;utilisation d&rsquo;ingr\u00e9dients locaux, faibles en calories, mais tr\u00e8s nutritifs. Parmi toutes, la pomme de terre violette se distingue, car elle repr\u00e9sente environ 70 % des calories consomm\u00e9es quotidiennement.<\/p>\n<\/div>\n                  <\/div>\n        <div class=\"col-12 col-md-6\">\n          <img decoding=\"async\" width=\"2509\" height=\"1672\" src=\"https:\/\/ch.thelongevitykitchen.com\/wp-content\/uploads\/2023\/09\/Giappone_bluezones.jpg\" class=\"img-fluid w-100 h-100\" alt=\"\" srcset=\"https:\/\/ch.thelongevitykitchen.com\/wp-content\/uploads\/2023\/09\/Giappone_bluezones.jpg 2509w, https:\/\/ch.thelongevitykitchen.com\/wp-content\/uploads\/2023\/09\/Giappone_bluezones-300x200.jpg 300w, https:\/\/ch.thelongevitykitchen.com\/wp-content\/uploads\/2023\/09\/Giappone_bluezones-1024x682.jpg 1024w, https:\/\/ch.thelongevitykitchen.com\/wp-content\/uploads\/2023\/09\/Giappone_bluezones-768x512.jpg 768w, https:\/\/ch.thelongevitykitchen.com\/wp-content\/uploads\/2023\/09\/Giappone_bluezones-1536x1024.jpg 1536w, https:\/\/ch.thelongevitykitchen.com\/wp-content\/uploads\/2023\/09\/Giappone_bluezones-2048x1365.jpg 2048w, https:\/\/ch.thelongevitykitchen.com\/wp-content\/uploads\/2023\/09\/Giappone_bluezones-600x400.jpg 600w, https:\/\/ch.thelongevitykitchen.com\/wp-content\/uploads\/2023\/09\/Giappone_bluezones-64x43.jpg 64w\" sizes=\"(max-width: 2509px) 100vw, 2509px\" \/>        <\/div>\n      <\/div>\n    <\/div>\n<\/section>\n<!-- \/Immagine e Testo -->","protected":false},"excerpt":{"rendered":"","protected":false},"author":2509,"featured_media":0,"parent":0,"menu_order":0,"comment_status":"closed","ping_status":"closed","template":"","meta":{"_acf_changed":false,"footnotes":""},"class_list":["post-341917","page","type-page","status-publish","hentry"],"acf":[],"yoast_head":"<!-- This site is optimized with the Yoast SEO plugin v24.8.1 - https:\/\/yoast.com\/wordpress\/plugins\/seo\/ -->\n<title>Zone bleue : les territoires o\u00f9 les gens sont en meilleure sant\u00e9 et vivent le plus longtemps sur la plan\u00e8te - The Longevity Kitchen<\/title>\n<meta name=\"description\" content=\"Connaissez-vous les 5 endroits de la plan\u00e8te o\u00f9 l&#039;on trouve la plus forte concentration de personnes \u00e2g\u00e9es de plus de 100 ans ? D\u00e9couvrez ici les zones bleues, les territoires o\u00f9 les gens vivent le plus longtemps et sont en meilleure sant\u00e9 sur la plan\u00e8te.\" \/>\n<meta name=\"robots\" content=\"index, follow, max-snippet:-1, max-image-preview:large, max-video-preview:-1\" \/>\n<link rel=\"canonical\" href=\"https:\/\/ch.thelongevitykitchen.com\/fr\/les-zones-bleue\/\" \/>\n<meta property=\"og:locale\" content=\"fr_FR\" \/>\n<meta property=\"og:type\" content=\"article\" \/>\n<meta property=\"og:title\" content=\"Zone bleue : les territoires o\u00f9 les gens sont en meilleure sant\u00e9 et vivent le plus longtemps sur la plan\u00e8te - The Longevity Kitchen\" \/>\n<meta property=\"og:description\" content=\"Connaissez-vous les 5 endroits de la plan\u00e8te o\u00f9 l&#039;on trouve la plus forte concentration de personnes \u00e2g\u00e9es de plus de 100 ans ? D\u00e9couvrez ici les zones bleues, les territoires o\u00f9 les gens vivent le plus longtemps et sont en meilleure sant\u00e9 sur la plan\u00e8te.\" \/>\n<meta property=\"og:url\" content=\"https:\/\/ch.thelongevitykitchen.com\/fr\/les-zones-bleue\/\" \/>\n<meta property=\"og:site_name\" content=\"The Longevity Kitchen - CH\" \/>\n<meta property=\"article:modified_time\" content=\"2025-02-07T14:12:46+00:00\" \/>\n<meta name=\"twitter:card\" content=\"summary_large_image\" \/>\n<script type=\"application\/ld+json\" class=\"yoast-schema-graph\">{\"@context\":\"https:\/\/schema.org\",\"@graph\":[{\"@type\":\"WebPage\",\"@id\":\"https:\/\/ch.thelongevitykitchen.com\/fr\/les-zones-bleue\/\",\"url\":\"https:\/\/ch.thelongevitykitchen.com\/fr\/les-zones-bleue\/\",\"name\":\"Zone bleue : les territoires o\u00f9 les gens sont en meilleure sant\u00e9 et vivent le plus longtemps sur la plan\u00e8te - The Longevity Kitchen\",\"isPartOf\":{\"@id\":\"https:\/\/ch.thelongevitykitchen.com\/fr\/#website\"},\"datePublished\":\"2023-06-22T14:01:59+00:00\",\"dateModified\":\"2025-02-07T14:12:46+00:00\",\"description\":\"Connaissez-vous les 5 endroits de la plan\u00e8te o\u00f9 l'on trouve la plus forte concentration de personnes \u00e2g\u00e9es de plus de 100 ans ? D\u00e9couvrez ici les zones bleues, les territoires o\u00f9 les gens vivent le plus longtemps et sont en meilleure sant\u00e9 sur la plan\u00e8te.\",\"breadcrumb\":{\"@id\":\"https:\/\/ch.thelongevitykitchen.com\/fr\/les-zones-bleue\/#breadcrumb\"},\"inLanguage\":\"fr-FR\",\"potentialAction\":[{\"@type\":\"ReadAction\",\"target\":[\"https:\/\/ch.thelongevitykitchen.com\/fr\/les-zones-bleue\/\"]}]},{\"@type\":\"BreadcrumbList\",\"@id\":\"https:\/\/ch.thelongevitykitchen.com\/fr\/les-zones-bleue\/#breadcrumb\",\"itemListElement\":[{\"@type\":\"ListItem\",\"position\":1,\"name\":\"Home\",\"item\":\"https:\/\/studiomate.thelongevitykitchen.com\/fr\/\"},{\"@type\":\"ListItem\",\"position\":2,\"name\":\"Les Zones Bleue\"}]},{\"@type\":\"WebSite\",\"@id\":\"https:\/\/ch.thelongevitykitchen.com\/fr\/#website\",\"url\":\"https:\/\/ch.thelongevitykitchen.com\/fr\/\",\"name\":\"The Longevity Kitchen - CH\",\"description\":\"Feeding Good\",\"potentialAction\":[{\"@type\":\"SearchAction\",\"target\":{\"@type\":\"EntryPoint\",\"urlTemplate\":\"https:\/\/ch.thelongevitykitchen.com\/fr\/?s={search_term_string}\"},\"query-input\":{\"@type\":\"PropertyValueSpecification\",\"valueRequired\":true,\"valueName\":\"search_term_string\"}}],\"inLanguage\":\"fr-FR\"}]}<\/script>\n<!-- \/ Yoast SEO plugin. -->","yoast_head_json":{"title":"Zone bleue : les territoires o\u00f9 les gens sont en meilleure sant\u00e9 et vivent le plus longtemps sur la plan\u00e8te - The Longevity Kitchen","description":"Connaissez-vous les 5 endroits de la plan\u00e8te o\u00f9 l'on trouve la plus forte concentration de personnes \u00e2g\u00e9es de plus de 100 ans ? D\u00e9couvrez ici les zones bleues, les territoires o\u00f9 les gens vivent le plus longtemps et sont en meilleure sant\u00e9 sur la plan\u00e8te.","robots":{"index":"index","follow":"follow","max-snippet":"max-snippet:-1","max-image-preview":"max-image-preview:large","max-video-preview":"max-video-preview:-1"},"canonical":"https:\/\/ch.thelongevitykitchen.com\/fr\/les-zones-bleue\/","og_locale":"fr_FR","og_type":"article","og_title":"Zone bleue : les territoires o\u00f9 les gens sont en meilleure sant\u00e9 et vivent le plus longtemps sur la plan\u00e8te - The Longevity Kitchen","og_description":"Connaissez-vous les 5 endroits de la plan\u00e8te o\u00f9 l'on trouve la plus forte concentration de personnes \u00e2g\u00e9es de plus de 100 ans ? D\u00e9couvrez ici les zones bleues, les territoires o\u00f9 les gens vivent le plus longtemps et sont en meilleure sant\u00e9 sur la plan\u00e8te.","og_url":"https:\/\/ch.thelongevitykitchen.com\/fr\/les-zones-bleue\/","og_site_name":"The Longevity Kitchen - CH","article_modified_time":"2025-02-07T14:12:46+00:00","twitter_card":"summary_large_image","schema":{"@context":"https:\/\/schema.org","@graph":[{"@type":"WebPage","@id":"https:\/\/ch.thelongevitykitchen.com\/fr\/les-zones-bleue\/","url":"https:\/\/ch.thelongevitykitchen.com\/fr\/les-zones-bleue\/","name":"Zone bleue : les territoires o\u00f9 les gens sont en meilleure sant\u00e9 et vivent le plus longtemps sur la plan\u00e8te - The Longevity Kitchen","isPartOf":{"@id":"https:\/\/ch.thelongevitykitchen.com\/fr\/#website"},"datePublished":"2023-06-22T14:01:59+00:00","dateModified":"2025-02-07T14:12:46+00:00","description":"Connaissez-vous les 5 endroits de la plan\u00e8te o\u00f9 l'on trouve la plus forte concentration de personnes \u00e2g\u00e9es de plus de 100 ans ? D\u00e9couvrez ici les zones bleues, les territoires o\u00f9 les gens vivent le plus longtemps et sont en meilleure sant\u00e9 sur la plan\u00e8te.","breadcrumb":{"@id":"https:\/\/ch.thelongevitykitchen.com\/fr\/les-zones-bleue\/#breadcrumb"},"inLanguage":"fr-FR","potentialAction":[{"@type":"ReadAction","target":["https:\/\/ch.thelongevitykitchen.com\/fr\/les-zones-bleue\/"]}]},{"@type":"BreadcrumbList","@id":"https:\/\/ch.thelongevitykitchen.com\/fr\/les-zones-bleue\/#breadcrumb","itemListElement":[{"@type":"ListItem","position":1,"name":"Home","item":"https:\/\/studiomate.thelongevitykitchen.com\/fr\/"},{"@type":"ListItem","position":2,"name":"Les Zones Bleue"}]},{"@type":"WebSite","@id":"https:\/\/ch.thelongevitykitchen.com\/fr\/#website","url":"https:\/\/ch.thelongevitykitchen.com\/fr\/","name":"The Longevity Kitchen - CH","description":"Feeding Good","potentialAction":[{"@type":"SearchAction","target":{"@type":"EntryPoint","urlTemplate":"https:\/\/ch.thelongevitykitchen.com\/fr\/?s={search_term_string}"},"query-input":{"@type":"PropertyValueSpecification","valueRequired":true,"valueName":"search_term_string"}}],"inLanguage":"fr-FR"}]}},"_links":{"self":[{"href":"https:\/\/ch.thelongevitykitchen.com\/fr\/wp-json\/wp\/v2\/pages\/341917","targetHints":{"allow":["GET"]}}],"collection":[{"href":"https:\/\/ch.thelongevitykitchen.com\/fr\/wp-json\/wp\/v2\/pages"}],"about":[{"href":"https:\/\/ch.thelongevitykitchen.com\/fr\/wp-json\/wp\/v2\/types\/page"}],"author":[{"embeddable":true,"href":"https:\/\/ch.thelongevitykitchen.com\/fr\/wp-json\/wp\/v2\/users\/2509"}],"replies":[{"embeddable":true,"href":"https:\/\/ch.thelongevitykitchen.com\/fr\/wp-json\/wp\/v2\/comments?post=341917"}],"version-history":[{"count":0,"href":"https:\/\/ch.thelongevitykitchen.com\/fr\/wp-json\/wp\/v2\/pages\/341917\/revisions"}],"wp:attachment":[{"href":"https:\/\/ch.thelongevitykitchen.com\/fr\/wp-json\/wp\/v2\/media?parent=341917"}],"curies":[{"name":"wp","href":"https:\/\/api.w.org\/{rel}","templated":true}]}}