{"id":341887,"date":"2023-06-21T11:41:42","date_gmt":"2023-06-21T11:41:42","guid":{"rendered":"https:\/\/ch.thelongevitykitchen.com\/a-propos-de\/"},"modified":"2025-04-03T13:09:37","modified_gmt":"2025-04-03T13:09:37","slug":"a-propos-de","status":"publish","type":"page","link":"https:\/\/ch.thelongevitykitchen.com\/fr\/a-propos-de\/","title":{"rendered":"A propos de"},"content":{"rendered":"<!-- Big Text -->\n<section id=\"section-bigtext-block_5a31ebd38987e56643cc5689caaa486b\" class=\"section-bigtext py-6 py-lg-10\">\n    <div class=\"container\">\n      <h6 class=\"ls-medium text-uppercase mb-2\">QUI SOMMES-NOUS ?<\/h6>\n      <h2 class=\"display-5\">Pour \u00eatre en bonne sant\u00e9, il est important de bien manger<\/h2>\n      <div class=\"lead\"><p>Anim\u00e9s par le d\u00e9sir d&rsquo;am\u00e9liorer le mode de vie des gens, nous avons commenc\u00e9 par ce qui alimente tout notre \u00eatre, \u00e0 la fois l&rsquo;esprit et le corps : la <strong>nourriture<\/strong>.<\/p>\n<\/div>          <\/div>\n<\/section>\n<!-- \/Big Text --><!-- Immagine e Testo -->\n<section id=\"block_8ab897fb947b9722732958d09213dc1e\" class=\"section-imgtxt\">\n    <div class=\"container-fluid p-0\">\n      <div class=\"row g-0 align-items-center justify-content-end  \">\n        <div class=\"col-12 col-md-6 col-txt p-4 px-xl-12 my-6 my-md-0 text-center\">\n          <h2 class=\"display-5 mb-4 white-title\">L&rsquo;\u00e9quilibre parfait. A vous de jouer. <\/h2> \n          <div class=\"text-heading-alt lead\"><p>Notre objectif est de <strong>vous aider \u00e0 vivre un \u00e9quilibre parfait entre sant\u00e9, beaut\u00e9 consciente et \u00e9nergie mentale.<\/strong> La Longevity Kitchen est un format innovant d&rsquo;alimentation saine inspir\u00e9 des habitudes et des secrets des personnes qui vivent le plus longtemps et le plus sainement sur la plan\u00e8te : celles qui vivent dans les Zones Bleues. Inspir\u00e9e par leurs recettes, leurs saveurs et leurs super-aliments, notre \u00e9quipe de m\u00e9decins, de nutritionnistes et de chefs a cr\u00e9\u00e9 un style unique de cuisine saine et durable.<\/p>\n<\/div>\n                  <\/div>\n        <div class=\"col-12 col-md-6\">\n          <img decoding=\"async\" width=\"2000\" height=\"1333\" src=\"https:\/\/ch.thelongevitykitchen.com\/wp-content\/uploads\/2023\/09\/chi-siamo-tlk.jpg\" class=\"img-fluid w-100 h-100\" alt=\"\" srcset=\"https:\/\/ch.thelongevitykitchen.com\/wp-content\/uploads\/2023\/09\/chi-siamo-tlk.jpg 2000w, https:\/\/ch.thelongevitykitchen.com\/wp-content\/uploads\/2023\/09\/chi-siamo-tlk-300x200.jpg 300w, https:\/\/ch.thelongevitykitchen.com\/wp-content\/uploads\/2023\/09\/chi-siamo-tlk-1024x682.jpg 1024w, https:\/\/ch.thelongevitykitchen.com\/wp-content\/uploads\/2023\/09\/chi-siamo-tlk-768x512.jpg 768w, https:\/\/ch.thelongevitykitchen.com\/wp-content\/uploads\/2023\/09\/chi-siamo-tlk-1536x1024.jpg 1536w, https:\/\/ch.thelongevitykitchen.com\/wp-content\/uploads\/2023\/09\/chi-siamo-tlk-600x400.jpg 600w, https:\/\/ch.thelongevitykitchen.com\/wp-content\/uploads\/2023\/09\/chi-siamo-tlk-64x43.jpg 64w\" sizes=\"(max-width: 2000px) 100vw, 2000px\" \/>        <\/div>\n      <\/div>\n    <\/div>\n<\/section>\n<!-- \/Immagine e Testo --><!-- Obiettivi -->\n<section id=\"section-obiettivi-block_1252d0bc7d8cb37ac13a244a328144fe\" class=\"py-6 py-lg-10 bg-dark-subtle\">\n    <div class=\"container\">\n        <h2 class=\"mb-6 mb-lg-10\">Nos valeurs<\/h2>\n    <\/div>\n\n    \n    <div class=\"container-big\">\n        <div class=\"row row-cols-1 row-cols-md-4 g-4 mb-6 mb-lg-10\">\n\n            \n            <div class=\"col\">\n                <div class=\"card card--obiettivi h-100 text-dark-emphasis bg-light bg-opacity-5 rounded border-0\">\n                    <div class=\"card-body p-6\">\n                        <img decoding=\"async\" src=\"https:\/\/ch.thelongevitykitchen.com\/wp-content\/uploads\/2023\/07\/ico-holistic-fill.svg\" class=\"mw-90\"\n                            alt=\"Bien-\u00eatre\">\n                        <h3 class=\"card-title my-6 banner-card-title\">Bien-\u00eatre<\/h3>\n\n                                            <\/div>\n                <\/div>\n            <\/div>\n\n            \n            <div class=\"col\">\n                <div class=\"card card--obiettivi h-100 text-dark-emphasis bg-light bg-opacity-5 rounded border-0\">\n                    <div class=\"card-body p-6\">\n                        <img decoding=\"async\" src=\"https:\/\/ch.thelongevitykitchen.com\/wp-content\/uploads\/2023\/08\/ico-benesseredonna.svg\" class=\"mw-90\"\n                            alt=\"Sensibilisation\">\n                        <h3 class=\"card-title my-6 banner-card-title\">Sensibilisation<\/h3>\n\n                                            <\/div>\n                <\/div>\n            <\/div>\n\n            \n            <div class=\"col\">\n                <div class=\"card card--obiettivi h-100 text-dark-emphasis bg-light bg-opacity-5 rounded border-0\">\n                    <div class=\"card-body p-6\">\n                        <img decoding=\"async\" src=\"https:\/\/ch.thelongevitykitchen.com\/wp-content\/uploads\/2023\/08\/ico-detox.svg\" class=\"mw-90\"\n                            alt=\"Le go\u00fbt\">\n                        <h3 class=\"card-title my-6 banner-card-title\">Le go\u00fbt<\/h3>\n\n                                            <\/div>\n                <\/div>\n            <\/div>\n\n            \n            <div class=\"col\">\n                <div class=\"card card--obiettivi h-100 text-dark-emphasis bg-light bg-opacity-5 rounded border-0\">\n                    <div class=\"card-body p-6\">\n                        <img decoding=\"async\" src=\"https:\/\/ch.thelongevitykitchen.com\/wp-content\/uploads\/2023\/07\/ico-comesenti-fill.svg\" class=\"mw-90\"\n                            alt=\"Sant\u00e9\">\n                        <h3 class=\"card-title my-6 banner-card-title\">Sant\u00e9<\/h3>\n\n                                            <\/div>\n                <\/div>\n            <\/div>\n\n            \n        <\/div>\n    <\/div>\n\n    \n<\/section>\n<!-- \/Obiettivi --><!-- Big Text -->\n<section id=\"section-bigtext-block_a6f63880b04d4f2bc212fd7173f9d051\" class=\"section-bigtext py-6 py-lg-10\">\n    <div class=\"container\">\n      <h6 class=\"ls-medium text-uppercase mb-2\">Notre vision<\/h6>\n      <h2 class=\"display-5\">Nous sommes des professionnels de la sant\u00e9 qui n&rsquo;ont jamais renonc\u00e9 \u00e0 la valeur la plus importante de la vie : le go\u00fbt du bien-\u00eatre.<\/h2>\n      <div class=\"lead\"><p>Nous avons d\u00e9cid\u00e9 de combiner notre expertise dans le domaine de la long\u00e9vit\u00e9 et notre passion pour la nutrition afin de cr\u00e9er un projet unique et innovant d\u00e9di\u00e9 au bien-\u00eatre personnel par le biais d&rsquo;une nutrition avanc\u00e9e.<\/p>\n<\/div>          <\/div>\n<\/section>\n<!-- \/Big Text --><!-- Big Text -->\n<section id=\"section-bigtext-block_9d1a20856254e92e0bfd4dc43289250b\" class=\"section-bigtext py-6 py-lg-10\">\n    <div class=\"container\">\n      <h6 class=\"ls-medium text-uppercase mb-2\">Notre mission<\/h6>\n      <h2 class=\"display-5\">La long\u00e9vit\u00e9 et ses recettes.<\/h2>\n      <div class=\"lead\"><p>Nous pensons qu&rsquo;innover dans le monde de la nutrition, c&rsquo;est aller au-del\u00e0 de la simple satisfaction d&rsquo;un besoin physique, vers un mode de vie qui nourrit le corps et l&rsquo;esprit. Ici, la long\u00e9vit\u00e9 r\u00e9v\u00e8le son secret \u00e0 travers des ingr\u00e9dients s\u00e9lectionn\u00e9s et des recettes pour les sublimer. <\/p>\n<\/div>          <\/div>\n<\/section>\n<!-- \/Big Text --><!-- Big Text -->\n<section id=\"section-bigtext-block_07eaa3db6fd251e30dc168990c2d0554\" class=\"section-bigtext py-6 py-lg-10\">\n    <div class=\"container\">\n      <h6 class=\"ls-medium text-uppercase mb-2\">Notre m\u00e9thode<\/h6>\n      <h2 class=\"display-5\">C&rsquo;est dans la cuisine que la science est la plus performante.<\/h2>\n      <div class=\"lead\"><p>\u00c0 Turin, nous avons construit notre laboratoire scientifique et gastronomique : un lieu unique o\u00f9 les chefs, les nutritionnistes et les m\u00e9decins travaillent ensemble pour cr\u00e9er une nouvelle fa\u00e7on de penser et de vivre la nutrition. C&rsquo;est l\u00e0 que les chefs pr\u00e9parent des plats con\u00e7us pour ceux qui veulent vivre une vie \u00e9quilibr\u00e9e, riche en go\u00fbt, \u00e0 la hauteur de leur potentiel. <\/p>\n<\/div>          <\/div>\n<\/section>\n<!-- \/Big Text -->","protected":false},"excerpt":{"rendered":"","protected":false},"author":2509,"featured_media":0,"parent":0,"menu_order":0,"comment_status":"closed","ping_status":"closed","template":"","meta":{"_acf_changed":false,"footnotes":""},"class_list":["post-341887","page","type-page","status-publish","hentry"],"acf":[],"yoast_head":"<!-- This site is optimized with the Yoast SEO plugin v24.8.1 - https:\/\/yoast.com\/wordpress\/plugins\/seo\/ -->\n<title>A propos de The Longevity Kitchen - Des aliments sains \u00e0 la maison<\/title>\n<meta name=\"description\" content=\"The Longevity Kitchen est un format innovant d&#039;alimentation saine \u00e0 domicile : une cuisine saine et durable. Venez d\u00e9couvrir tous nos plats.\" \/>\n<meta name=\"robots\" content=\"index, follow, max-snippet:-1, max-image-preview:large, max-video-preview:-1\" \/>\n<link rel=\"canonical\" href=\"https:\/\/ch.thelongevitykitchen.com\/fr\/a-propos-de\/\" \/>\n<meta property=\"og:locale\" content=\"fr_FR\" \/>\n<meta property=\"og:type\" content=\"article\" \/>\n<meta property=\"og:title\" content=\"A propos de The Longevity Kitchen - Des aliments sains \u00e0 la maison\" \/>\n<meta property=\"og:description\" content=\"The Longevity Kitchen est un format innovant d&#039;alimentation saine \u00e0 domicile : une cuisine saine et durable. Venez d\u00e9couvrir tous nos plats.\" \/>\n<meta property=\"og:url\" content=\"https:\/\/ch.thelongevitykitchen.com\/fr\/a-propos-de\/\" \/>\n<meta property=\"og:site_name\" content=\"The Longevity Kitchen - CH\" \/>\n<meta property=\"article:modified_time\" content=\"2025-04-03T13:09:37+00:00\" \/>\n<meta name=\"twitter:card\" content=\"summary_large_image\" \/>\n<script type=\"application\/ld+json\" class=\"yoast-schema-graph\">{\"@context\":\"https:\/\/schema.org\",\"@graph\":[{\"@type\":\"WebPage\",\"@id\":\"https:\/\/ch.thelongevitykitchen.com\/fr\/a-propos-de\/\",\"url\":\"https:\/\/ch.thelongevitykitchen.com\/fr\/a-propos-de\/\",\"name\":\"A propos de The Longevity Kitchen - Des aliments sains \u00e0 la maison\",\"isPartOf\":{\"@id\":\"https:\/\/ch.thelongevitykitchen.com\/fr\/#website\"},\"datePublished\":\"2023-06-21T11:41:42+00:00\",\"dateModified\":\"2025-04-03T13:09:37+00:00\",\"description\":\"The Longevity Kitchen est un format innovant d'alimentation saine \u00e0 domicile : une cuisine saine et durable. Venez d\u00e9couvrir tous nos plats.\",\"breadcrumb\":{\"@id\":\"https:\/\/ch.thelongevitykitchen.com\/fr\/a-propos-de\/#breadcrumb\"},\"inLanguage\":\"fr-FR\",\"potentialAction\":[{\"@type\":\"ReadAction\",\"target\":[\"https:\/\/ch.thelongevitykitchen.com\/fr\/a-propos-de\/\"]}]},{\"@type\":\"BreadcrumbList\",\"@id\":\"https:\/\/ch.thelongevitykitchen.com\/fr\/a-propos-de\/#breadcrumb\",\"itemListElement\":[{\"@type\":\"ListItem\",\"position\":1,\"name\":\"Home\",\"item\":\"https:\/\/studiomate.thelongevitykitchen.com\/fr\/\"},{\"@type\":\"ListItem\",\"position\":2,\"name\":\"A propos de\"}]},{\"@type\":\"WebSite\",\"@id\":\"https:\/\/ch.thelongevitykitchen.com\/fr\/#website\",\"url\":\"https:\/\/ch.thelongevitykitchen.com\/fr\/\",\"name\":\"The Longevity Kitchen - CH\",\"description\":\"Feeding Good\",\"potentialAction\":[{\"@type\":\"SearchAction\",\"target\":{\"@type\":\"EntryPoint\",\"urlTemplate\":\"https:\/\/ch.thelongevitykitchen.com\/fr\/?s={search_term_string}\"},\"query-input\":{\"@type\":\"PropertyValueSpecification\",\"valueRequired\":true,\"valueName\":\"search_term_string\"}}],\"inLanguage\":\"fr-FR\"}]}<\/script>\n<!-- \/ Yoast SEO plugin. -->","yoast_head_json":{"title":"A propos de The Longevity Kitchen - Des aliments sains \u00e0 la maison","description":"The Longevity Kitchen est un format innovant d'alimentation saine \u00e0 domicile : une cuisine saine et durable. Venez d\u00e9couvrir tous nos plats.","robots":{"index":"index","follow":"follow","max-snippet":"max-snippet:-1","max-image-preview":"max-image-preview:large","max-video-preview":"max-video-preview:-1"},"canonical":"https:\/\/ch.thelongevitykitchen.com\/fr\/a-propos-de\/","og_locale":"fr_FR","og_type":"article","og_title":"A propos de The Longevity Kitchen - Des aliments sains \u00e0 la maison","og_description":"The Longevity Kitchen est un format innovant d'alimentation saine \u00e0 domicile : une cuisine saine et durable. Venez d\u00e9couvrir tous nos plats.","og_url":"https:\/\/ch.thelongevitykitchen.com\/fr\/a-propos-de\/","og_site_name":"The Longevity Kitchen - CH","article_modified_time":"2025-04-03T13:09:37+00:00","twitter_card":"summary_large_image","schema":{"@context":"https:\/\/schema.org","@graph":[{"@type":"WebPage","@id":"https:\/\/ch.thelongevitykitchen.com\/fr\/a-propos-de\/","url":"https:\/\/ch.thelongevitykitchen.com\/fr\/a-propos-de\/","name":"A propos de The Longevity Kitchen - Des aliments sains \u00e0 la maison","isPartOf":{"@id":"https:\/\/ch.thelongevitykitchen.com\/fr\/#website"},"datePublished":"2023-06-21T11:41:42+00:00","dateModified":"2025-04-03T13:09:37+00:00","description":"The Longevity Kitchen est un format innovant d'alimentation saine \u00e0 domicile : une cuisine saine et durable. Venez d\u00e9couvrir tous nos plats.","breadcrumb":{"@id":"https:\/\/ch.thelongevitykitchen.com\/fr\/a-propos-de\/#breadcrumb"},"inLanguage":"fr-FR","potentialAction":[{"@type":"ReadAction","target":["https:\/\/ch.thelongevitykitchen.com\/fr\/a-propos-de\/"]}]},{"@type":"BreadcrumbList","@id":"https:\/\/ch.thelongevitykitchen.com\/fr\/a-propos-de\/#breadcrumb","itemListElement":[{"@type":"ListItem","position":1,"name":"Home","item":"https:\/\/studiomate.thelongevitykitchen.com\/fr\/"},{"@type":"ListItem","position":2,"name":"A propos de"}]},{"@type":"WebSite","@id":"https:\/\/ch.thelongevitykitchen.com\/fr\/#website","url":"https:\/\/ch.thelongevitykitchen.com\/fr\/","name":"The Longevity Kitchen - CH","description":"Feeding Good","potentialAction":[{"@type":"SearchAction","target":{"@type":"EntryPoint","urlTemplate":"https:\/\/ch.thelongevitykitchen.com\/fr\/?s={search_term_string}"},"query-input":{"@type":"PropertyValueSpecification","valueRequired":true,"valueName":"search_term_string"}}],"inLanguage":"fr-FR"}]}},"_links":{"self":[{"href":"https:\/\/ch.thelongevitykitchen.com\/fr\/wp-json\/wp\/v2\/pages\/341887","targetHints":{"allow":["GET"]}}],"collection":[{"href":"https:\/\/ch.thelongevitykitchen.com\/fr\/wp-json\/wp\/v2\/pages"}],"about":[{"href":"https:\/\/ch.thelongevitykitchen.com\/fr\/wp-json\/wp\/v2\/types\/page"}],"author":[{"embeddable":true,"href":"https:\/\/ch.thelongevitykitchen.com\/fr\/wp-json\/wp\/v2\/users\/2509"}],"replies":[{"embeddable":true,"href":"https:\/\/ch.thelongevitykitchen.com\/fr\/wp-json\/wp\/v2\/comments?post=341887"}],"version-history":[{"count":0,"href":"https:\/\/ch.thelongevitykitchen.com\/fr\/wp-json\/wp\/v2\/pages\/341887\/revisions"}],"wp:attachment":[{"href":"https:\/\/ch.thelongevitykitchen.com\/fr\/wp-json\/wp\/v2\/media?parent=341887"}],"curies":[{"name":"wp","href":"https:\/\/api.w.org\/{rel}","templated":true}]}}