{"id":353604,"date":"2025-02-06T16:31:56","date_gmt":"2025-02-06T16:31:56","guid":{"rendered":"https:\/\/ch.thelongevitykitchen.com\/shop\/unkategorisiert\/menu-vegetariano-7-full\/"},"modified":"2025-02-24T12:42:07","modified_gmt":"2025-02-24T12:42:07","slug":"menu-vegetariano-7-full","status":"publish","type":"product","link":"https:\/\/ch.thelongevitykitchen.com\/de\/shop\/menue-im-angebot\/menu-vegetariano-7-full\/","title":{"rendered":"Menu Vegetarisches &#8211; 7 FULL"},"content":{"rendered":"<p>Das <strong>vegetarische Programm<\/strong> bringt dem K\u00f6rper viele physiologische und \u00f6kologische Vorteile. Der Verzicht auf Fleisch, kombiniert mit dem Reichtum an Phyton\u00e4hrstoffen und Ballaststoffen in Gem\u00fcse, hat sich als <strong>vorteilhaft f\u00fcr die allgemeine Gesundheit<\/strong> und zur Vorbeugung chronischer Erkrankungen erwiesen.<\/p>\n<p>In jedem Gericht unseres vegetarischen Men\u00fcs sind alle N\u00e4hrstoffe ausgewogen, um Sie den ganzen Tag \u00fcber zu unterst\u00fctzen. Enth\u00e4lt fantasievolle Gerichte auf Basis von Gem\u00fcse, H\u00fclsenfr\u00fcchten, Getreide, Gew\u00fcrzen und Superfoods.<\/p>\n","protected":false},"excerpt":{"rendered":"<p>Gesunde und nachhaltige Gerichte, ideal f\u00fcr alle, die sich vegetarisch ern\u00e4hren m\u00f6chten, ohne auf die richtige t\u00e4gliche Energiezufuhr zu verzichten.<\/p>\n<ul>\n<li><strong>7 Tage VOLL<\/strong> \u2013 die ganze Woche: 7 Fr\u00fchst\u00fccke, 7 Mittagessen, 7 Abendessen<\/li>\n<\/ul>\n","protected":false},"featured_media":339818,"template":"","meta":{"_acf_changed":false},"product_brand":[],"product_cat":[347],"product_tag":[386],"class_list":{"0":"post-353604","1":"product","2":"type-product","3":"status-publish","4":"has-post-thumbnail","6":"product_cat-menue-im-angebot","7":"product_tag-vegetarische-diaet","9":"first","10":"instock","11":"sale","12":"taxable","13":"shipping-taxable","14":"purchasable","15":"product-type-simple"},"bundled_by":[],"bundle_stock_status":"instock","bundle_stock_quantity":null,"bundle_virtual":false,"bundle_layout":"","bundle_add_to_cart_form_location":"","bundle_editable_in_cart":false,"bundle_sold_individually_context":"","bundle_item_grouping":"","bundle_min_size":"","bundle_max_size":"","bundle_price":[],"bundled_items":[],"bundle_sell_ids":[],"acf":[],"yoast_head":"<!-- This site is optimized with the Yoast SEO plugin v24.8.1 - https:\/\/yoast.com\/wordpress\/plugins\/seo\/ -->\n<title>Gesunde und nachhaltige Gerichte<\/title>\n<meta name=\"description\" content=\"Gesunde und nachhaltige Gerichte, ideal f\u00fcr alle, die sich vegetarisch ern\u00e4hren m\u00f6chten, ohne auf die richtige t\u00e4gliche Energiezufuhr zu verzichten.\" \/>\n<meta name=\"robots\" content=\"index, follow, max-snippet:-1, max-image-preview:large, max-video-preview:-1\" \/>\n<link rel=\"canonical\" href=\"https:\/\/ch.thelongevitykitchen.com\/de\/shop\/menue-im-angebot\/menu-vegetariano-7-full\/\" \/>\n<meta property=\"og:locale\" content=\"de_DE\" \/>\n<meta property=\"og:type\" content=\"article\" \/>\n<meta property=\"og:title\" content=\"Gesunde und nachhaltige Gerichte\" \/>\n<meta property=\"og:description\" content=\"Gesunde und nachhaltige Gerichte, ideal f\u00fcr alle, die sich vegetarisch ern\u00e4hren m\u00f6chten, ohne auf die richtige t\u00e4gliche Energiezufuhr zu verzichten.\" \/>\n<meta property=\"og:url\" content=\"https:\/\/ch.thelongevitykitchen.com\/de\/shop\/menue-im-angebot\/menu-vegetariano-7-full\/\" \/>\n<meta property=\"og:site_name\" content=\"The Longevity Kitchen - CH\" \/>\n<meta property=\"article:modified_time\" content=\"2025-02-24T12:42:07+00:00\" \/>\n<meta property=\"og:image\" content=\"https:\/\/ch.thelongevitykitchen.com\/wp-content\/uploads\/2023\/12\/copertina-minestrone-scaled.webp\" \/>\n\t<meta property=\"og:image:width\" content=\"2560\" \/>\n\t<meta property=\"og:image:height\" content=\"2560\" \/>\n\t<meta property=\"og:image:type\" content=\"image\/webp\" \/>\n<meta name=\"twitter:card\" content=\"summary_large_image\" \/>\n<meta name=\"twitter:label1\" content=\"Gesch\u00e4tzte Lesezeit\" \/>\n\t<meta name=\"twitter:data1\" content=\"1\u00a0Minute\" \/>\n<script type=\"application\/ld+json\" class=\"yoast-schema-graph\">{\"@context\":\"https:\/\/schema.org\",\"@graph\":[{\"@type\":\"WebPage\",\"@id\":\"https:\/\/ch.thelongevitykitchen.com\/de\/shop\/menue-im-angebot\/menu-vegetariano-7-full\/\",\"url\":\"https:\/\/ch.thelongevitykitchen.com\/de\/shop\/menue-im-angebot\/menu-vegetariano-7-full\/\",\"name\":\"Gesunde und nachhaltige Gerichte\",\"isPartOf\":{\"@id\":\"https:\/\/ch.thelongevitykitchen.com\/de\/#website\"},\"primaryImageOfPage\":{\"@id\":\"https:\/\/ch.thelongevitykitchen.com\/de\/shop\/menue-im-angebot\/menu-vegetariano-7-full\/#primaryimage\"},\"image\":{\"@id\":\"https:\/\/ch.thelongevitykitchen.com\/de\/shop\/menue-im-angebot\/menu-vegetariano-7-full\/#primaryimage\"},\"thumbnailUrl\":\"https:\/\/ch.thelongevitykitchen.com\/wp-content\/uploads\/2023\/12\/copertina-minestrone-scaled.webp\",\"datePublished\":\"2025-02-06T16:31:56+00:00\",\"dateModified\":\"2025-02-24T12:42:07+00:00\",\"description\":\"Gesunde und nachhaltige Gerichte, ideal f\u00fcr alle, die sich vegetarisch ern\u00e4hren m\u00f6chten, ohne auf die richtige t\u00e4gliche Energiezufuhr zu verzichten.\",\"breadcrumb\":{\"@id\":\"https:\/\/ch.thelongevitykitchen.com\/de\/shop\/menue-im-angebot\/menu-vegetariano-7-full\/#breadcrumb\"},\"inLanguage\":\"de\",\"potentialAction\":[{\"@type\":\"ReadAction\",\"target\":[\"https:\/\/ch.thelongevitykitchen.com\/de\/shop\/menue-im-angebot\/menu-vegetariano-7-full\/\"]}]},{\"@type\":\"ImageObject\",\"inLanguage\":\"de\",\"@id\":\"https:\/\/ch.thelongevitykitchen.com\/de\/shop\/menue-im-angebot\/menu-vegetariano-7-full\/#primaryimage\",\"url\":\"https:\/\/ch.thelongevitykitchen.com\/wp-content\/uploads\/2023\/12\/copertina-minestrone-scaled.webp\",\"contentUrl\":\"https:\/\/ch.thelongevitykitchen.com\/wp-content\/uploads\/2023\/12\/copertina-minestrone-scaled.webp\",\"width\":2560,\"height\":2560},{\"@type\":\"BreadcrumbList\",\"@id\":\"https:\/\/ch.thelongevitykitchen.com\/de\/shop\/menue-im-angebot\/menu-vegetariano-7-full\/#breadcrumb\",\"itemListElement\":[{\"@type\":\"ListItem\",\"position\":1,\"name\":\"Home\",\"item\":\"https:\/\/studiomate.thelongevitykitchen.com\/de\/\"},{\"@type\":\"ListItem\",\"position\":2,\"name\":\"Men\u00fc im Angebot\",\"item\":\"https:\/\/ch.thelongevitykitchen.com\/de\/kategorie\/menue-im-angebot\/\"},{\"@type\":\"ListItem\",\"position\":3,\"name\":\"Menu Vegetarisches &#8211; 7 FULL\"}]},{\"@type\":\"WebSite\",\"@id\":\"https:\/\/ch.thelongevitykitchen.com\/de\/#website\",\"url\":\"https:\/\/ch.thelongevitykitchen.com\/de\/\",\"name\":\"The Longevity Kitchen - CH\",\"description\":\"Feeding Good\",\"potentialAction\":[{\"@type\":\"SearchAction\",\"target\":{\"@type\":\"EntryPoint\",\"urlTemplate\":\"https:\/\/ch.thelongevitykitchen.com\/de\/?s={search_term_string}\"},\"query-input\":{\"@type\":\"PropertyValueSpecification\",\"valueRequired\":true,\"valueName\":\"search_term_string\"}}],\"inLanguage\":\"de\"}]}<\/script>\n<!-- \/ Yoast SEO plugin. -->","yoast_head_json":{"title":"Gesunde und nachhaltige Gerichte","description":"Gesunde und nachhaltige Gerichte, ideal f\u00fcr alle, die sich vegetarisch ern\u00e4hren m\u00f6chten, ohne auf die richtige t\u00e4gliche Energiezufuhr zu verzichten.","robots":{"index":"index","follow":"follow","max-snippet":"max-snippet:-1","max-image-preview":"max-image-preview:large","max-video-preview":"max-video-preview:-1"},"canonical":"https:\/\/ch.thelongevitykitchen.com\/de\/shop\/menue-im-angebot\/menu-vegetariano-7-full\/","og_locale":"de_DE","og_type":"article","og_title":"Gesunde und nachhaltige Gerichte","og_description":"Gesunde und nachhaltige Gerichte, ideal f\u00fcr alle, die sich vegetarisch ern\u00e4hren m\u00f6chten, ohne auf die richtige t\u00e4gliche Energiezufuhr zu verzichten.","og_url":"https:\/\/ch.thelongevitykitchen.com\/de\/shop\/menue-im-angebot\/menu-vegetariano-7-full\/","og_site_name":"The Longevity Kitchen - CH","article_modified_time":"2025-02-24T12:42:07+00:00","og_image":[{"width":2560,"height":2560,"url":"https:\/\/ch.thelongevitykitchen.com\/wp-content\/uploads\/2023\/12\/copertina-minestrone-scaled.webp","type":"image\/webp"}],"twitter_card":"summary_large_image","twitter_misc":{"Gesch\u00e4tzte Lesezeit":"1\u00a0Minute"},"schema":{"@context":"https:\/\/schema.org","@graph":[{"@type":"WebPage","@id":"https:\/\/ch.thelongevitykitchen.com\/de\/shop\/menue-im-angebot\/menu-vegetariano-7-full\/","url":"https:\/\/ch.thelongevitykitchen.com\/de\/shop\/menue-im-angebot\/menu-vegetariano-7-full\/","name":"Gesunde und nachhaltige Gerichte","isPartOf":{"@id":"https:\/\/ch.thelongevitykitchen.com\/de\/#website"},"primaryImageOfPage":{"@id":"https:\/\/ch.thelongevitykitchen.com\/de\/shop\/menue-im-angebot\/menu-vegetariano-7-full\/#primaryimage"},"image":{"@id":"https:\/\/ch.thelongevitykitchen.com\/de\/shop\/menue-im-angebot\/menu-vegetariano-7-full\/#primaryimage"},"thumbnailUrl":"https:\/\/ch.thelongevitykitchen.com\/wp-content\/uploads\/2023\/12\/copertina-minestrone-scaled.webp","datePublished":"2025-02-06T16:31:56+00:00","dateModified":"2025-02-24T12:42:07+00:00","description":"Gesunde und nachhaltige Gerichte, ideal f\u00fcr alle, die sich vegetarisch ern\u00e4hren m\u00f6chten, ohne auf die richtige t\u00e4gliche Energiezufuhr zu verzichten.","breadcrumb":{"@id":"https:\/\/ch.thelongevitykitchen.com\/de\/shop\/menue-im-angebot\/menu-vegetariano-7-full\/#breadcrumb"},"inLanguage":"de","potentialAction":[{"@type":"ReadAction","target":["https:\/\/ch.thelongevitykitchen.com\/de\/shop\/menue-im-angebot\/menu-vegetariano-7-full\/"]}]},{"@type":"ImageObject","inLanguage":"de","@id":"https:\/\/ch.thelongevitykitchen.com\/de\/shop\/menue-im-angebot\/menu-vegetariano-7-full\/#primaryimage","url":"https:\/\/ch.thelongevitykitchen.com\/wp-content\/uploads\/2023\/12\/copertina-minestrone-scaled.webp","contentUrl":"https:\/\/ch.thelongevitykitchen.com\/wp-content\/uploads\/2023\/12\/copertina-minestrone-scaled.webp","width":2560,"height":2560},{"@type":"BreadcrumbList","@id":"https:\/\/ch.thelongevitykitchen.com\/de\/shop\/menue-im-angebot\/menu-vegetariano-7-full\/#breadcrumb","itemListElement":[{"@type":"ListItem","position":1,"name":"Home","item":"https:\/\/studiomate.thelongevitykitchen.com\/de\/"},{"@type":"ListItem","position":2,"name":"Men\u00fc im Angebot","item":"https:\/\/ch.thelongevitykitchen.com\/de\/kategorie\/menue-im-angebot\/"},{"@type":"ListItem","position":3,"name":"Menu Vegetarisches &#8211; 7 FULL"}]},{"@type":"WebSite","@id":"https:\/\/ch.thelongevitykitchen.com\/de\/#website","url":"https:\/\/ch.thelongevitykitchen.com\/de\/","name":"The Longevity Kitchen - CH","description":"Feeding Good","potentialAction":[{"@type":"SearchAction","target":{"@type":"EntryPoint","urlTemplate":"https:\/\/ch.thelongevitykitchen.com\/de\/?s={search_term_string}"},"query-input":{"@type":"PropertyValueSpecification","valueRequired":true,"valueName":"search_term_string"}}],"inLanguage":"de"}]}},"_links":{"self":[{"href":"https:\/\/ch.thelongevitykitchen.com\/de\/wp-json\/wp\/v2\/product\/353604","targetHints":{"allow":["GET"]}}],"collection":[{"href":"https:\/\/ch.thelongevitykitchen.com\/de\/wp-json\/wp\/v2\/product"}],"about":[{"href":"https:\/\/ch.thelongevitykitchen.com\/de\/wp-json\/wp\/v2\/types\/product"}],"wp:featuredmedia":[{"embeddable":true,"href":"https:\/\/ch.thelongevitykitchen.com\/de\/wp-json\/wp\/v2\/media\/339818"}],"wp:attachment":[{"href":"https:\/\/ch.thelongevitykitchen.com\/de\/wp-json\/wp\/v2\/media?parent=353604"}],"wp:term":[{"taxonomy":"product_brand","embeddable":true,"href":"https:\/\/ch.thelongevitykitchen.com\/de\/wp-json\/wp\/v2\/product_brand?post=353604"},{"taxonomy":"product_cat","embeddable":true,"href":"https:\/\/ch.thelongevitykitchen.com\/de\/wp-json\/wp\/v2\/product_cat?post=353604"},{"taxonomy":"product_tag","embeddable":true,"href":"https:\/\/ch.thelongevitykitchen.com\/de\/wp-json\/wp\/v2\/product_tag?post=353604"}],"curies":[{"name":"wp","href":"https:\/\/api.w.org\/{rel}","templated":true}]}}