{"id":353047,"date":"2025-02-21T14:18:38","date_gmt":"2025-02-21T14:18:38","guid":{"rendered":"https:\/\/ch.thelongevitykitchen.com\/shop\/unkategorisiert\/menu-slim-7-full\/"},"modified":"2025-02-21T14:18:38","modified_gmt":"2025-02-21T14:18:38","slug":"menu-slim-7-full","status":"publish","type":"product","link":"https:\/\/ch.thelongevitykitchen.com\/de\/shop\/menue-im-angebot\/menu-slim-7-full\/","title":{"rendered":"Menu Slim &#8211; 7 FULL"},"content":{"rendered":"<p>Das <strong>Slim<\/strong>-Programm wurde f\u00fcr Menschen konzipiert, die auf gesunde Art und Weise abnehmen m\u00f6chten, ohne unn\u00f6tige Verzichtserkl\u00e4rungen und ohne den f\u00fcr Schlankheitsprogramme typischen Jo-Jo-Effekt. Der Wochenplan besteht aus einer Reihe kalorienarmer Gerichte, die jedoch reich an edlen Proteinen, Kohlenhydraten mit niedrigem glyk\u00e4mischen Index und v\u00f6llig frei von Einfachzucker sind.<\/p>\n","protected":false},"excerpt":{"rendered":"<p>Leckere, proteinreiche und kalorienarme Gerichte, die von unseren K\u00f6chen entwickelt wurden, um Sie auf Ihrem Weg zur Gewichtsabnahme zu begleiten, ohne auf den Geschmack verzichten zu m\u00fcssen.<\/p>\n<ul>\n<li><strong>7 Tage VOLL<\/strong> \u2013 die ganze Woche: 7 Fr\u00fchst\u00fccke, 7 Mittagessen, 7 Abendessen<\/li>\n<\/ul>\n","protected":false},"featured_media":339582,"template":"","meta":{"_acf_changed":false},"product_brand":[],"product_cat":[347],"product_tag":[384],"class_list":{"0":"post-353047","1":"product","2":"type-product","3":"status-publish","4":"has-post-thumbnail","6":"product_cat-menue-im-angebot","7":"product_tag-slim-diaet","9":"first","10":"instock","11":"sale","12":"taxable","13":"shipping-taxable","14":"purchasable","15":"product-type-simple"},"bundled_by":[],"bundle_stock_status":"instock","bundle_stock_quantity":null,"bundle_virtual":false,"bundle_layout":"","bundle_add_to_cart_form_location":"","bundle_editable_in_cart":false,"bundle_sold_individually_context":"","bundle_item_grouping":"","bundle_min_size":"","bundle_max_size":"","bundle_price":[],"bundled_items":[],"bundle_sell_ids":[],"acf":[],"yoast_head":"<!-- This site is optimized with the Yoast SEO plugin v24.8.1 - https:\/\/yoast.com\/wordpress\/plugins\/seo\/ -->\n<title>Slim-Men\u00fc - 7 Tage: Die Slim-Di\u00e4t fertig bei Ihnen zu Hause - The Longevity Kitchen - CH<\/title>\n<meta name=\"description\" content=\"Leckere, proteinreiche und kalorienarme Gerichte, die von unseren K\u00f6chen entwickelt wurden, um Sie auf Ihrem Weg zur Gewichtsabnahme zu begleiten.\" \/>\n<meta name=\"robots\" content=\"index, follow, max-snippet:-1, max-image-preview:large, max-video-preview:-1\" \/>\n<link rel=\"canonical\" href=\"https:\/\/ch.thelongevitykitchen.com\/de\/shop\/menue-im-angebot\/menu-slim-7-full\/\" \/>\n<meta property=\"og:locale\" content=\"de_DE\" \/>\n<meta property=\"og:type\" content=\"article\" \/>\n<meta property=\"og:title\" content=\"Slim-Men\u00fc - 7 Tage: Die Slim-Di\u00e4t fertig bei Ihnen zu Hause - The Longevity Kitchen - CH\" \/>\n<meta property=\"og:description\" content=\"Leckere, proteinreiche und kalorienarme Gerichte, die von unseren K\u00f6chen entwickelt wurden, um Sie auf Ihrem Weg zur Gewichtsabnahme zu begleiten.\" \/>\n<meta property=\"og:url\" content=\"https:\/\/ch.thelongevitykitchen.com\/de\/shop\/menue-im-angebot\/menu-slim-7-full\/\" \/>\n<meta property=\"og:site_name\" content=\"The Longevity Kitchen - CH\" \/>\n<meta property=\"og:image\" content=\"https:\/\/ch.thelongevitykitchen.com\/wp-content\/uploads\/2023\/08\/TLK_PIATTI-PER-COPERTINA-KIT-MENU2.jpg\" \/>\n\t<meta property=\"og:image:width\" content=\"1200\" \/>\n\t<meta property=\"og:image:height\" content=\"1200\" \/>\n\t<meta property=\"og:image:type\" content=\"image\/jpeg\" \/>\n<meta name=\"twitter:card\" content=\"summary_large_image\" \/>\n<meta name=\"twitter:label1\" content=\"Gesch\u00e4tzte Lesezeit\" \/>\n\t<meta name=\"twitter:data1\" content=\"1\u00a0Minute\" \/>\n<script type=\"application\/ld+json\" class=\"yoast-schema-graph\">{\"@context\":\"https:\/\/schema.org\",\"@graph\":[{\"@type\":\"WebPage\",\"@id\":\"https:\/\/ch.thelongevitykitchen.com\/de\/shop\/menue-im-angebot\/menu-slim-7-full\/\",\"url\":\"https:\/\/ch.thelongevitykitchen.com\/de\/shop\/menue-im-angebot\/menu-slim-7-full\/\",\"name\":\"Slim-Men\u00fc - 7 Tage: Die Slim-Di\u00e4t fertig bei Ihnen zu Hause - The Longevity Kitchen - CH\",\"isPartOf\":{\"@id\":\"https:\/\/ch.thelongevitykitchen.com\/de\/#website\"},\"primaryImageOfPage\":{\"@id\":\"https:\/\/ch.thelongevitykitchen.com\/de\/shop\/menue-im-angebot\/menu-slim-7-full\/#primaryimage\"},\"image\":{\"@id\":\"https:\/\/ch.thelongevitykitchen.com\/de\/shop\/menue-im-angebot\/menu-slim-7-full\/#primaryimage\"},\"thumbnailUrl\":\"https:\/\/ch.thelongevitykitchen.com\/wp-content\/uploads\/2023\/08\/TLK_PIATTI-PER-COPERTINA-KIT-MENU2.jpg\",\"datePublished\":\"2025-02-21T14:18:38+00:00\",\"description\":\"Leckere, proteinreiche und kalorienarme Gerichte, die von unseren K\u00f6chen entwickelt wurden, um Sie auf Ihrem Weg zur Gewichtsabnahme zu begleiten.\",\"breadcrumb\":{\"@id\":\"https:\/\/ch.thelongevitykitchen.com\/de\/shop\/menue-im-angebot\/menu-slim-7-full\/#breadcrumb\"},\"inLanguage\":\"de\",\"potentialAction\":[{\"@type\":\"ReadAction\",\"target\":[\"https:\/\/ch.thelongevitykitchen.com\/de\/shop\/menue-im-angebot\/menu-slim-7-full\/\"]}]},{\"@type\":\"ImageObject\",\"inLanguage\":\"de\",\"@id\":\"https:\/\/ch.thelongevitykitchen.com\/de\/shop\/menue-im-angebot\/menu-slim-7-full\/#primaryimage\",\"url\":\"https:\/\/ch.thelongevitykitchen.com\/wp-content\/uploads\/2023\/08\/TLK_PIATTI-PER-COPERTINA-KIT-MENU2.jpg\",\"contentUrl\":\"https:\/\/ch.thelongevitykitchen.com\/wp-content\/uploads\/2023\/08\/TLK_PIATTI-PER-COPERTINA-KIT-MENU2.jpg\",\"width\":1200,\"height\":1200},{\"@type\":\"BreadcrumbList\",\"@id\":\"https:\/\/ch.thelongevitykitchen.com\/de\/shop\/menue-im-angebot\/menu-slim-7-full\/#breadcrumb\",\"itemListElement\":[{\"@type\":\"ListItem\",\"position\":1,\"name\":\"Home\",\"item\":\"https:\/\/studiomate.thelongevitykitchen.com\/de\/\"},{\"@type\":\"ListItem\",\"position\":2,\"name\":\"Men\u00fc im Angebot\",\"item\":\"https:\/\/ch.thelongevitykitchen.com\/de\/kategorie\/menue-im-angebot\/\"},{\"@type\":\"ListItem\",\"position\":3,\"name\":\"Menu Slim &#8211; 7 FULL\"}]},{\"@type\":\"WebSite\",\"@id\":\"https:\/\/ch.thelongevitykitchen.com\/de\/#website\",\"url\":\"https:\/\/ch.thelongevitykitchen.com\/de\/\",\"name\":\"The Longevity Kitchen - CH\",\"description\":\"Feeding Good\",\"potentialAction\":[{\"@type\":\"SearchAction\",\"target\":{\"@type\":\"EntryPoint\",\"urlTemplate\":\"https:\/\/ch.thelongevitykitchen.com\/de\/?s={search_term_string}\"},\"query-input\":{\"@type\":\"PropertyValueSpecification\",\"valueRequired\":true,\"valueName\":\"search_term_string\"}}],\"inLanguage\":\"de\"}]}<\/script>\n<!-- \/ Yoast SEO plugin. -->","yoast_head_json":{"title":"Slim-Men\u00fc - 7 Tage: Die Slim-Di\u00e4t fertig bei Ihnen zu Hause - The Longevity Kitchen - CH","description":"Leckere, proteinreiche und kalorienarme Gerichte, die von unseren K\u00f6chen entwickelt wurden, um Sie auf Ihrem Weg zur Gewichtsabnahme zu begleiten.","robots":{"index":"index","follow":"follow","max-snippet":"max-snippet:-1","max-image-preview":"max-image-preview:large","max-video-preview":"max-video-preview:-1"},"canonical":"https:\/\/ch.thelongevitykitchen.com\/de\/shop\/menue-im-angebot\/menu-slim-7-full\/","og_locale":"de_DE","og_type":"article","og_title":"Slim-Men\u00fc - 7 Tage: Die Slim-Di\u00e4t fertig bei Ihnen zu Hause - The Longevity Kitchen - CH","og_description":"Leckere, proteinreiche und kalorienarme Gerichte, die von unseren K\u00f6chen entwickelt wurden, um Sie auf Ihrem Weg zur Gewichtsabnahme zu begleiten.","og_url":"https:\/\/ch.thelongevitykitchen.com\/de\/shop\/menue-im-angebot\/menu-slim-7-full\/","og_site_name":"The Longevity Kitchen - CH","og_image":[{"width":1200,"height":1200,"url":"https:\/\/ch.thelongevitykitchen.com\/wp-content\/uploads\/2023\/08\/TLK_PIATTI-PER-COPERTINA-KIT-MENU2.jpg","type":"image\/jpeg"}],"twitter_card":"summary_large_image","twitter_misc":{"Gesch\u00e4tzte Lesezeit":"1\u00a0Minute"},"schema":{"@context":"https:\/\/schema.org","@graph":[{"@type":"WebPage","@id":"https:\/\/ch.thelongevitykitchen.com\/de\/shop\/menue-im-angebot\/menu-slim-7-full\/","url":"https:\/\/ch.thelongevitykitchen.com\/de\/shop\/menue-im-angebot\/menu-slim-7-full\/","name":"Slim-Men\u00fc - 7 Tage: Die Slim-Di\u00e4t fertig bei Ihnen zu Hause - The Longevity Kitchen - CH","isPartOf":{"@id":"https:\/\/ch.thelongevitykitchen.com\/de\/#website"},"primaryImageOfPage":{"@id":"https:\/\/ch.thelongevitykitchen.com\/de\/shop\/menue-im-angebot\/menu-slim-7-full\/#primaryimage"},"image":{"@id":"https:\/\/ch.thelongevitykitchen.com\/de\/shop\/menue-im-angebot\/menu-slim-7-full\/#primaryimage"},"thumbnailUrl":"https:\/\/ch.thelongevitykitchen.com\/wp-content\/uploads\/2023\/08\/TLK_PIATTI-PER-COPERTINA-KIT-MENU2.jpg","datePublished":"2025-02-21T14:18:38+00:00","description":"Leckere, proteinreiche und kalorienarme Gerichte, die von unseren K\u00f6chen entwickelt wurden, um Sie auf Ihrem Weg zur Gewichtsabnahme zu begleiten.","breadcrumb":{"@id":"https:\/\/ch.thelongevitykitchen.com\/de\/shop\/menue-im-angebot\/menu-slim-7-full\/#breadcrumb"},"inLanguage":"de","potentialAction":[{"@type":"ReadAction","target":["https:\/\/ch.thelongevitykitchen.com\/de\/shop\/menue-im-angebot\/menu-slim-7-full\/"]}]},{"@type":"ImageObject","inLanguage":"de","@id":"https:\/\/ch.thelongevitykitchen.com\/de\/shop\/menue-im-angebot\/menu-slim-7-full\/#primaryimage","url":"https:\/\/ch.thelongevitykitchen.com\/wp-content\/uploads\/2023\/08\/TLK_PIATTI-PER-COPERTINA-KIT-MENU2.jpg","contentUrl":"https:\/\/ch.thelongevitykitchen.com\/wp-content\/uploads\/2023\/08\/TLK_PIATTI-PER-COPERTINA-KIT-MENU2.jpg","width":1200,"height":1200},{"@type":"BreadcrumbList","@id":"https:\/\/ch.thelongevitykitchen.com\/de\/shop\/menue-im-angebot\/menu-slim-7-full\/#breadcrumb","itemListElement":[{"@type":"ListItem","position":1,"name":"Home","item":"https:\/\/studiomate.thelongevitykitchen.com\/de\/"},{"@type":"ListItem","position":2,"name":"Men\u00fc im Angebot","item":"https:\/\/ch.thelongevitykitchen.com\/de\/kategorie\/menue-im-angebot\/"},{"@type":"ListItem","position":3,"name":"Menu Slim &#8211; 7 FULL"}]},{"@type":"WebSite","@id":"https:\/\/ch.thelongevitykitchen.com\/de\/#website","url":"https:\/\/ch.thelongevitykitchen.com\/de\/","name":"The Longevity Kitchen - CH","description":"Feeding Good","potentialAction":[{"@type":"SearchAction","target":{"@type":"EntryPoint","urlTemplate":"https:\/\/ch.thelongevitykitchen.com\/de\/?s={search_term_string}"},"query-input":{"@type":"PropertyValueSpecification","valueRequired":true,"valueName":"search_term_string"}}],"inLanguage":"de"}]}},"_links":{"self":[{"href":"https:\/\/ch.thelongevitykitchen.com\/de\/wp-json\/wp\/v2\/product\/353047","targetHints":{"allow":["GET"]}}],"collection":[{"href":"https:\/\/ch.thelongevitykitchen.com\/de\/wp-json\/wp\/v2\/product"}],"about":[{"href":"https:\/\/ch.thelongevitykitchen.com\/de\/wp-json\/wp\/v2\/types\/product"}],"wp:featuredmedia":[{"embeddable":true,"href":"https:\/\/ch.thelongevitykitchen.com\/de\/wp-json\/wp\/v2\/media\/339582"}],"wp:attachment":[{"href":"https:\/\/ch.thelongevitykitchen.com\/de\/wp-json\/wp\/v2\/media?parent=353047"}],"wp:term":[{"taxonomy":"product_brand","embeddable":true,"href":"https:\/\/ch.thelongevitykitchen.com\/de\/wp-json\/wp\/v2\/product_brand?post=353047"},{"taxonomy":"product_cat","embeddable":true,"href":"https:\/\/ch.thelongevitykitchen.com\/de\/wp-json\/wp\/v2\/product_cat?post=353047"},{"taxonomy":"product_tag","embeddable":true,"href":"https:\/\/ch.thelongevitykitchen.com\/de\/wp-json\/wp\/v2\/product_tag?post=353047"}],"curies":[{"name":"wp","href":"https:\/\/api.w.org\/{rel}","templated":true}]}}