{"id":349667,"date":"2025-02-21T14:18:41","date_gmt":"2025-02-21T14:18:41","guid":{"rendered":"https:\/\/ch.thelongevitykitchen.com\/shop\/unkategorisiert\/menu-detox-5-full\/"},"modified":"2025-04-18T09:40:45","modified_gmt":"2025-04-18T09:40:45","slug":"menu-detox-5-full","status":"publish","type":"product","link":"https:\/\/ch.thelongevitykitchen.com\/de\/shop\/menue-im-angebot\/menu-detox-5-full\/","title":{"rendered":"Menu Detox &#8211; 5 FULL"},"content":{"rendered":"<p>Das Detox-Men\u00fc ist ein <strong>Entgiftungsprogramm<\/strong>, das Ihnen dabei hilft, sich von allen Giftstoffen zu reinigen, die sich durch den Verzehr von verarbeiteten und raffinierten Lebensmitteln, von Lebensmitteln mit hohem Zucker- und Konservierungsstoffgehalt, von Pestiziden und Antibiotika angesammelt haben. Die Leber ist unser wichtigstes Ausscheidungsorgan und ist t\u00e4glich mit der Beseitigung von Abfall- und Schadstoffen aus unserem K\u00f6rper besch\u00e4ftigt.<\/p>\n<p>Das Detox-Programm ist reich an Ballaststoffen, hochwertigen Proteinen und Nahrungsmitteln mit einem niedrigen glyk\u00e4mischen Index, um die Entgiftungsfunktion der Leber zu f\u00f6rdern und den K\u00f6rper bei der Ausscheidung sch\u00e4dlicher Substanzen zu unterst\u00fctzen.<\/p>\n","protected":false},"excerpt":{"rendered":"<p>Gesunde Gerichte, reich an Nutraceutika, ideal zur Entgiftung Ihres K\u00f6rpers durch Beseitigung angesammelter Giftstoffe.<\/p>\n<ul>\n<li><strong>5 Tage VOLLMACHT<\/strong> \u2013 die ganze Woche: 5 Fr\u00fchst\u00fccke, 5 Mittagessen, 5 Abendessen<\/li>\n<\/ul>\n","protected":false},"featured_media":339580,"template":"","meta":{"_acf_changed":false},"product_brand":[],"product_cat":[347],"product_tag":[380],"class_list":{"0":"post-349667","1":"product","2":"type-product","3":"status-publish","4":"has-post-thumbnail","6":"product_cat-menue-im-angebot","7":"product_tag-detox-diaet","9":"first","10":"instock","11":"taxable","12":"shipping-taxable","13":"purchasable","14":"product-type-simple"},"bundled_by":[],"bundle_stock_status":"instock","bundle_stock_quantity":null,"bundle_virtual":false,"bundle_layout":"","bundle_add_to_cart_form_location":"","bundle_editable_in_cart":false,"bundle_sold_individually_context":"","bundle_item_grouping":"","bundle_min_size":"","bundle_max_size":"","bundle_price":[],"bundled_items":[],"bundle_sell_ids":[],"acf":[],"yoast_head":"<!-- This site is optimized with the Yoast SEO plugin v24.8.1 - https:\/\/yoast.com\/wordpress\/plugins\/seo\/ -->\n<title>Detox-Men\u00fc \u2013 5 Tage gesunde Gerichte reich an Nutraceuticals - The Longevity Kitchen - CH<\/title>\n<meta name=\"description\" content=\"Ideale Mahlzeiten zur Entgiftung des K\u00f6rpers durch Beseitigung angesammelter Giftstoffe und zur Vorbeugung der Symptome von Entz\u00fcndungs- und Stoffwechselerkrankungen.\" \/>\n<meta name=\"robots\" content=\"index, follow, max-snippet:-1, max-image-preview:large, max-video-preview:-1\" \/>\n<link rel=\"canonical\" href=\"https:\/\/ch.thelongevitykitchen.com\/de\/shop\/menue-im-angebot\/menu-detox-5-full\/\" \/>\n<meta property=\"og:locale\" content=\"de_DE\" \/>\n<meta property=\"og:type\" content=\"article\" \/>\n<meta property=\"og:title\" content=\"Detox-Men\u00fc \u2013 5 Tage gesunde Gerichte reich an Nutraceuticals - The Longevity Kitchen - CH\" \/>\n<meta property=\"og:description\" content=\"Ideale Mahlzeiten zur Entgiftung des K\u00f6rpers durch Beseitigung angesammelter Giftstoffe und zur Vorbeugung der Symptome von Entz\u00fcndungs- und Stoffwechselerkrankungen.\" \/>\n<meta property=\"og:url\" content=\"https:\/\/ch.thelongevitykitchen.com\/de\/shop\/menue-im-angebot\/menu-detox-5-full\/\" \/>\n<meta property=\"og:site_name\" content=\"The Longevity Kitchen - CH\" \/>\n<meta property=\"article:modified_time\" content=\"2025-04-18T09:40:45+00:00\" \/>\n<meta property=\"og:image\" content=\"https:\/\/ch.thelongevitykitchen.com\/wp-content\/uploads\/2023\/08\/TLK_PIATTI-PER-COPERTINA-KIT-MENU.jpg\" \/>\n\t<meta property=\"og:image:width\" content=\"1200\" \/>\n\t<meta property=\"og:image:height\" content=\"1200\" \/>\n\t<meta property=\"og:image:type\" content=\"image\/jpeg\" \/>\n<meta name=\"twitter:card\" content=\"summary_large_image\" \/>\n<meta name=\"twitter:label1\" content=\"Gesch\u00e4tzte Lesezeit\" \/>\n\t<meta name=\"twitter:data1\" content=\"1\u00a0Minute\" \/>\n<script type=\"application\/ld+json\" class=\"yoast-schema-graph\">{\"@context\":\"https:\/\/schema.org\",\"@graph\":[{\"@type\":\"WebPage\",\"@id\":\"https:\/\/ch.thelongevitykitchen.com\/de\/shop\/menue-im-angebot\/menu-detox-5-full\/\",\"url\":\"https:\/\/ch.thelongevitykitchen.com\/de\/shop\/menue-im-angebot\/menu-detox-5-full\/\",\"name\":\"Detox-Men\u00fc \u2013 5 Tage gesunde Gerichte reich an Nutraceuticals - The Longevity Kitchen - CH\",\"isPartOf\":{\"@id\":\"https:\/\/ch.thelongevitykitchen.com\/de\/#website\"},\"primaryImageOfPage\":{\"@id\":\"https:\/\/ch.thelongevitykitchen.com\/de\/shop\/menue-im-angebot\/menu-detox-5-full\/#primaryimage\"},\"image\":{\"@id\":\"https:\/\/ch.thelongevitykitchen.com\/de\/shop\/menue-im-angebot\/menu-detox-5-full\/#primaryimage\"},\"thumbnailUrl\":\"https:\/\/ch.thelongevitykitchen.com\/wp-content\/uploads\/2023\/08\/TLK_PIATTI-PER-COPERTINA-KIT-MENU.jpg\",\"datePublished\":\"2025-02-21T14:18:41+00:00\",\"dateModified\":\"2025-04-18T09:40:45+00:00\",\"description\":\"Ideale Mahlzeiten zur Entgiftung des K\u00f6rpers durch Beseitigung angesammelter Giftstoffe und zur Vorbeugung der Symptome von Entz\u00fcndungs- und Stoffwechselerkrankungen.\",\"breadcrumb\":{\"@id\":\"https:\/\/ch.thelongevitykitchen.com\/de\/shop\/menue-im-angebot\/menu-detox-5-full\/#breadcrumb\"},\"inLanguage\":\"de\",\"potentialAction\":[{\"@type\":\"ReadAction\",\"target\":[\"https:\/\/ch.thelongevitykitchen.com\/de\/shop\/menue-im-angebot\/menu-detox-5-full\/\"]}]},{\"@type\":\"ImageObject\",\"inLanguage\":\"de\",\"@id\":\"https:\/\/ch.thelongevitykitchen.com\/de\/shop\/menue-im-angebot\/menu-detox-5-full\/#primaryimage\",\"url\":\"https:\/\/ch.thelongevitykitchen.com\/wp-content\/uploads\/2023\/08\/TLK_PIATTI-PER-COPERTINA-KIT-MENU.jpg\",\"contentUrl\":\"https:\/\/ch.thelongevitykitchen.com\/wp-content\/uploads\/2023\/08\/TLK_PIATTI-PER-COPERTINA-KIT-MENU.jpg\",\"width\":1200,\"height\":1200},{\"@type\":\"BreadcrumbList\",\"@id\":\"https:\/\/ch.thelongevitykitchen.com\/de\/shop\/menue-im-angebot\/menu-detox-5-full\/#breadcrumb\",\"itemListElement\":[{\"@type\":\"ListItem\",\"position\":1,\"name\":\"Home\",\"item\":\"https:\/\/studiomate.thelongevitykitchen.com\/de\/\"},{\"@type\":\"ListItem\",\"position\":2,\"name\":\"Men\u00fc im Angebot\",\"item\":\"https:\/\/ch.thelongevitykitchen.com\/de\/kategorie\/menue-im-angebot\/\"},{\"@type\":\"ListItem\",\"position\":3,\"name\":\"Menu Detox &#8211; 5 FULL\"}]},{\"@type\":\"WebSite\",\"@id\":\"https:\/\/ch.thelongevitykitchen.com\/de\/#website\",\"url\":\"https:\/\/ch.thelongevitykitchen.com\/de\/\",\"name\":\"The Longevity Kitchen - CH\",\"description\":\"Feeding Good\",\"potentialAction\":[{\"@type\":\"SearchAction\",\"target\":{\"@type\":\"EntryPoint\",\"urlTemplate\":\"https:\/\/ch.thelongevitykitchen.com\/de\/?s={search_term_string}\"},\"query-input\":{\"@type\":\"PropertyValueSpecification\",\"valueRequired\":true,\"valueName\":\"search_term_string\"}}],\"inLanguage\":\"de\"}]}<\/script>\n<!-- \/ Yoast SEO plugin. -->","yoast_head_json":{"title":"Detox-Men\u00fc \u2013 5 Tage gesunde Gerichte reich an Nutraceuticals - The Longevity Kitchen - CH","description":"Ideale Mahlzeiten zur Entgiftung des K\u00f6rpers durch Beseitigung angesammelter Giftstoffe und zur Vorbeugung der Symptome von Entz\u00fcndungs- und Stoffwechselerkrankungen.","robots":{"index":"index","follow":"follow","max-snippet":"max-snippet:-1","max-image-preview":"max-image-preview:large","max-video-preview":"max-video-preview:-1"},"canonical":"https:\/\/ch.thelongevitykitchen.com\/de\/shop\/menue-im-angebot\/menu-detox-5-full\/","og_locale":"de_DE","og_type":"article","og_title":"Detox-Men\u00fc \u2013 5 Tage gesunde Gerichte reich an Nutraceuticals - The Longevity Kitchen - CH","og_description":"Ideale Mahlzeiten zur Entgiftung des K\u00f6rpers durch Beseitigung angesammelter Giftstoffe und zur Vorbeugung der Symptome von Entz\u00fcndungs- und Stoffwechselerkrankungen.","og_url":"https:\/\/ch.thelongevitykitchen.com\/de\/shop\/menue-im-angebot\/menu-detox-5-full\/","og_site_name":"The Longevity Kitchen - CH","article_modified_time":"2025-04-18T09:40:45+00:00","og_image":[{"width":1200,"height":1200,"url":"https:\/\/ch.thelongevitykitchen.com\/wp-content\/uploads\/2023\/08\/TLK_PIATTI-PER-COPERTINA-KIT-MENU.jpg","type":"image\/jpeg"}],"twitter_card":"summary_large_image","twitter_misc":{"Gesch\u00e4tzte Lesezeit":"1\u00a0Minute"},"schema":{"@context":"https:\/\/schema.org","@graph":[{"@type":"WebPage","@id":"https:\/\/ch.thelongevitykitchen.com\/de\/shop\/menue-im-angebot\/menu-detox-5-full\/","url":"https:\/\/ch.thelongevitykitchen.com\/de\/shop\/menue-im-angebot\/menu-detox-5-full\/","name":"Detox-Men\u00fc \u2013 5 Tage gesunde Gerichte reich an Nutraceuticals - The Longevity Kitchen - CH","isPartOf":{"@id":"https:\/\/ch.thelongevitykitchen.com\/de\/#website"},"primaryImageOfPage":{"@id":"https:\/\/ch.thelongevitykitchen.com\/de\/shop\/menue-im-angebot\/menu-detox-5-full\/#primaryimage"},"image":{"@id":"https:\/\/ch.thelongevitykitchen.com\/de\/shop\/menue-im-angebot\/menu-detox-5-full\/#primaryimage"},"thumbnailUrl":"https:\/\/ch.thelongevitykitchen.com\/wp-content\/uploads\/2023\/08\/TLK_PIATTI-PER-COPERTINA-KIT-MENU.jpg","datePublished":"2025-02-21T14:18:41+00:00","dateModified":"2025-04-18T09:40:45+00:00","description":"Ideale Mahlzeiten zur Entgiftung des K\u00f6rpers durch Beseitigung angesammelter Giftstoffe und zur Vorbeugung der Symptome von Entz\u00fcndungs- und Stoffwechselerkrankungen.","breadcrumb":{"@id":"https:\/\/ch.thelongevitykitchen.com\/de\/shop\/menue-im-angebot\/menu-detox-5-full\/#breadcrumb"},"inLanguage":"de","potentialAction":[{"@type":"ReadAction","target":["https:\/\/ch.thelongevitykitchen.com\/de\/shop\/menue-im-angebot\/menu-detox-5-full\/"]}]},{"@type":"ImageObject","inLanguage":"de","@id":"https:\/\/ch.thelongevitykitchen.com\/de\/shop\/menue-im-angebot\/menu-detox-5-full\/#primaryimage","url":"https:\/\/ch.thelongevitykitchen.com\/wp-content\/uploads\/2023\/08\/TLK_PIATTI-PER-COPERTINA-KIT-MENU.jpg","contentUrl":"https:\/\/ch.thelongevitykitchen.com\/wp-content\/uploads\/2023\/08\/TLK_PIATTI-PER-COPERTINA-KIT-MENU.jpg","width":1200,"height":1200},{"@type":"BreadcrumbList","@id":"https:\/\/ch.thelongevitykitchen.com\/de\/shop\/menue-im-angebot\/menu-detox-5-full\/#breadcrumb","itemListElement":[{"@type":"ListItem","position":1,"name":"Home","item":"https:\/\/studiomate.thelongevitykitchen.com\/de\/"},{"@type":"ListItem","position":2,"name":"Men\u00fc im Angebot","item":"https:\/\/ch.thelongevitykitchen.com\/de\/kategorie\/menue-im-angebot\/"},{"@type":"ListItem","position":3,"name":"Menu Detox &#8211; 5 FULL"}]},{"@type":"WebSite","@id":"https:\/\/ch.thelongevitykitchen.com\/de\/#website","url":"https:\/\/ch.thelongevitykitchen.com\/de\/","name":"The Longevity Kitchen - CH","description":"Feeding Good","potentialAction":[{"@type":"SearchAction","target":{"@type":"EntryPoint","urlTemplate":"https:\/\/ch.thelongevitykitchen.com\/de\/?s={search_term_string}"},"query-input":{"@type":"PropertyValueSpecification","valueRequired":true,"valueName":"search_term_string"}}],"inLanguage":"de"}]}},"_links":{"self":[{"href":"https:\/\/ch.thelongevitykitchen.com\/de\/wp-json\/wp\/v2\/product\/349667","targetHints":{"allow":["GET"]}}],"collection":[{"href":"https:\/\/ch.thelongevitykitchen.com\/de\/wp-json\/wp\/v2\/product"}],"about":[{"href":"https:\/\/ch.thelongevitykitchen.com\/de\/wp-json\/wp\/v2\/types\/product"}],"wp:featuredmedia":[{"embeddable":true,"href":"https:\/\/ch.thelongevitykitchen.com\/de\/wp-json\/wp\/v2\/media\/339580"}],"wp:attachment":[{"href":"https:\/\/ch.thelongevitykitchen.com\/de\/wp-json\/wp\/v2\/media?parent=349667"}],"wp:term":[{"taxonomy":"product_brand","embeddable":true,"href":"https:\/\/ch.thelongevitykitchen.com\/de\/wp-json\/wp\/v2\/product_brand?post=349667"},{"taxonomy":"product_cat","embeddable":true,"href":"https:\/\/ch.thelongevitykitchen.com\/de\/wp-json\/wp\/v2\/product_cat?post=349667"},{"taxonomy":"product_tag","embeddable":true,"href":"https:\/\/ch.thelongevitykitchen.com\/de\/wp-json\/wp\/v2\/product_tag?post=349667"}],"curies":[{"name":"wp","href":"https:\/\/api.w.org\/{rel}","templated":true}]}}