{"id":341920,"date":"2023-06-22T14:01:59","date_gmt":"2023-06-22T14:01:59","guid":{"rendered":"https:\/\/ch.thelongevitykitchen.com\/die-baluen-zonen\/"},"modified":"2025-02-07T14:08:46","modified_gmt":"2025-02-07T14:08:46","slug":"die-baluen-zonen","status":"publish","type":"page","link":"https:\/\/ch.thelongevitykitchen.com\/de\/die-baluen-zonen\/","title":{"rendered":"Die Baluen Zonen"},"content":{"rendered":"<!-- Immagine e Testo -->\n<section id=\"block_e473138280a97418901dba8653067445\" class=\"section-imgtxt\">\n    <div class=\"container-fluid p-0\">\n      <div class=\"row g-0 align-items-center justify-content-end  \">\n        <div class=\"col-12 col-md-6 col-txt p-4 px-xl-12 my-6 my-md-0 text-center\">\n          <h2 class=\"display-5 mb-4 white-title\">LOMA LINDA, KALIFORNIEN<\/h2> \n          <div class=\"text-heading-alt lead\"><p style=\"font-size: 1rem;\"><a name=\"kaifornien\"><\/p>\n<p style=\"font-size: 1rem;\">Im Durchschnitt leben die Einwohner hier 10 Jahre l\u00e4nger als in anderen Teilen Amerikas. Der Grund f\u00fcr ihre Langlebigkeit sind die Entscheidungen einer starken adventistischen Gemeinschaft, die eine von der Bibel inspirierte Ern\u00e4hrung eingef\u00fchrt hat. Eine vegane Ern\u00e4hrung, die auf gr\u00fcnem Blattgem\u00fcse, N\u00fcssen und H\u00fclsenfr\u00fcchten basiert. Ihr Wohlbefinden wird auch durch die religi\u00f6se Einstellung zum Leben erzeugt und ist auf Geselligkeit ausgerichtet. Ein aktives Leben, Spazierg\u00e4nge und manuelle T\u00e4tigkeiten erhalten die Dynamik des K\u00f6rpers, stimulieren den Geist und die gute Laune und bilden eine hervorragende Mischung von Zutaten f\u00fcr ein langes und gesundes Leben.<\/a><\/p>\n<p><a name=\"italia\"><\/a><\/p>\n<\/div>\n                  <\/div>\n        <div class=\"col-12 col-md-6\">\n          <img decoding=\"async\" width=\"2508\" height=\"1672\" src=\"https:\/\/ch.thelongevitykitchen.com\/wp-content\/uploads\/2023\/09\/Loma_california_bluezones.jpg\" class=\"img-fluid w-100 h-100\" alt=\"\" srcset=\"https:\/\/ch.thelongevitykitchen.com\/wp-content\/uploads\/2023\/09\/Loma_california_bluezones.jpg 2508w, https:\/\/ch.thelongevitykitchen.com\/wp-content\/uploads\/2023\/09\/Loma_california_bluezones-300x200.jpg 300w, https:\/\/ch.thelongevitykitchen.com\/wp-content\/uploads\/2023\/09\/Loma_california_bluezones-1024x683.jpg 1024w, https:\/\/ch.thelongevitykitchen.com\/wp-content\/uploads\/2023\/09\/Loma_california_bluezones-768x512.jpg 768w, https:\/\/ch.thelongevitykitchen.com\/wp-content\/uploads\/2023\/09\/Loma_california_bluezones-1536x1024.jpg 1536w, https:\/\/ch.thelongevitykitchen.com\/wp-content\/uploads\/2023\/09\/Loma_california_bluezones-2048x1365.jpg 2048w, https:\/\/ch.thelongevitykitchen.com\/wp-content\/uploads\/2023\/09\/Loma_california_bluezones-600x400.jpg 600w, https:\/\/ch.thelongevitykitchen.com\/wp-content\/uploads\/2023\/09\/Loma_california_bluezones-64x43.jpg 64w\" sizes=\"(max-width: 2508px) 100vw, 2508px\" \/>        <\/div>\n      <\/div>\n    <\/div>\n<\/section>\n<!-- \/Immagine e Testo --><!-- Immagine e Testo -->\n<section id=\"block_88a39f38fba34f7aa13d7a49bb80ba79\" class=\"section-imgtxt\">\n    <div class=\"container-fluid p-0\">\n      <div class=\"row g-0 align-items-center justify-content-end flex-row-reverse bg-primary bg-gradient\">\n        <div class=\"col-12 col-md-6 col-txt p-4 px-xl-12 my-6 my-md-0 text-center\">\n          <h2 class=\"display-5 mb-4 white-title\">OGLIASTRA, ITALIEN<\/h2> \n          <div class=\"text-white lead\"><p style=\"font-size: 1rem;\">Die kleinen Bergd\u00f6rfer Sardiniens sind eine Wiege der Langlebigkeit, mit einem der h\u00f6chsten Prozents\u00e4tze an \u00dcber-Hundertj\u00e4hrigen weltweit. Es ist eine Welt, in der alles langsam abl\u00e4uft, fernab von Angst und Stress. Und wo das Teilen wichtig wird. Die Essgewohnheiten der Ogliastra sind in der sardischen Tradition verwurzelt und basieren auf dem Verzehr von Lebensmitteln haupts\u00e4chlich pflanzlichen Ursprungs und einem kleinen Anteil tierischen Ursprungs. Sogar Wein, der typische Cannonau, gilt, wenn er in Ma\u00dfen zu den Mahlzeiten getrunken wird, als gesund, da er reich an Antioxidantien ist.<\/p>\n<p><a name=\"costa-rica\"><\/a><\/p>\n<\/div>\n                  <\/div>\n        <div class=\"col-12 col-md-6\">\n          <img decoding=\"async\" width=\"2507\" height=\"1673\" src=\"https:\/\/ch.thelongevitykitchen.com\/wp-content\/uploads\/2023\/09\/Foto_sardegna_bluezones.jpg\" class=\"img-fluid w-100 h-100\" alt=\"\" srcset=\"https:\/\/ch.thelongevitykitchen.com\/wp-content\/uploads\/2023\/09\/Foto_sardegna_bluezones.jpg 2507w, https:\/\/ch.thelongevitykitchen.com\/wp-content\/uploads\/2023\/09\/Foto_sardegna_bluezones-300x200.jpg 300w, https:\/\/ch.thelongevitykitchen.com\/wp-content\/uploads\/2023\/09\/Foto_sardegna_bluezones-1024x683.jpg 1024w, https:\/\/ch.thelongevitykitchen.com\/wp-content\/uploads\/2023\/09\/Foto_sardegna_bluezones-768x513.jpg 768w, https:\/\/ch.thelongevitykitchen.com\/wp-content\/uploads\/2023\/09\/Foto_sardegna_bluezones-1536x1025.jpg 1536w, https:\/\/ch.thelongevitykitchen.com\/wp-content\/uploads\/2023\/09\/Foto_sardegna_bluezones-2048x1367.jpg 2048w, https:\/\/ch.thelongevitykitchen.com\/wp-content\/uploads\/2023\/09\/Foto_sardegna_bluezones-600x400.jpg 600w, https:\/\/ch.thelongevitykitchen.com\/wp-content\/uploads\/2023\/09\/Foto_sardegna_bluezones-64x43.jpg 64w\" sizes=\"(max-width: 2507px) 100vw, 2507px\" \/>        <\/div>\n      <\/div>\n    <\/div>\n<\/section>\n<!-- \/Immagine e Testo --><!-- Immagine e Testo -->\n<section id=\"block_f2db3a1ef9a926f887542ce964dd2e23\" class=\"section-imgtxt\">\n    <div class=\"container-fluid p-0\">\n      <div class=\"row g-0 align-items-center justify-content-end  \">\n        <div class=\"col-12 col-md-6 col-txt p-4 px-xl-12 my-6 my-md-0 text-center\">\n          <h2 class=\"display-5 mb-4 white-title\">NICOYA, COSTA RICA<\/h2> \n          <div class=\"text-heading-alt lead\"><p style=\"font-size: 1rem;\">Jeden Morgen mit einem Ziel, oder besser gesagt, einem Plan de vida, aufzustehen und sich gleicherma\u00dfen der Arbeit und den pers\u00f6nlichen Neigungen zu widmen sowie sich als Teil einer Gemeinschaft zu f\u00fchlen und einen Grund zu haben, jeden Morgen aufzustehen, sind einige der Geheimnisse der langlebigen Bewohner von Nicoya, Costa Rica. Es ist nicht schwer vorstellbar, dass die t\u00e4gliche Ern\u00e4hrung dieser Menschen grundlegend f\u00fcr ihr Wohlbefinden ist. Zu den h\u00e4ufigsten Gewohnheiten geh\u00f6rt es, sich leicht zu ern\u00e4hren, und zwar auf der Grundlage der so genannten &#8222;drei Schwestern&#8220; der Landwirtschaft, d.h. K\u00fcrbis, Mais und Bohnen.<\/p>\n<p><a name=\"grecia\"><\/a><\/p>\n<\/div>\n                  <\/div>\n        <div class=\"col-12 col-md-6\">\n          <img decoding=\"async\" width=\"2507\" height=\"1673\" src=\"https:\/\/ch.thelongevitykitchen.com\/wp-content\/uploads\/2023\/09\/Costa-rica_bluezones.jpg\" class=\"img-fluid w-100 h-100\" alt=\"\" srcset=\"https:\/\/ch.thelongevitykitchen.com\/wp-content\/uploads\/2023\/09\/Costa-rica_bluezones.jpg 2507w, https:\/\/ch.thelongevitykitchen.com\/wp-content\/uploads\/2023\/09\/Costa-rica_bluezones-300x200.jpg 300w, https:\/\/ch.thelongevitykitchen.com\/wp-content\/uploads\/2023\/09\/Costa-rica_bluezones-1024x683.jpg 1024w, https:\/\/ch.thelongevitykitchen.com\/wp-content\/uploads\/2023\/09\/Costa-rica_bluezones-768x513.jpg 768w, https:\/\/ch.thelongevitykitchen.com\/wp-content\/uploads\/2023\/09\/Costa-rica_bluezones-1536x1025.jpg 1536w, https:\/\/ch.thelongevitykitchen.com\/wp-content\/uploads\/2023\/09\/Costa-rica_bluezones-2048x1367.jpg 2048w, https:\/\/ch.thelongevitykitchen.com\/wp-content\/uploads\/2023\/09\/Costa-rica_bluezones-600x400.jpg 600w, https:\/\/ch.thelongevitykitchen.com\/wp-content\/uploads\/2023\/09\/Costa-rica_bluezones-64x43.jpg 64w\" sizes=\"(max-width: 2507px) 100vw, 2507px\" \/>        <\/div>\n      <\/div>\n    <\/div>\n<\/section>\n<!-- \/Immagine e Testo --><!-- Immagine e Testo -->\n<section id=\"block_8fbbdc0a280ef49fd4aa8888e55ebde2\" class=\"section-imgtxt\">\n    <div class=\"container-fluid p-0\">\n      <div class=\"row g-0 align-items-center justify-content-end flex-row-reverse bg-primary bg-gradient\">\n        <div class=\"col-12 col-md-6 col-txt p-4 px-xl-12 my-6 my-md-0 text-center\">\n          <h2 class=\"display-5 mb-4 white-title\">ICARIA, GRIECHENLAND<\/h2> \n          <div class=\"text-white lead\"><p style=\"font-size: 1rem;\">Ikaria ist der Ort, an dem dank der mediterranen Ern\u00e4hrung 1\/3 der Menschen bis zu 90 Jahre alt werden k\u00f6nnen. Dies ist einer Kombination mehrerer Faktoren zu verdanken: der Einhaltung der mediterranen Ern\u00e4hrung und dem nachmitt\u00e4glichen Power-Nap, der dem gesamten K\u00f6rper gut tut.<br \/>\nAu\u00dferdem ist es bei den Einwohnern von Icaria \u00fcblich, etwa zehn Minuten im Freien in der Sonne zu verbringen, was nicht nur f\u00fcr gute Laune sorgt, sondern auch die M\u00f6glichkeit der Vitamin-D-Aufnahme erh\u00f6ht.<\/p>\n<p><a name=\"japan\"><\/a><\/p>\n<\/div>\n                  <\/div>\n        <div class=\"col-12 col-md-6\">\n          <img decoding=\"async\" width=\"2508\" height=\"1672\" src=\"https:\/\/ch.thelongevitykitchen.com\/wp-content\/uploads\/2023\/09\/Icaria_grecia_bluezones.jpg\" class=\"img-fluid w-100 h-100\" alt=\"\" srcset=\"https:\/\/ch.thelongevitykitchen.com\/wp-content\/uploads\/2023\/09\/Icaria_grecia_bluezones.jpg 2508w, https:\/\/ch.thelongevitykitchen.com\/wp-content\/uploads\/2023\/09\/Icaria_grecia_bluezones-300x200.jpg 300w, https:\/\/ch.thelongevitykitchen.com\/wp-content\/uploads\/2023\/09\/Icaria_grecia_bluezones-1024x683.jpg 1024w, https:\/\/ch.thelongevitykitchen.com\/wp-content\/uploads\/2023\/09\/Icaria_grecia_bluezones-768x512.jpg 768w, https:\/\/ch.thelongevitykitchen.com\/wp-content\/uploads\/2023\/09\/Icaria_grecia_bluezones-1536x1024.jpg 1536w, https:\/\/ch.thelongevitykitchen.com\/wp-content\/uploads\/2023\/09\/Icaria_grecia_bluezones-2048x1365.jpg 2048w, https:\/\/ch.thelongevitykitchen.com\/wp-content\/uploads\/2023\/09\/Icaria_grecia_bluezones-600x400.jpg 600w, https:\/\/ch.thelongevitykitchen.com\/wp-content\/uploads\/2023\/09\/Icaria_grecia_bluezones-64x43.jpg 64w\" sizes=\"(max-width: 2508px) 100vw, 2508px\" \/>        <\/div>\n      <\/div>\n    <\/div>\n<\/section>\n<!-- \/Immagine e Testo --><!-- Immagine e Testo -->\n<section id=\"block_ac56dd742f6b983b1d5c7c45eb3078c7\" class=\"section-imgtxt\">\n    <div class=\"container-fluid p-0\">\n      <div class=\"row g-0 align-items-center justify-content-end  \">\n        <div class=\"col-12 col-md-6 col-txt p-4 px-xl-12 my-6 my-md-0 text-center\">\n          <h2 class=\"display-5 mb-4 white-title\">OKINAWA, JAPAN<\/h2> \n          <div class=\"text-heading-alt lead\"><p style=\"font-size: 1rem;\">Diese Inselgruppe im S\u00fcden Japans ist die Heimat der am l\u00e4ngsten lebenden Frauen unseres Planeten: Ein langsames Leben, ohne das eigene Ikigai aus den Augen zu verlieren, ist das Geheimnis eines erf\u00fcllten Lebens.<br \/>\nInsbesondere die soziale Komponente halten sie f\u00fcr wesentlich: Unterst\u00fctzung, vor allem in schwierigen Zeiten, ist entscheidend f\u00fcr das k\u00f6rperliche und geistige Wohlbefinden. In Gesellschaft zu sein ist also ein Allheilmittel f\u00fcr die Gesundheit.<br \/>\nSie folgen auch einer Di\u00e4t, die auf der Verwendung lokaler, kalorienarmer, aber sehr nahrhafter Zutaten basiert. Unter ihnen ragt die violette Kartoffel heraus, die etwa 70 Prozent der t\u00e4glichen Kalorienaufnahme ausmacht.<\/a><\/p>\n<\/div>\n                  <\/div>\n        <div class=\"col-12 col-md-6\">\n          <img decoding=\"async\" width=\"2509\" height=\"1672\" src=\"https:\/\/ch.thelongevitykitchen.com\/wp-content\/uploads\/2023\/09\/Giappone_bluezones.jpg\" class=\"img-fluid w-100 h-100\" alt=\"\" srcset=\"https:\/\/ch.thelongevitykitchen.com\/wp-content\/uploads\/2023\/09\/Giappone_bluezones.jpg 2509w, https:\/\/ch.thelongevitykitchen.com\/wp-content\/uploads\/2023\/09\/Giappone_bluezones-300x200.jpg 300w, https:\/\/ch.thelongevitykitchen.com\/wp-content\/uploads\/2023\/09\/Giappone_bluezones-1024x682.jpg 1024w, https:\/\/ch.thelongevitykitchen.com\/wp-content\/uploads\/2023\/09\/Giappone_bluezones-768x512.jpg 768w, https:\/\/ch.thelongevitykitchen.com\/wp-content\/uploads\/2023\/09\/Giappone_bluezones-1536x1024.jpg 1536w, https:\/\/ch.thelongevitykitchen.com\/wp-content\/uploads\/2023\/09\/Giappone_bluezones-2048x1365.jpg 2048w, https:\/\/ch.thelongevitykitchen.com\/wp-content\/uploads\/2023\/09\/Giappone_bluezones-600x400.jpg 600w, https:\/\/ch.thelongevitykitchen.com\/wp-content\/uploads\/2023\/09\/Giappone_bluezones-64x43.jpg 64w\" sizes=\"(max-width: 2509px) 100vw, 2509px\" \/>        <\/div>\n      <\/div>\n    <\/div>\n<\/section>\n<!-- \/Immagine e Testo -->","protected":false},"excerpt":{"rendered":"","protected":false},"author":2509,"featured_media":0,"parent":0,"menu_order":0,"comment_status":"closed","ping_status":"closed","template":"","meta":{"_acf_changed":false,"footnotes":""},"class_list":["post-341920","page","type-page","status-publish","hentry"],"acf":[],"yoast_head":"<!-- This site is optimized with the Yoast SEO plugin v24.8.1 - https:\/\/yoast.com\/wordpress\/plugins\/seo\/ -->\n<title>Blaue Zone: die Gebiete mit den l\u00e4ngsten und ges\u00fcndesten Menschen auf dem Planeten - The Longevity Kitchen<\/title>\n<meta name=\"description\" content=\"Kennen Sie die 5 Orte auf unserem Planeten mit der h\u00f6chsten Konzentration von Menschen, die \u00e4lter als 100 Jahre sind? Entdecken Sie hier die Blauen Zonen, die Gebiete mit den am l\u00e4ngsten lebenden und ges\u00fcndesten Menschen auf dem Planeten.\" \/>\n<meta name=\"robots\" content=\"index, follow, max-snippet:-1, max-image-preview:large, max-video-preview:-1\" \/>\n<link rel=\"canonical\" href=\"https:\/\/ch.thelongevitykitchen.com\/de\/die-baluen-zonen\/\" \/>\n<meta property=\"og:locale\" content=\"de_DE\" \/>\n<meta property=\"og:type\" content=\"article\" \/>\n<meta property=\"og:title\" content=\"Blaue Zone: die Gebiete mit den l\u00e4ngsten und ges\u00fcndesten Menschen auf dem Planeten - The Longevity Kitchen\" \/>\n<meta property=\"og:description\" content=\"Kennen Sie die 5 Orte auf unserem Planeten mit der h\u00f6chsten Konzentration von Menschen, die \u00e4lter als 100 Jahre sind? Entdecken Sie hier die Blauen Zonen, die Gebiete mit den am l\u00e4ngsten lebenden und ges\u00fcndesten Menschen auf dem Planeten.\" \/>\n<meta property=\"og:url\" content=\"https:\/\/ch.thelongevitykitchen.com\/de\/die-baluen-zonen\/\" \/>\n<meta property=\"og:site_name\" content=\"The Longevity Kitchen - CH\" \/>\n<meta property=\"article:modified_time\" content=\"2025-02-07T14:08:46+00:00\" \/>\n<meta name=\"twitter:card\" content=\"summary_large_image\" \/>\n<script type=\"application\/ld+json\" class=\"yoast-schema-graph\">{\"@context\":\"https:\/\/schema.org\",\"@graph\":[{\"@type\":\"WebPage\",\"@id\":\"https:\/\/ch.thelongevitykitchen.com\/de\/die-baluen-zonen\/\",\"url\":\"https:\/\/ch.thelongevitykitchen.com\/de\/die-baluen-zonen\/\",\"name\":\"Blaue Zone: die Gebiete mit den l\u00e4ngsten und ges\u00fcndesten Menschen auf dem Planeten - The Longevity Kitchen\",\"isPartOf\":{\"@id\":\"https:\/\/ch.thelongevitykitchen.com\/de\/#website\"},\"datePublished\":\"2023-06-22T14:01:59+00:00\",\"dateModified\":\"2025-02-07T14:08:46+00:00\",\"description\":\"Kennen Sie die 5 Orte auf unserem Planeten mit der h\u00f6chsten Konzentration von Menschen, die \u00e4lter als 100 Jahre sind? Entdecken Sie hier die Blauen Zonen, die Gebiete mit den am l\u00e4ngsten lebenden und ges\u00fcndesten Menschen auf dem Planeten.\",\"breadcrumb\":{\"@id\":\"https:\/\/ch.thelongevitykitchen.com\/de\/die-baluen-zonen\/#breadcrumb\"},\"inLanguage\":\"de\",\"potentialAction\":[{\"@type\":\"ReadAction\",\"target\":[\"https:\/\/ch.thelongevitykitchen.com\/de\/die-baluen-zonen\/\"]}]},{\"@type\":\"BreadcrumbList\",\"@id\":\"https:\/\/ch.thelongevitykitchen.com\/de\/die-baluen-zonen\/#breadcrumb\",\"itemListElement\":[{\"@type\":\"ListItem\",\"position\":1,\"name\":\"Home\",\"item\":\"https:\/\/studiomate.thelongevitykitchen.com\/de\/\"},{\"@type\":\"ListItem\",\"position\":2,\"name\":\"Die Baluen Zonen\"}]},{\"@type\":\"WebSite\",\"@id\":\"https:\/\/ch.thelongevitykitchen.com\/de\/#website\",\"url\":\"https:\/\/ch.thelongevitykitchen.com\/de\/\",\"name\":\"The Longevity Kitchen - CH\",\"description\":\"Feeding Good\",\"potentialAction\":[{\"@type\":\"SearchAction\",\"target\":{\"@type\":\"EntryPoint\",\"urlTemplate\":\"https:\/\/ch.thelongevitykitchen.com\/de\/?s={search_term_string}\"},\"query-input\":{\"@type\":\"PropertyValueSpecification\",\"valueRequired\":true,\"valueName\":\"search_term_string\"}}],\"inLanguage\":\"de\"}]}<\/script>\n<!-- \/ Yoast SEO plugin. -->","yoast_head_json":{"title":"Blaue Zone: die Gebiete mit den l\u00e4ngsten und ges\u00fcndesten Menschen auf dem Planeten - The Longevity Kitchen","description":"Kennen Sie die 5 Orte auf unserem Planeten mit der h\u00f6chsten Konzentration von Menschen, die \u00e4lter als 100 Jahre sind? Entdecken Sie hier die Blauen Zonen, die Gebiete mit den am l\u00e4ngsten lebenden und ges\u00fcndesten Menschen auf dem Planeten.","robots":{"index":"index","follow":"follow","max-snippet":"max-snippet:-1","max-image-preview":"max-image-preview:large","max-video-preview":"max-video-preview:-1"},"canonical":"https:\/\/ch.thelongevitykitchen.com\/de\/die-baluen-zonen\/","og_locale":"de_DE","og_type":"article","og_title":"Blaue Zone: die Gebiete mit den l\u00e4ngsten und ges\u00fcndesten Menschen auf dem Planeten - The Longevity Kitchen","og_description":"Kennen Sie die 5 Orte auf unserem Planeten mit der h\u00f6chsten Konzentration von Menschen, die \u00e4lter als 100 Jahre sind? Entdecken Sie hier die Blauen Zonen, die Gebiete mit den am l\u00e4ngsten lebenden und ges\u00fcndesten Menschen auf dem Planeten.","og_url":"https:\/\/ch.thelongevitykitchen.com\/de\/die-baluen-zonen\/","og_site_name":"The Longevity Kitchen - CH","article_modified_time":"2025-02-07T14:08:46+00:00","twitter_card":"summary_large_image","schema":{"@context":"https:\/\/schema.org","@graph":[{"@type":"WebPage","@id":"https:\/\/ch.thelongevitykitchen.com\/de\/die-baluen-zonen\/","url":"https:\/\/ch.thelongevitykitchen.com\/de\/die-baluen-zonen\/","name":"Blaue Zone: die Gebiete mit den l\u00e4ngsten und ges\u00fcndesten Menschen auf dem Planeten - The Longevity Kitchen","isPartOf":{"@id":"https:\/\/ch.thelongevitykitchen.com\/de\/#website"},"datePublished":"2023-06-22T14:01:59+00:00","dateModified":"2025-02-07T14:08:46+00:00","description":"Kennen Sie die 5 Orte auf unserem Planeten mit der h\u00f6chsten Konzentration von Menschen, die \u00e4lter als 100 Jahre sind? Entdecken Sie hier die Blauen Zonen, die Gebiete mit den am l\u00e4ngsten lebenden und ges\u00fcndesten Menschen auf dem Planeten.","breadcrumb":{"@id":"https:\/\/ch.thelongevitykitchen.com\/de\/die-baluen-zonen\/#breadcrumb"},"inLanguage":"de","potentialAction":[{"@type":"ReadAction","target":["https:\/\/ch.thelongevitykitchen.com\/de\/die-baluen-zonen\/"]}]},{"@type":"BreadcrumbList","@id":"https:\/\/ch.thelongevitykitchen.com\/de\/die-baluen-zonen\/#breadcrumb","itemListElement":[{"@type":"ListItem","position":1,"name":"Home","item":"https:\/\/studiomate.thelongevitykitchen.com\/de\/"},{"@type":"ListItem","position":2,"name":"Die Baluen Zonen"}]},{"@type":"WebSite","@id":"https:\/\/ch.thelongevitykitchen.com\/de\/#website","url":"https:\/\/ch.thelongevitykitchen.com\/de\/","name":"The Longevity Kitchen - CH","description":"Feeding Good","potentialAction":[{"@type":"SearchAction","target":{"@type":"EntryPoint","urlTemplate":"https:\/\/ch.thelongevitykitchen.com\/de\/?s={search_term_string}"},"query-input":{"@type":"PropertyValueSpecification","valueRequired":true,"valueName":"search_term_string"}}],"inLanguage":"de"}]}},"_links":{"self":[{"href":"https:\/\/ch.thelongevitykitchen.com\/de\/wp-json\/wp\/v2\/pages\/341920","targetHints":{"allow":["GET"]}}],"collection":[{"href":"https:\/\/ch.thelongevitykitchen.com\/de\/wp-json\/wp\/v2\/pages"}],"about":[{"href":"https:\/\/ch.thelongevitykitchen.com\/de\/wp-json\/wp\/v2\/types\/page"}],"author":[{"embeddable":true,"href":"https:\/\/ch.thelongevitykitchen.com\/de\/wp-json\/wp\/v2\/users\/2509"}],"replies":[{"embeddable":true,"href":"https:\/\/ch.thelongevitykitchen.com\/de\/wp-json\/wp\/v2\/comments?post=341920"}],"version-history":[{"count":0,"href":"https:\/\/ch.thelongevitykitchen.com\/de\/wp-json\/wp\/v2\/pages\/341920\/revisions"}],"wp:attachment":[{"href":"https:\/\/ch.thelongevitykitchen.com\/de\/wp-json\/wp\/v2\/media?parent=341920"}],"curies":[{"name":"wp","href":"https:\/\/api.w.org\/{rel}","templated":true}]}}