{"id":341889,"date":"2023-06-21T11:41:42","date_gmt":"2023-06-21T11:41:42","guid":{"rendered":"https:\/\/ch.thelongevitykitchen.com\/ueber\/"},"modified":"2025-04-03T13:10:43","modified_gmt":"2025-04-03T13:10:43","slug":"ueber","status":"publish","type":"page","link":"https:\/\/ch.thelongevitykitchen.com\/de\/ueber\/","title":{"rendered":"\u00dcber"},"content":{"rendered":"<!-- Big Text -->\n<section id=\"section-bigtext-block_253ab0d2fed4b3dd6e7de08f8d920711\" class=\"section-bigtext py-6 py-lg-10\">\n    <div class=\"container\">\n      <h6 class=\"ls-medium text-uppercase mb-2\">WER WIR SIND<\/h6>\n      <h2 class=\"display-5\">Um gesund zu sein, ist es wichtig, gut zu essen<\/h2>\n      <div class=\"lead\"><p>Angetrieben von dem Wunsch, den Lebensstil der Menschen zu verbessern, haben wir mit dem begonnen, was unser ganzes Wesen, unseren Geist und unseren K\u00f6rper antreibt: <strong>Essen<\/strong>.<\/p>\n<\/div>          <\/div>\n<\/section>\n<!-- \/Big Text --><!-- Immagine e Testo -->\n<section id=\"block_1f27b84ccb781c0671c90fab19997e1f\" class=\"section-imgtxt\">\n    <div class=\"container-fluid p-0\">\n      <div class=\"row g-0 align-items-center justify-content-end  \">\n        <div class=\"col-12 col-md-6 col-txt p-4 px-xl-12 my-6 my-md-0 text-center\">\n          <h2 class=\"display-5 mb-4 white-title\">Das perfekte Gleichgewicht. F\u00fcr Sie. <\/h2> \n          <div class=\"text-heading-alt lead\"><p>Unser Ziel ist es, <strong>Ihnen dabei zu helfen, ein perfektes Gleichgewicht von Gesundheit, bewusster Sch\u00f6nheit und geistiger Energie zu leben.<\/strong> The Longevity Kitchen ist ein innovatives, gesundes Ern\u00e4hrungsformat, das von den Gewohnheiten und Geheimnissen der am l\u00e4ngsten lebenden und ges\u00fcndesten Menschen auf dem Planeten inspiriert ist: denjenigen, die in den Blauen Zonen leben. Inspiriert von ihren Rezepten, Aromen und Superfoods hat unser Team aus \u00c4rzten, Ern\u00e4hrungswissenschaftlern und K\u00f6chen einen einzigartigen Stil gesunder und nachhaltiger K\u00fcche entwickelt.<\/p>\n<\/div>\n                  <\/div>\n        <div class=\"col-12 col-md-6\">\n          <img decoding=\"async\" width=\"2000\" height=\"1333\" src=\"https:\/\/ch.thelongevitykitchen.com\/wp-content\/uploads\/2023\/09\/chi-siamo-tlk.jpg\" class=\"img-fluid w-100 h-100\" alt=\"\" srcset=\"https:\/\/ch.thelongevitykitchen.com\/wp-content\/uploads\/2023\/09\/chi-siamo-tlk.jpg 2000w, https:\/\/ch.thelongevitykitchen.com\/wp-content\/uploads\/2023\/09\/chi-siamo-tlk-300x200.jpg 300w, https:\/\/ch.thelongevitykitchen.com\/wp-content\/uploads\/2023\/09\/chi-siamo-tlk-1024x682.jpg 1024w, https:\/\/ch.thelongevitykitchen.com\/wp-content\/uploads\/2023\/09\/chi-siamo-tlk-768x512.jpg 768w, https:\/\/ch.thelongevitykitchen.com\/wp-content\/uploads\/2023\/09\/chi-siamo-tlk-1536x1024.jpg 1536w, https:\/\/ch.thelongevitykitchen.com\/wp-content\/uploads\/2023\/09\/chi-siamo-tlk-600x400.jpg 600w, https:\/\/ch.thelongevitykitchen.com\/wp-content\/uploads\/2023\/09\/chi-siamo-tlk-64x43.jpg 64w\" sizes=\"(max-width: 2000px) 100vw, 2000px\" \/>        <\/div>\n      <\/div>\n    <\/div>\n<\/section>\n<!-- \/Immagine e Testo --><!-- Obiettivi -->\n<section id=\"section-obiettivi-block_ce227ae86b8141e74cead8e785a53387\" class=\"py-6 py-lg-10 bg-dark-subtle\">\n    <div class=\"container\">\n        <h2 class=\"mb-6 mb-lg-10\">Unsere Werte<\/h2>\n    <\/div>\n\n    \n    <div class=\"container-big\">\n        <div class=\"row row-cols-1 row-cols-md-4 g-4 mb-6 mb-lg-10\">\n\n            \n            <div class=\"col\">\n                <div class=\"card card--obiettivi h-100 text-dark-emphasis bg-light bg-opacity-5 rounded border-0\">\n                    <div class=\"card-body p-6\">\n                        <img decoding=\"async\" src=\"https:\/\/ch.thelongevitykitchen.com\/wp-content\/uploads\/2023\/07\/ico-holistic-fill.svg\" class=\"mw-90\"\n                            alt=\"Wohlbefinden\">\n                        <h3 class=\"card-title my-6 banner-card-title\">Wohlbefinden<\/h3>\n\n                                            <\/div>\n                <\/div>\n            <\/div>\n\n            \n            <div class=\"col\">\n                <div class=\"card card--obiettivi h-100 text-dark-emphasis bg-light bg-opacity-5 rounded border-0\">\n                    <div class=\"card-body p-6\">\n                        <img decoding=\"async\" src=\"https:\/\/ch.thelongevitykitchen.com\/wp-content\/uploads\/2023\/08\/ico-benesseredonna.svg\" class=\"mw-90\"\n                            alt=\"Awareness\">\n                        <h3 class=\"card-title my-6 banner-card-title\">Awareness<\/h3>\n\n                                            <\/div>\n                <\/div>\n            <\/div>\n\n            \n            <div class=\"col\">\n                <div class=\"card card--obiettivi h-100 text-dark-emphasis bg-light bg-opacity-5 rounded border-0\">\n                    <div class=\"card-body p-6\">\n                        <img decoding=\"async\" src=\"https:\/\/ch.thelongevitykitchen.com\/wp-content\/uploads\/2023\/08\/ico-detox.svg\" class=\"mw-90\"\n                            alt=\"Geschmack\">\n                        <h3 class=\"card-title my-6 banner-card-title\">Geschmack<\/h3>\n\n                                            <\/div>\n                <\/div>\n            <\/div>\n\n            \n            <div class=\"col\">\n                <div class=\"card card--obiettivi h-100 text-dark-emphasis bg-light bg-opacity-5 rounded border-0\">\n                    <div class=\"card-body p-6\">\n                        <img decoding=\"async\" src=\"https:\/\/ch.thelongevitykitchen.com\/wp-content\/uploads\/2023\/07\/ico-comesenti-fill.svg\" class=\"mw-90\"\n                            alt=\"Gesundheit\">\n                        <h3 class=\"card-title my-6 banner-card-title\">Gesundheit<\/h3>\n\n                                            <\/div>\n                <\/div>\n            <\/div>\n\n            \n        <\/div>\n    <\/div>\n\n    \n<\/section>\n<!-- \/Obiettivi --><!-- Big Text -->\n<section id=\"section-bigtext-block_184a419c1f8dfb393e3434776e8b663c\" class=\"section-bigtext py-6 py-lg-10\">\n    <div class=\"container\">\n      <h6 class=\"ls-medium text-uppercase mb-2\">Unsere Vision<\/h6>\n      <h2 class=\"display-5\">Wir sind Mediziner, die nie auf den wichtigsten Wert im Leben verzichtet haben: den Geschmack, gesund zu sein.<\/h2>\n      <div class=\"lead\"><p>Wir haben beschlossen, unser Fachwissen auf dem Gebiet der Langlebigkeit mit unserer Leidenschaft f\u00fcr Ern\u00e4hrung zu kombinieren, um ein einzigartiges und innovatives Projekt zu schaffen, das sich dem pers\u00f6nlichen Wohlbefinden durch fortschrittliche Ern\u00e4hrung widmet.<\/p>\n<\/div>          <\/div>\n<\/section>\n<!-- \/Big Text --><!-- Big Text -->\n<section id=\"section-bigtext-block_ad9d5809199e58371383c84f0a629002\" class=\"section-bigtext py-6 py-lg-10\">\n    <div class=\"container\">\n      <h6 class=\"ls-medium text-uppercase mb-2\">Unser Auftrag<\/h6>\n      <h2 class=\"display-5\">Langlebigkeit und ihre Rezepte.<\/h2>\n      <div class=\"lead\"><p>Wir glauben, dass Innovation in der Welt der Ern\u00e4hrung bedeutet, \u00fcber die blo\u00dfe Befriedigung eines k\u00f6rperlichen Bed\u00fcrfnisses hinauszugehen und einen Lebensstil zu entwickeln, der K\u00f6rper und Seele n\u00e4hrt. Hier enth\u00fcllt die Langlebigkeit ihr Geheimnis durch ausgew\u00e4hlte Zutaten und Rezepte, die sie aufwerten. <\/p>\n<\/div>          <\/div>\n<\/section>\n<!-- \/Big Text --><!-- Big Text -->\n<section id=\"section-bigtext-block_a6498a832d03a423771a3e744967fcdb\" class=\"section-bigtext py-6 py-lg-10\">\n    <div class=\"container\">\n      <h6 class=\"ls-medium text-uppercase mb-2\">Unsere Methode<\/h6>\n      <h2 class=\"display-5\">Wo die Wissenschaft in der K\u00fcche am besten ist.<\/h2>\n      <div class=\"lead\"><p>In Turin haben wir unser wissenschaftliches und gastronomisches Labor eingerichtet: ein einzigartiger Ort, an dem K\u00f6che, Ern\u00e4hrungswissenschaftler und \u00c4rzte zusammenarbeiten, um eine neue Art, \u00fcber Ern\u00e4hrung zu denken und sie zu leben, zu schaffen. Dort bereiten die K\u00f6che Gerichte zu, die f\u00fcr diejenigen gedacht sind, die ein ausgewogenes, geschmacksintensives Leben f\u00fchren und ihr Potenzial voll aussch\u00f6pfen m\u00f6chten. <\/p>\n<\/div>          <\/div>\n<\/section>\n<!-- \/Big Text -->","protected":false},"excerpt":{"rendered":"","protected":false},"author":2509,"featured_media":0,"parent":0,"menu_order":0,"comment_status":"closed","ping_status":"closed","template":"","meta":{"_acf_changed":false,"footnotes":""},"class_list":["post-341889","page","type-page","status-publish","hentry"],"acf":[],"yoast_head":"<!-- This site is optimized with the Yoast SEO plugin v24.8.1 - https:\/\/yoast.com\/wordpress\/plugins\/seo\/ -->\n<title>\u00dcber The Longevity Kitchen - Gesundes Essen zu Hause<\/title>\n<meta name=\"description\" content=\"The Longevity Kitchen ist ein innovatives Format f\u00fcr gesunde Ern\u00e4hrung zu Hause: gesunde und nachhaltige K\u00fcche. Kommen Sie herein und entdecken Sie alle unsere Gerichte.\" \/>\n<meta name=\"robots\" content=\"index, follow, max-snippet:-1, max-image-preview:large, max-video-preview:-1\" \/>\n<link rel=\"canonical\" href=\"https:\/\/ch.thelongevitykitchen.com\/de\/ueber\/\" \/>\n<meta property=\"og:locale\" content=\"de_DE\" \/>\n<meta property=\"og:type\" content=\"article\" \/>\n<meta property=\"og:title\" content=\"\u00dcber The Longevity Kitchen - Gesundes Essen zu Hause\" \/>\n<meta property=\"og:description\" content=\"The Longevity Kitchen ist ein innovatives Format f\u00fcr gesunde Ern\u00e4hrung zu Hause: gesunde und nachhaltige K\u00fcche. Kommen Sie herein und entdecken Sie alle unsere Gerichte.\" \/>\n<meta property=\"og:url\" content=\"https:\/\/ch.thelongevitykitchen.com\/de\/ueber\/\" \/>\n<meta property=\"og:site_name\" content=\"The Longevity Kitchen - CH\" \/>\n<meta property=\"article:modified_time\" content=\"2025-04-03T13:10:43+00:00\" \/>\n<meta name=\"twitter:card\" content=\"summary_large_image\" \/>\n<script type=\"application\/ld+json\" class=\"yoast-schema-graph\">{\"@context\":\"https:\/\/schema.org\",\"@graph\":[{\"@type\":\"WebPage\",\"@id\":\"https:\/\/ch.thelongevitykitchen.com\/de\/ueber\/\",\"url\":\"https:\/\/ch.thelongevitykitchen.com\/de\/ueber\/\",\"name\":\"\u00dcber The Longevity Kitchen - Gesundes Essen zu Hause\",\"isPartOf\":{\"@id\":\"https:\/\/ch.thelongevitykitchen.com\/de\/#website\"},\"datePublished\":\"2023-06-21T11:41:42+00:00\",\"dateModified\":\"2025-04-03T13:10:43+00:00\",\"description\":\"The Longevity Kitchen ist ein innovatives Format f\u00fcr gesunde Ern\u00e4hrung zu Hause: gesunde und nachhaltige K\u00fcche. Kommen Sie herein und entdecken Sie alle unsere Gerichte.\",\"breadcrumb\":{\"@id\":\"https:\/\/ch.thelongevitykitchen.com\/de\/ueber\/#breadcrumb\"},\"inLanguage\":\"de\",\"potentialAction\":[{\"@type\":\"ReadAction\",\"target\":[\"https:\/\/ch.thelongevitykitchen.com\/de\/ueber\/\"]}]},{\"@type\":\"BreadcrumbList\",\"@id\":\"https:\/\/ch.thelongevitykitchen.com\/de\/ueber\/#breadcrumb\",\"itemListElement\":[{\"@type\":\"ListItem\",\"position\":1,\"name\":\"Home\",\"item\":\"https:\/\/studiomate.thelongevitykitchen.com\/de\/\"},{\"@type\":\"ListItem\",\"position\":2,\"name\":\"\u00dcber\"}]},{\"@type\":\"WebSite\",\"@id\":\"https:\/\/ch.thelongevitykitchen.com\/de\/#website\",\"url\":\"https:\/\/ch.thelongevitykitchen.com\/de\/\",\"name\":\"The Longevity Kitchen - CH\",\"description\":\"Feeding Good\",\"potentialAction\":[{\"@type\":\"SearchAction\",\"target\":{\"@type\":\"EntryPoint\",\"urlTemplate\":\"https:\/\/ch.thelongevitykitchen.com\/de\/?s={search_term_string}\"},\"query-input\":{\"@type\":\"PropertyValueSpecification\",\"valueRequired\":true,\"valueName\":\"search_term_string\"}}],\"inLanguage\":\"de\"}]}<\/script>\n<!-- \/ Yoast SEO plugin. -->","yoast_head_json":{"title":"\u00dcber The Longevity Kitchen - Gesundes Essen zu Hause","description":"The Longevity Kitchen ist ein innovatives Format f\u00fcr gesunde Ern\u00e4hrung zu Hause: gesunde und nachhaltige K\u00fcche. Kommen Sie herein und entdecken Sie alle unsere Gerichte.","robots":{"index":"index","follow":"follow","max-snippet":"max-snippet:-1","max-image-preview":"max-image-preview:large","max-video-preview":"max-video-preview:-1"},"canonical":"https:\/\/ch.thelongevitykitchen.com\/de\/ueber\/","og_locale":"de_DE","og_type":"article","og_title":"\u00dcber The Longevity Kitchen - Gesundes Essen zu Hause","og_description":"The Longevity Kitchen ist ein innovatives Format f\u00fcr gesunde Ern\u00e4hrung zu Hause: gesunde und nachhaltige K\u00fcche. Kommen Sie herein und entdecken Sie alle unsere Gerichte.","og_url":"https:\/\/ch.thelongevitykitchen.com\/de\/ueber\/","og_site_name":"The Longevity Kitchen - CH","article_modified_time":"2025-04-03T13:10:43+00:00","twitter_card":"summary_large_image","schema":{"@context":"https:\/\/schema.org","@graph":[{"@type":"WebPage","@id":"https:\/\/ch.thelongevitykitchen.com\/de\/ueber\/","url":"https:\/\/ch.thelongevitykitchen.com\/de\/ueber\/","name":"\u00dcber The Longevity Kitchen - Gesundes Essen zu Hause","isPartOf":{"@id":"https:\/\/ch.thelongevitykitchen.com\/de\/#website"},"datePublished":"2023-06-21T11:41:42+00:00","dateModified":"2025-04-03T13:10:43+00:00","description":"The Longevity Kitchen ist ein innovatives Format f\u00fcr gesunde Ern\u00e4hrung zu Hause: gesunde und nachhaltige K\u00fcche. Kommen Sie herein und entdecken Sie alle unsere Gerichte.","breadcrumb":{"@id":"https:\/\/ch.thelongevitykitchen.com\/de\/ueber\/#breadcrumb"},"inLanguage":"de","potentialAction":[{"@type":"ReadAction","target":["https:\/\/ch.thelongevitykitchen.com\/de\/ueber\/"]}]},{"@type":"BreadcrumbList","@id":"https:\/\/ch.thelongevitykitchen.com\/de\/ueber\/#breadcrumb","itemListElement":[{"@type":"ListItem","position":1,"name":"Home","item":"https:\/\/studiomate.thelongevitykitchen.com\/de\/"},{"@type":"ListItem","position":2,"name":"\u00dcber"}]},{"@type":"WebSite","@id":"https:\/\/ch.thelongevitykitchen.com\/de\/#website","url":"https:\/\/ch.thelongevitykitchen.com\/de\/","name":"The Longevity Kitchen - CH","description":"Feeding Good","potentialAction":[{"@type":"SearchAction","target":{"@type":"EntryPoint","urlTemplate":"https:\/\/ch.thelongevitykitchen.com\/de\/?s={search_term_string}"},"query-input":{"@type":"PropertyValueSpecification","valueRequired":true,"valueName":"search_term_string"}}],"inLanguage":"de"}]}},"_links":{"self":[{"href":"https:\/\/ch.thelongevitykitchen.com\/de\/wp-json\/wp\/v2\/pages\/341889","targetHints":{"allow":["GET"]}}],"collection":[{"href":"https:\/\/ch.thelongevitykitchen.com\/de\/wp-json\/wp\/v2\/pages"}],"about":[{"href":"https:\/\/ch.thelongevitykitchen.com\/de\/wp-json\/wp\/v2\/types\/page"}],"author":[{"embeddable":true,"href":"https:\/\/ch.thelongevitykitchen.com\/de\/wp-json\/wp\/v2\/users\/2509"}],"replies":[{"embeddable":true,"href":"https:\/\/ch.thelongevitykitchen.com\/de\/wp-json\/wp\/v2\/comments?post=341889"}],"version-history":[{"count":0,"href":"https:\/\/ch.thelongevitykitchen.com\/de\/wp-json\/wp\/v2\/pages\/341889\/revisions"}],"wp:attachment":[{"href":"https:\/\/ch.thelongevitykitchen.com\/de\/wp-json\/wp\/v2\/media?parent=341889"}],"curies":[{"name":"wp","href":"https:\/\/api.w.org\/{rel}","templated":true}]}}